{"id":55217,"date":"2025-12-28T03:28:21","date_gmt":"2025-12-28T03:28:21","guid":{"rendered":"https:\/\/modesthanim.com\/product\/cicek-desenli-yirtmacli-tunik-mavi\/"},"modified":"2026-03-26T05:12:20","modified_gmt":"2026-03-26T05:12:20","slug":"cicek-desenli-yirtmacli-tunik-mavi","status":"publish","type":"product","link":"https:\/\/mod.wisdar.net\/tr\/urun\/cicek-desenli-yirtmacli-tunik-mavi\/","title":{"rendered":"\u00c7i\u00e7ek Desenli Y\u0131rtma\u00e7l\u0131 Tunik \u2013 Mavi"},"content":{"rendered":"<p>Romantik \u00e7i\u00e7ek desenleriyle hareket kazanan bu tunik, yan y\u0131rtma\u00e7 detaylar\u0131yla hem \u015f\u0131kl\u0131\u011f\u0131 hem de rahatl\u0131\u011f\u0131 bir arada sunar.<\/p>\n<p>Kuma\u015f \u0130\u00e7eri\u011fi: %85 Viskon, %15 Naylon<br \/>\nDesen: \u00c7i\u00e7ek Desen<br \/>\nYaka Tipi: Hakim Yaka<br \/>\nKol Tipi: Uzun Kol<br \/>\nCep: Cepsiz<br \/>\nAstar: Astars\u0131z<br \/>\n\u00dcr\u00fcn Boyu: 85 cm<br \/>\nKal\u0131p Tipi: Normal Kal\u0131p<br \/>\nMankenin Giydi\u011fi Beden: 38<br \/>\nManken \u00d6l\u00e7\u00fcleri:Boy: 174 cm G\u00f6\u011f\u00fcs: 81 cmBel: 61 cmBasen: 92 cm<\/p>\n<p>\u2014 Technical Details \u2014<br \/>\nDesen: \u00c7i\u00e7ek Desen<br \/>\nYaka Tipi: Hakim Yaka<br \/>\nKol Tipi: Uzun Kol<br \/>\nCep: Cepsiz<br \/>\nAstar: Astars\u0131z<br \/>\n\u00dcr\u00fcn Boyu: 85 cm<br \/>\nKal\u0131p Tipi: Normal Kal\u0131p<br \/>\nMankenin Giydi\u011fi Beden: 38<br \/>\nManken \u00d6l\u00e7\u00fcleri: Boy: 174 cm, G\u00f6\u011f\u00fcs: 81 cm, Bel: 61 cm, Basen: 92 cm<br \/>\nBeden \u00d6l\u00e7\u00fcleri (cm): {&#8217;38&#8217;: {&#8216;Omuz&#8217;: 40, &#8216;G\u00f6\u011f\u00fcs&#8217;: 101, &#8216;Bel&#8217;: 99, &#8216;Basen&#8217;: 110, &#8216;Boy&#8217;: 85, &#8216;Kol Boyu&#8217;: 61}, &#8217;40&#8217;: {&#8216;Omuz&#8217;: 41, &#8216;G\u00f6\u011f\u00fcs&#8217;: 105, &#8216;Bel&#8217;: 103, &#8216;Basen&#8217;: 114, &#8216;Boy&#8217;: 85.5, &#8216;Kol Boyu&#8217;: 61.5}, &#8217;42&#8217;: {&#8216;Omuz&#8217;: 42, &#8216;G\u00f6\u011f\u00fcs&#8217;: 109, &#8216;Bel&#8217;: 107, &#8216;Basen&#8217;: 118, &#8216;Boy&#8217;: 86, &#8216;Kol Boyu&#8217;: 62}, &#8217;44&#8217;: {&#8216;Omuz&#8217;: 43, &#8216;G\u00f6\u011f\u00fcs&#8217;: 113, &#8216;Bel&#8217;: 111, &#8216;Basen&#8217;: 122, &#8216;Boy&#8217;: 86.5, &#8216;Kol Boyu&#8217;: 62.5}, &#8217;46&#8217;: {&#8216;Omuz&#8217;: 44, &#8216;G\u00f6\u011f\u00fcs&#8217;: 119, &#8216;Bel&#8217;: 117, &#8216;Basen&#8217;: 128, &#8216;Boy&#8217;: 87, &#8216;Kol Boyu&#8217;: 63}, &#8217;48&#8217;: {&#8216;Omuz&#8217;: 45, &#8216;G\u00f6\u011f\u00fcs&#8217;: 123, &#8216;Bel&#8217;: 121, &#8216;Basen&#8217;: 132, &#8216;Boy&#8217;: 87.5, &#8216;Kol Boyu&#8217;: 63.5}}<\/p>\n","protected":false},"excerpt":{"rendered":"<p>Romantik \u00e7i\u00e7ek desenleriyle hareket kazanan bu tunik, yan y\u0131rtma\u00e7 detaylar\u0131yla hem \u015f\u0131kl\u0131\u011f\u0131 hem de rahatl\u0131\u011f\u0131 bir arada sunar. Kuma\u015f \u0130\u00e7eri\u011fi: %85 Viskon, %15 Naylon Desen: \u00c7i\u00e7ek Desen Yaka Tipi: Hakim Yaka Kol Tipi: Uzun Kol Cep: Cepsiz Astar: Astars\u0131z \u00dcr\u00fcn Boyu: 85 cm Kal\u0131p Tipi: Normal Kal\u0131p Mankenin Giydi\u011fi Beden: 38 Manken \u00d6l\u00e7\u00fcleri:Boy: 174 cm [&hellip;]<\/p>\n","protected":false},"featured_media":55212,"comment_status":"open","ping_status":"closed","template":"","meta":[],"product_brand":[],"product_cat":[2050],"product_tag":[7508,6759],"class_list":{"0":"post-55217","1":"product","2":"type-product","3":"status-publish","4":"has-post-thumbnail","6":"product_cat-blazer-ceketler","7":"product_tag-cicekli","8":"product_tag-konfor","9":"pa_color-mavi","10":"pa_size-4706","11":"pa_size-4711","12":"pa_size-4713","13":"pa_size-4751","14":"pa_size-4749","15":"pa_size-4747","17":"first","18":"instock","19":"sale","20":"shipping-taxable","21":"purchasable","22":"product-type-variable"},"_links":{"self":[{"href":"https:\/\/mod.wisdar.net\/tr\/wp-json\/wp\/v2\/product\/55217","targetHints":{"allow":["GET"]}}],"collection":[{"href":"https:\/\/mod.wisdar.net\/tr\/wp-json\/wp\/v2\/product"}],"about":[{"href":"https:\/\/mod.wisdar.net\/tr\/wp-json\/wp\/v2\/types\/product"}],"replies":[{"embeddable":true,"href":"https:\/\/mod.wisdar.net\/tr\/wp-json\/wp\/v2\/comments?post=55217"}],"wp:featuredmedia":[{"embeddable":true,"href":"https:\/\/mod.wisdar.net\/tr\/wp-json\/wp\/v2\/media\/55212"}],"wp:attachment":[{"href":"https:\/\/mod.wisdar.net\/tr\/wp-json\/wp\/v2\/media?parent=55217"}],"wp:term":[{"taxonomy":"product_brand","embeddable":true,"href":"https:\/\/mod.wisdar.net\/tr\/wp-json\/wp\/v2\/product_brand?post=55217"},{"taxonomy":"product_cat","embeddable":true,"href":"https:\/\/mod.wisdar.net\/tr\/wp-json\/wp\/v2\/product_cat?post=55217"},{"taxonomy":"product_tag","embeddable":true,"href":"https:\/\/mod.wisdar.net\/tr\/wp-json\/wp\/v2\/product_tag?post=55217"}],"curies":[{"name":"wp","href":"https:\/\/api.w.org\/{rel}","templated":true}]}}