{"id":55288,"date":"2025-12-28T03:34:27","date_gmt":"2025-12-28T03:34:27","guid":{"rendered":"https:\/\/modesthanim.com\/product\/kabarik-detayli-mercan-tunik-cicek-desenli\/"},"modified":"2026-04-02T21:32:12","modified_gmt":"2026-04-02T21:32:12","slug":"kabarik-detayli-mercan-tunik-cicek-desenli","status":"publish","type":"product","link":"https:\/\/mod.wisdar.net\/tr\/urun\/kabarik-detayli-mercan-tunik-cicek-desenli\/","title":{"rendered":"Kabar\u0131k Detayl\u0131 Mercan Tunik \u2013 \u00c7i\u00e7ek Desenli"},"content":{"rendered":"<p>Rahat kesim, \u015f\u0131k desen ve sportif dokunu\u015f bir arada&#8230; \u00c7i\u00e7ek desenlerinin romantik havas\u0131, kabar\u0131k detaylarla modern bir g\u00f6r\u00fcn\u00fcm kazan\u0131yor.<\/p>\n<p>Kuma\u015f \u0130\u00e7eri\u011fi: %60 Viskon, %40 Polyester<br \/>\nDesen: \u00c7i\u00e7ekli<br \/>\nYaka Tipi: Bisiklet Yaka<br \/>\nKol Tipi: Raglan Kol<br \/>\nCepli: Evet<br \/>\nAstar: Astars\u0131z<br \/>\n\u00dcr\u00fcn Uzunlu\u011fu: 100 cm<br \/>\nKal\u0131p: Rahat Kesim<br \/>\nModelin Bedeni: 38<br \/>\nModel \u00d6l\u00e7\u00fcleri: Boy: 176 cm, G\u00f6\u011f\u00fcs: 80 cm, Bel: 61 cm, Kal\u00e7a: 87 cm<\/p>\n<p>\u2014 Teknik Detaylar \u2014<br \/>\nDesen: \u00c7i\u00e7ekli<br \/>\nYaka Tipi: Bisiklet Yaka<br \/>\nKol Tipi: Raglan Kol<br \/>\nCepli: Evet<br \/>\nAstar: Astars\u0131z<br \/>\n\u00dcr\u00fcn Uzunlu\u011fu: 100 cm<br \/>\nKal\u0131p: Rahat Kesim<br \/>\nModelin Bedeni: 38<br \/>\nModel \u00d6l\u00e7\u00fcleri: Boy: 176 cm, G\u00f6\u011f\u00fcs: 80 cm, Bel: 61 cm, Kal\u00e7a: 87 cm<\/p>\n","protected":false},"excerpt":{"rendered":"<p>Rahat kesim, \u015f\u0131k desen ve sportif dokunu\u015f bir arada&#8230; \u00c7i\u00e7ek desenlerinin romantik havas\u0131, kabar\u0131k detaylarla modern bir g\u00f6r\u00fcn\u00fcm kazan\u0131yor. Kuma\u015f \u0130\u00e7eri\u011fi: %60 Viskon, %40 Polyester Desen: \u00c7i\u00e7ekli Yaka Tipi: Bisiklet Yaka Kol Tipi: Raglan Kol Cepli: Evet Astar: Astars\u0131z \u00dcr\u00fcn Uzunlu\u011fu: 100 cm Kal\u0131p: Rahat Kesim Modelin Bedeni: 38 Model \u00d6l\u00e7\u00fcleri: Boy: 176 cm, G\u00f6\u011f\u00fcs: [&hellip;]<\/p>\n","protected":false},"featured_media":55282,"comment_status":"open","ping_status":"closed","template":"","meta":[],"product_brand":[],"product_cat":[2050],"product_tag":[7508,7643,7419,5013],"class_list":{"0":"post-55288","1":"product","2":"type-product","3":"status-publish","4":"has-post-thumbnail","6":"product_cat-blazer-ceketler","7":"product_tag-cicekli","8":"product_tag-fitilli","9":"product_tag-gunluk","10":"product_tag-modern","11":"pa_brand-tugba","12":"pa_color-mercan","13":"pa_size-4706","14":"pa_size-4711","15":"pa_size-4713","16":"pa_size-4751","17":"pa_size-4749","18":"pa_size-4747","20":"first","21":"instock","22":"sale","23":"shipping-taxable","24":"purchasable","25":"product-type-variable"},"_links":{"self":[{"href":"https:\/\/mod.wisdar.net\/tr\/wp-json\/wp\/v2\/product\/55288","targetHints":{"allow":["GET"]}}],"collection":[{"href":"https:\/\/mod.wisdar.net\/tr\/wp-json\/wp\/v2\/product"}],"about":[{"href":"https:\/\/mod.wisdar.net\/tr\/wp-json\/wp\/v2\/types\/product"}],"replies":[{"embeddable":true,"href":"https:\/\/mod.wisdar.net\/tr\/wp-json\/wp\/v2\/comments?post=55288"}],"wp:featuredmedia":[{"embeddable":true,"href":"https:\/\/mod.wisdar.net\/tr\/wp-json\/wp\/v2\/media\/55282"}],"wp:attachment":[{"href":"https:\/\/mod.wisdar.net\/tr\/wp-json\/wp\/v2\/media?parent=55288"}],"wp:term":[{"taxonomy":"product_brand","embeddable":true,"href":"https:\/\/mod.wisdar.net\/tr\/wp-json\/wp\/v2\/product_brand?post=55288"},{"taxonomy":"product_cat","embeddable":true,"href":"https:\/\/mod.wisdar.net\/tr\/wp-json\/wp\/v2\/product_cat?post=55288"},{"taxonomy":"product_tag","embeddable":true,"href":"https:\/\/mod.wisdar.net\/tr\/wp-json\/wp\/v2\/product_tag?post=55288"}],"curies":[{"name":"wp","href":"https:\/\/api.w.org\/{rel}","templated":true}]}}