{"id":55376,"date":"2025-12-28T03:39:47","date_gmt":"2025-12-28T03:39:47","guid":{"rendered":"https:\/\/modesthanim.com\/product\/volanli-somon-renkli-cicek-desenli-tunik\/"},"modified":"2026-04-02T21:01:11","modified_gmt":"2026-04-02T21:01:11","slug":"volanli-somon-renkli-cicek-desenli-tunik","status":"publish","type":"product","link":"https:\/\/mod.wisdar.net\/tr\/urun\/volanli-somon-renkli-cicek-desenli-tunik\/","title":{"rendered":"Volanl\u0131 Somon Renkli \u00c7i\u00e7ek Desenli Tunik"},"content":{"rendered":"<p>Modern \u00e7izgilerle tasarlanm\u0131\u015f bu desen yap\u0131s\u0131, g\u00fcnl\u00fck kullan\u0131mdan \u00f6zel g\u00fcnlerinize kadar kolayca uyum sa\u011flar.<\/p>\n<p>Kuma\u015f \u0130\u00e7eri\u011fi: %70 Lyocell, %30 Naylon<br \/>\nDesen: \u00c7i\u00e7ekli<br \/>\nYaka Tipi: G\u00f6mlek Yakas\u0131<br \/>\nKol Tipi: Tak\u0131l\u0131 Kol<br \/>\nCep: Cepsiz<br \/>\nAstar: Astars\u0131z<br \/>\n\u00dcr\u00fcn Uzunlu\u011fu: 110 cm<br \/>\nKal\u0131p: Rahat Kal\u0131p<br \/>\nModelin Giydi\u011fi Beden: 38<br \/>\nModel \u00d6l\u00e7\u00fcleri: Boy: 175 cm, G\u00f6\u011f\u00fcs: 80 cm, Bel: 62 cm, Kal\u00e7a: 89 cm<\/p>\n<p>\u2014 Teknik Detaylar \u2014<br \/>\nDesen: \u00c7i\u00e7ekli<br \/>\nYaka Tipi: G\u00f6mlek Yakas\u0131<br \/>\nKol Tipi: Tak\u0131l\u0131 Kol<br \/>\nCep: Cepsiz<br \/>\nAstar: Astars\u0131z<br \/>\n\u00dcr\u00fcn Uzunlu\u011fu: 110 cm<br \/>\nKal\u0131p: Rahat Kal\u0131p<br \/>\nModelin Giydi\u011fi Beden: 38<br \/>\nModel \u00d6l\u00e7\u00fcleri: Boy: 175 cm, G\u00f6\u011f\u00fcs: 80 cm, Bel: 62 cm, Kal\u00e7a: 89 cm<\/p>\n","protected":false},"excerpt":{"rendered":"<p>Modern \u00e7izgilerle tasarlanm\u0131\u015f bu desen yap\u0131s\u0131, g\u00fcnl\u00fck kullan\u0131mdan \u00f6zel g\u00fcnlerinize kadar kolayca uyum sa\u011flar. Kuma\u015f \u0130\u00e7eri\u011fi: %70 Lyocell, %30 Naylon Desen: \u00c7i\u00e7ekli Yaka Tipi: G\u00f6mlek Yakas\u0131 Kol Tipi: Tak\u0131l\u0131 Kol Cep: Cepsiz Astar: Astars\u0131z \u00dcr\u00fcn Uzunlu\u011fu: 110 cm Kal\u0131p: Rahat Kal\u0131p Modelin Giydi\u011fi Beden: 38 Model \u00d6l\u00e7\u00fcleri: Boy: 175 cm, G\u00f6\u011f\u00fcs: 80 cm, Bel: 62 [&hellip;]<\/p>\n","protected":false},"featured_media":55370,"comment_status":"open","ping_status":"closed","template":"","meta":[],"product_brand":[],"product_cat":[2050],"product_tag":[7508,5013],"class_list":{"0":"post-55376","1":"product","2":"type-product","3":"status-publish","4":"has-post-thumbnail","6":"product_cat-blazer-ceketler","7":"product_tag-cicekli","8":"product_tag-modern","9":"pa_brand-tugba","10":"pa_color-somon","11":"pa_size-4706","12":"pa_size-4711","13":"pa_size-4713","14":"pa_size-4751","15":"pa_size-4749","16":"pa_size-4747","18":"first","19":"instock","20":"sale","21":"shipping-taxable","22":"purchasable","23":"product-type-variable"},"_links":{"self":[{"href":"https:\/\/mod.wisdar.net\/tr\/wp-json\/wp\/v2\/product\/55376","targetHints":{"allow":["GET"]}}],"collection":[{"href":"https:\/\/mod.wisdar.net\/tr\/wp-json\/wp\/v2\/product"}],"about":[{"href":"https:\/\/mod.wisdar.net\/tr\/wp-json\/wp\/v2\/types\/product"}],"replies":[{"embeddable":true,"href":"https:\/\/mod.wisdar.net\/tr\/wp-json\/wp\/v2\/comments?post=55376"}],"wp:featuredmedia":[{"embeddable":true,"href":"https:\/\/mod.wisdar.net\/tr\/wp-json\/wp\/v2\/media\/55370"}],"wp:attachment":[{"href":"https:\/\/mod.wisdar.net\/tr\/wp-json\/wp\/v2\/media?parent=55376"}],"wp:term":[{"taxonomy":"product_brand","embeddable":true,"href":"https:\/\/mod.wisdar.net\/tr\/wp-json\/wp\/v2\/product_brand?post=55376"},{"taxonomy":"product_cat","embeddable":true,"href":"https:\/\/mod.wisdar.net\/tr\/wp-json\/wp\/v2\/product_cat?post=55376"},{"taxonomy":"product_tag","embeddable":true,"href":"https:\/\/mod.wisdar.net\/tr\/wp-json\/wp\/v2\/product_tag?post=55376"}],"curies":[{"name":"wp","href":"https:\/\/api.w.org\/{rel}","templated":true}]}}