{"id":55497,"date":"2025-12-28T03:47:21","date_gmt":"2025-12-28T03:47:21","guid":{"rendered":"https:\/\/modesthanim.com\/product\/mavi-cicek-desenli-ceket\/"},"modified":"2026-04-02T21:56:10","modified_gmt":"2026-04-02T21:56:10","slug":"mavi-cicek-desenli-ceket","status":"publish","type":"product","link":"https:\/\/mod.wisdar.net\/tr\/urun\/mavi-cicek-desenli-ceket\/","title":{"rendered":"Mavi \u00c7i\u00e7ek Desenli Ceket"},"content":{"rendered":"<p>Zarif \u00e7i\u00e7ek desenleriyle canland\u0131r\u0131lan bu ceket, basit k\u0131yafetlerinizi \u015f\u0131k ve canl\u0131 g\u00f6r\u00fcn\u00fcmlere d\u00f6n\u00fc\u015ft\u00fcr\u00fcr.<\/p>\n<p>\u2014 Teknik Detaylar \u2014<br \/>\nDesen: \u00c7i\u00e7ekli<br \/>\nYaka Tipi: Blazer Yaka<br \/>\nKol Tipi: Uzun Kol<br \/>\nCep: D\u00fcnya Cebi<br \/>\nAstar: Astars\u0131z<br \/>\n\u00dcr\u00fcn Uzunlu\u011fu: 88 cm<br \/>\nKal\u0131p: Normal Kal\u0131p<br \/>\nModelin Giydi\u011fi Beden: 38<br \/>\nModel \u00d6l\u00e7\u00fcleri: {&#8216;Boy&#8217;: &#8216;174 cm&#8217;, &#8216;G\u00f6\u011f\u00fcs&#8217;: &#8217;81 cm&#8217;, &#8216;Bel&#8217;: &#8217;61 cm&#8217;, &#8216;Kal\u00e7a&#8217;: &#8217;92 cm&#8217;}<br \/>\nBeden \u00d6l\u00e7\u00fcleri (cm): {&#8217;38&#8217;: {&#8216;Omuz&#8217;: 39, &#8216;G\u00f6\u011f\u00fcs&#8217;: 104, &#8216;Bel&#8217;: 108, &#8216;Kal\u00e7a&#8217;: 118, &#8216;Uzunluk&#8217;: 90, &#8216;Kol Uzunlu\u011fu&#8217;: 61}, &#8217;40&#8217;: {&#8216;Omuz&#8217;: 40, &#8216;G\u00f6\u011f\u00fcs&#8217;: 108, &#8216;Bel&#8217;: 112, &#8216;Kal\u00e7a&#8217;: 122, &#8216;Uzunluk&#8217;: 90.5, &#8216;Kol Uzunlu\u011fu&#8217;: 61.5}, &#8217;42&#8217;: {&#8216;Omuz&#8217;: 41, &#8216;G\u00f6\u011f\u00fcs&#8217;: 112, &#8216;Bel&#8217;: 116, &#8216;Kal\u00e7a&#8217;: 126, &#8216;Uzunluk&#8217;: 91, &#8216;Kol Uzunlu\u011fu&#8217;: 62}, &#8217;44&#8217;: {&#8216;Omuz&#8217;: 42, &#8216;G\u00f6\u011f\u00fcs&#8217;: 116, &#8216;Bel&#8217;: 120, &#8216;Kal\u00e7a&#8217;: 130, &#8216;Uzunluk&#8217;: 91.5, &#8216;Kol Uzunlu\u011fu&#8217;: 62.5}}<\/p>\n","protected":false},"excerpt":{"rendered":"<p>Zarif \u00e7i\u00e7ek desenleriyle canland\u0131r\u0131lan bu ceket, basit k\u0131yafetlerinizi \u015f\u0131k ve canl\u0131 g\u00f6r\u00fcn\u00fcmlere d\u00f6n\u00fc\u015ft\u00fcr\u00fcr. \u2014 Teknik Detaylar \u2014 Desen: \u00c7i\u00e7ekli Yaka Tipi: Blazer Yaka Kol Tipi: Uzun Kol Cep: D\u00fcnya Cebi Astar: Astars\u0131z \u00dcr\u00fcn Uzunlu\u011fu: 88 cm Kal\u0131p: Normal Kal\u0131p Modelin Giydi\u011fi Beden: 38 Model \u00d6l\u00e7\u00fcleri: {&#8216;Boy&#8217;: &#8216;174 cm&#8217;, &#8216;G\u00f6\u011f\u00fcs&#8217;: &#8217;81 cm&#8217;, &#8216;Bel&#8217;: &#8217;61 cm&#8217;, &#8216;Kal\u00e7a&#8217;: [&hellip;]<\/p>\n","protected":false},"featured_media":55491,"comment_status":"open","ping_status":"closed","template":"","meta":[],"product_brand":[],"product_cat":[2044],"product_tag":[7508],"class_list":{"0":"post-55497","1":"product","2":"type-product","3":"status-publish","4":"has-post-thumbnail","6":"product_cat-ceketler","7":"product_tag-cicekli","8":"pa_brand-tugba","9":"pa_color-mavi","10":"pa_size-4706","11":"pa_size-4711","12":"pa_size-4713","13":"pa_size-4751","15":"first","16":"instock","17":"sale","18":"shipping-taxable","19":"purchasable","20":"product-type-variable"},"_links":{"self":[{"href":"https:\/\/mod.wisdar.net\/tr\/wp-json\/wp\/v2\/product\/55497","targetHints":{"allow":["GET"]}}],"collection":[{"href":"https:\/\/mod.wisdar.net\/tr\/wp-json\/wp\/v2\/product"}],"about":[{"href":"https:\/\/mod.wisdar.net\/tr\/wp-json\/wp\/v2\/types\/product"}],"replies":[{"embeddable":true,"href":"https:\/\/mod.wisdar.net\/tr\/wp-json\/wp\/v2\/comments?post=55497"}],"wp:featuredmedia":[{"embeddable":true,"href":"https:\/\/mod.wisdar.net\/tr\/wp-json\/wp\/v2\/media\/55491"}],"wp:attachment":[{"href":"https:\/\/mod.wisdar.net\/tr\/wp-json\/wp\/v2\/media?parent=55497"}],"wp:term":[{"taxonomy":"product_brand","embeddable":true,"href":"https:\/\/mod.wisdar.net\/tr\/wp-json\/wp\/v2\/product_brand?post=55497"},{"taxonomy":"product_cat","embeddable":true,"href":"https:\/\/mod.wisdar.net\/tr\/wp-json\/wp\/v2\/product_cat?post=55497"},{"taxonomy":"product_tag","embeddable":true,"href":"https:\/\/mod.wisdar.net\/tr\/wp-json\/wp\/v2\/product_tag?post=55497"}],"curies":[{"name":"wp","href":"https:\/\/api.w.org\/{rel}","templated":true}]}}