{"id":55543,"date":"2025-12-28T03:50:33","date_gmt":"2025-12-28T03:50:33","guid":{"rendered":"https:\/\/modesthanim.com\/product\/cepli-uzun-ceket-ekru\/"},"modified":"2026-04-10T14:51:21","modified_gmt":"2026-04-10T14:51:21","slug":"cepli-uzun-ceket-ekru","status":"publish","type":"product","link":"https:\/\/mod.wisdar.net\/tr\/urun\/cepli-uzun-ceket-ekru\/","title":{"rendered":"Cepli Uzun Ceket \u2013 Ekru"},"content":{"rendered":"<p>Zamans\u0131z tasar\u0131m, fonksiyonel detaylarla bulu\u015fuyor. Cepli Uzun Ceket, basit \u00e7izgileri ve geni\u015f \u00f6n cepleri ile her tarza uygun \u015f\u0131k ve pratik bir g\u00f6r\u00fcn\u00fcm sunar.<\/p>\n<p>\u2014 Teknik Detaylar \u2014<br \/>\nDesen: D\u00fcz<br \/>\nYaka Tipi: G\u00f6mlek Yakas\u0131<br \/>\nKol Tipi: D\u00fc\u015f\u00fck Kol<br \/>\nCep: Yama Cep<br \/>\nAstar: Astars\u0131z<br \/>\n\u00dcr\u00fcn Uzunlu\u011fu: 95 cm<br \/>\nKal\u0131p: Rahat Kal\u0131p<br \/>\nModelin Giydi\u011fi Beden: 36<br \/>\nModel \u00d6l\u00e7\u00fcleri: {&#8216;Boy&#8217;: &#8216;176 cm&#8217;, &#8216;G\u00f6\u011f\u00fcs&#8217;: &#8217;80 cm&#8217;, &#8216;Bel&#8217;: &#8217;60 cm&#8217;, &#8216;Kal\u00e7a&#8217;: &#8217;90 cm&#8217;}<\/p>\n","protected":false},"excerpt":{"rendered":"<p>Zamans\u0131z tasar\u0131m, fonksiyonel detaylarla bulu\u015fuyor. Cepli Uzun Ceket, basit \u00e7izgileri ve geni\u015f \u00f6n cepleri ile her tarza uygun \u015f\u0131k ve pratik bir g\u00f6r\u00fcn\u00fcm sunar. \u2014 Teknik Detaylar \u2014 Desen: D\u00fcz Yaka Tipi: G\u00f6mlek Yakas\u0131 Kol Tipi: D\u00fc\u015f\u00fck Kol Cep: Yama Cep Astar: Astars\u0131z \u00dcr\u00fcn Uzunlu\u011fu: 95 cm Kal\u0131p: Rahat Kal\u0131p Modelin Giydi\u011fi Beden: 36 Model [&hellip;]<\/p>\n","protected":false},"featured_media":55536,"comment_status":"open","ping_status":"closed","template":"","meta":[],"product_brand":[],"product_cat":[2044],"product_tag":[8048,6757],"class_list":{"0":"post-55543","1":"product","2":"type-product","3":"status-publish","4":"has-post-thumbnail","6":"product_cat-ceketler","7":"product_tag-cep-detayi","8":"product_tag-ekru","9":"pa_brand-tugba","10":"pa_color-ekru","11":"pa_size-4701","12":"pa_size-4706","13":"pa_size-4711","14":"pa_size-4713","15":"pa_size-4751","16":"pa_size-4749","18":"first","19":"instock","20":"sale","21":"shipping-taxable","22":"purchasable","23":"product-type-variable"},"_links":{"self":[{"href":"https:\/\/mod.wisdar.net\/tr\/wp-json\/wp\/v2\/product\/55543","targetHints":{"allow":["GET"]}}],"collection":[{"href":"https:\/\/mod.wisdar.net\/tr\/wp-json\/wp\/v2\/product"}],"about":[{"href":"https:\/\/mod.wisdar.net\/tr\/wp-json\/wp\/v2\/types\/product"}],"replies":[{"embeddable":true,"href":"https:\/\/mod.wisdar.net\/tr\/wp-json\/wp\/v2\/comments?post=55543"}],"wp:featuredmedia":[{"embeddable":true,"href":"https:\/\/mod.wisdar.net\/tr\/wp-json\/wp\/v2\/media\/55536"}],"wp:attachment":[{"href":"https:\/\/mod.wisdar.net\/tr\/wp-json\/wp\/v2\/media?parent=55543"}],"wp:term":[{"taxonomy":"product_brand","embeddable":true,"href":"https:\/\/mod.wisdar.net\/tr\/wp-json\/wp\/v2\/product_brand?post=55543"},{"taxonomy":"product_cat","embeddable":true,"href":"https:\/\/mod.wisdar.net\/tr\/wp-json\/wp\/v2\/product_cat?post=55543"},{"taxonomy":"product_tag","embeddable":true,"href":"https:\/\/mod.wisdar.net\/tr\/wp-json\/wp\/v2\/product_tag?post=55543"}],"curies":[{"name":"wp","href":"https:\/\/api.w.org\/{rel}","templated":true}]}}