{"id":55634,"date":"2025-12-28T03:55:01","date_gmt":"2025-12-28T03:55:01","guid":{"rendered":"https:\/\/modesthanim.com\/product\/japon-dugme-detayli-isiltili-kot-ceket-indigo\/"},"modified":"2026-04-02T20:20:57","modified_gmt":"2026-04-02T20:20:57","slug":"japon-dugme-detayli-isiltili-kot-ceket-indigo","status":"publish","type":"product","link":"https:\/\/mod.wisdar.net\/tr\/urun\/japon-dugme-detayli-isiltili-kot-ceket-indigo\/","title":{"rendered":"Japon D\u00fc\u011fme Detayl\u0131 I\u015f\u0131lt\u0131l\u0131 Kot Ceket \u2013 \u0130ndigo"},"content":{"rendered":"<p>Bu kot ceket, \u0131\u015f\u0131lt\u0131l\u0131 dokusu ve \u00f6zel Japon d\u00fc\u011fme detaylar\u0131 ile klasik formu modern bir par\u0131lt\u0131 ile birle\u015ftirir. G\u00fcnl\u00fck k\u0131yafetlere sofistike bir dokunu\u015f katar.<\/p>\n<p>Kuma\u015f \u0130\u00e7eri\u011fi: %80 Pamuk, %15 Polyester, %5 I\u015f\u0131lt\u0131<br \/>\nDesen: D\u00fcz<br \/>\nYaka Tipi: Yaka Yok<br \/>\nKol Tipi: Uzun Kol<br \/>\nCep: Yama Cep<br \/>\nAstar: Astars\u0131z<br \/>\n\u00dcr\u00fcn Uzunlu\u011fu: 75 cm<br \/>\nKal\u0131p: Rahat Kal\u0131p<br \/>\nModelin Giydi\u011fi Beden: 38<br \/>\nModel \u00d6l\u00e7\u00fcleri: Boy: 176 cm, G\u00f6\u011f\u00fcs: 86 cm, Bel: 61 cm, Kal\u00e7a: 90 cm<\/p>\n<p>\u2014 Teknik Detaylar \u2014<br \/>\nDesen: D\u00fcz<br \/>\nYaka Tipi: Yaka Yok<br \/>\nKol Tipi: Uzun Kol<br \/>\nCep: Yama Cep<br \/>\nAstar: Astars\u0131z<br \/>\n\u00dcr\u00fcn Uzunlu\u011fu: 75 cm<br \/>\nKal\u0131p: Rahat Kal\u0131p<br \/>\nModelin Giydi\u011fi Beden: 38<br \/>\nModel \u00d6l\u00e7\u00fcleri: Boy: 176 cm, G\u00f6\u011f\u00fcs: 86 cm, Bel: 61 cm, Kal\u00e7a: 90 cm<\/p>\n","protected":false},"excerpt":{"rendered":"<p>Bu kot ceket, \u0131\u015f\u0131lt\u0131l\u0131 dokusu ve \u00f6zel Japon d\u00fc\u011fme detaylar\u0131 ile klasik formu modern bir par\u0131lt\u0131 ile birle\u015ftirir. G\u00fcnl\u00fck k\u0131yafetlere sofistike bir dokunu\u015f katar. Kuma\u015f \u0130\u00e7eri\u011fi: %80 Pamuk, %15 Polyester, %5 I\u015f\u0131lt\u0131 Desen: D\u00fcz Yaka Tipi: Yaka Yok Kol Tipi: Uzun Kol Cep: Yama Cep Astar: Astars\u0131z \u00dcr\u00fcn Uzunlu\u011fu: 75 cm Kal\u0131p: Rahat Kal\u0131p Modelin [&hellip;]<\/p>\n","protected":false},"featured_media":55628,"comment_status":"open","ping_status":"closed","template":"","meta":[],"product_brand":[],"product_cat":[2044],"product_tag":[7844,5013],"class_list":{"0":"post-55634","1":"product","2":"type-product","3":"status-publish","4":"has-post-thumbnail","6":"product_cat-ceketler","7":"product_tag-denim","8":"product_tag-modern","9":"pa_brand-tugba","10":"pa_color-indigo","11":"pa_size-4701","12":"pa_size-4706","13":"pa_size-4711","14":"pa_size-4713","15":"pa_size-4751","17":"first","18":"instock","19":"sale","20":"shipping-taxable","21":"purchasable","22":"product-type-variable"},"_links":{"self":[{"href":"https:\/\/mod.wisdar.net\/tr\/wp-json\/wp\/v2\/product\/55634","targetHints":{"allow":["GET"]}}],"collection":[{"href":"https:\/\/mod.wisdar.net\/tr\/wp-json\/wp\/v2\/product"}],"about":[{"href":"https:\/\/mod.wisdar.net\/tr\/wp-json\/wp\/v2\/types\/product"}],"replies":[{"embeddable":true,"href":"https:\/\/mod.wisdar.net\/tr\/wp-json\/wp\/v2\/comments?post=55634"}],"wp:featuredmedia":[{"embeddable":true,"href":"https:\/\/mod.wisdar.net\/tr\/wp-json\/wp\/v2\/media\/55628"}],"wp:attachment":[{"href":"https:\/\/mod.wisdar.net\/tr\/wp-json\/wp\/v2\/media?parent=55634"}],"wp:term":[{"taxonomy":"product_brand","embeddable":true,"href":"https:\/\/mod.wisdar.net\/tr\/wp-json\/wp\/v2\/product_brand?post=55634"},{"taxonomy":"product_cat","embeddable":true,"href":"https:\/\/mod.wisdar.net\/tr\/wp-json\/wp\/v2\/product_cat?post=55634"},{"taxonomy":"product_tag","embeddable":true,"href":"https:\/\/mod.wisdar.net\/tr\/wp-json\/wp\/v2\/product_tag?post=55634"}],"curies":[{"name":"wp","href":"https:\/\/api.w.org\/{rel}","templated":true}]}}