{"id":55744,"date":"2025-12-28T04:01:05","date_gmt":"2025-12-28T04:01:05","guid":{"rendered":"https:\/\/modesthanim.com\/product\/kemerli-cep-ceketi-mercan\/"},"modified":"2026-01-15T08:24:45","modified_gmt":"2026-01-15T08:24:45","slug":"kemerli-cep-ceketi-mercan","status":"publish","type":"product","link":"https:\/\/mod.wisdar.net\/tr\/urun\/kemerli-cep-ceketi-mercan\/","title":{"rendered":"Kemerli Cep Ceketi \u2013 Mercan"},"content":{"rendered":"<p>Bu ceket, beldeki kemer detay\u0131 ile v\u00fccut \u015feklini zarif bir \u015fekilde vurgular ve cepleri ile hem stil hem de i\u015flevsellik sunar. Modern kesimi, g\u00fcnl\u00fck ve ofis stillerine kolayca uyum sa\u011flar. Her mevsim kullan\u0131labilen zamans\u0131z bir par\u00e7ad\u0131r.<\/p>\n<p>\u2014 Teknik Detaylar \u2014<br \/>\nDesen: D\u00fcz<br \/>\nYaka Tipi: Blazer Yaka<br \/>\nKol Tipi: Uzun Kol<br \/>\nCep: Yama Cep<br \/>\nAstar: Astars\u0131z<br \/>\n\u00dcr\u00fcn Uzunlu\u011fu: 70 cm<br \/>\nKal\u0131p: Normal Kal\u0131p<br \/>\nModelin Giydi\u011fi Beden: 38<br \/>\nModel \u00d6l\u00e7\u00fcleri: {&#8216;Boy&#8217;: &#8216;175 cm&#8217;, &#8216;G\u00f6\u011f\u00fcs&#8217;: &#8217;80 cm&#8217;, &#8216;Bel&#8217;: &#8217;62 cm&#8217;, &#8216;Kal\u00e7a&#8217;: &#8217;90 cm&#8217;}<\/p>\n","protected":false},"excerpt":{"rendered":"<p>Bu ceket, beldeki kemer detay\u0131 ile v\u00fccut \u015feklini zarif bir \u015fekilde vurgular ve cepleri ile hem stil hem de i\u015flevsellik sunar. Modern kesimi, g\u00fcnl\u00fck ve ofis stillerine kolayca uyum sa\u011flar. Her mevsim kullan\u0131labilen zamans\u0131z bir par\u00e7ad\u0131r. \u2014 Teknik Detaylar \u2014 Desen: D\u00fcz Yaka Tipi: Blazer Yaka Kol Tipi: Uzun Kol Cep: Yama Cep Astar: Astars\u0131z [&hellip;]<\/p>\n","protected":false},"featured_media":55737,"comment_status":"open","ping_status":"closed","template":"","meta":[],"product_brand":[],"product_cat":[2044],"product_tag":[7943,7668,4999],"class_list":{"0":"post-55744","1":"product","2":"type-product","3":"status-publish","4":"has-post-thumbnail","6":"product_cat-ceketler","7":"product_tag-blazer","8":"product_tag-kemerli","9":"product_tag-outerwear","10":"pa_color-mercan","11":"pa_size-4706","12":"pa_size-4711","13":"pa_size-4713","14":"pa_size-4751","16":"first","17":"instock","18":"sale","19":"shipping-taxable","20":"purchasable","21":"product-type-variable"},"_links":{"self":[{"href":"https:\/\/mod.wisdar.net\/tr\/wp-json\/wp\/v2\/product\/55744","targetHints":{"allow":["GET"]}}],"collection":[{"href":"https:\/\/mod.wisdar.net\/tr\/wp-json\/wp\/v2\/product"}],"about":[{"href":"https:\/\/mod.wisdar.net\/tr\/wp-json\/wp\/v2\/types\/product"}],"replies":[{"embeddable":true,"href":"https:\/\/mod.wisdar.net\/tr\/wp-json\/wp\/v2\/comments?post=55744"}],"wp:featuredmedia":[{"embeddable":true,"href":"https:\/\/mod.wisdar.net\/tr\/wp-json\/wp\/v2\/media\/55737"}],"wp:attachment":[{"href":"https:\/\/mod.wisdar.net\/tr\/wp-json\/wp\/v2\/media?parent=55744"}],"wp:term":[{"taxonomy":"product_brand","embeddable":true,"href":"https:\/\/mod.wisdar.net\/tr\/wp-json\/wp\/v2\/product_brand?post=55744"},{"taxonomy":"product_cat","embeddable":true,"href":"https:\/\/mod.wisdar.net\/tr\/wp-json\/wp\/v2\/product_cat?post=55744"},{"taxonomy":"product_tag","embeddable":true,"href":"https:\/\/mod.wisdar.net\/tr\/wp-json\/wp\/v2\/product_tag?post=55744"}],"curies":[{"name":"wp","href":"https:\/\/api.w.org\/{rel}","templated":true}]}}