{"id":55819,"date":"2025-12-28T04:04:47","date_gmt":"2025-12-28T04:04:47","guid":{"rendered":"https:\/\/modesthanim.com\/product\/percin-detayli-kemerli-ceket-kirmizi\/"},"modified":"2026-03-25T19:42:11","modified_gmt":"2026-03-25T19:42:11","slug":"percin-detayli-kemerli-ceket-kirmizi","status":"publish","type":"product","link":"https:\/\/mod.wisdar.net\/tr\/urun\/percin-detayli-kemerli-ceket-kirmizi\/","title":{"rendered":"Per\u00e7in Detayl\u0131 Kemerli Ceket \u2013 K\u0131rm\u0131z\u0131"},"content":{"rendered":"<p>Per\u00e7in detaylar\u0131 ile zenginle\u015ftirilmi\u015f bu kemerli ceket, g\u00fc\u00e7l\u00fc ve \u015f\u0131k bir duru\u015f sunar. Beldeki kemer detay\u0131 v\u00fccut hatlar\u0131n\u0131 zarif bir \u015fekilde vurgular. Hem \u015fehir \u015f\u0131kl\u0131\u011f\u0131na hem de ofis stiline kolayca uyum sa\u011flar.<\/p>\n<p>\u2014 Teknik Detaylar \u2014<br \/>\nDesen: D\u00fcz<br \/>\nYaka Tipi: Blazer Yaka<br \/>\nKol Tipi: Uzun Kol<br \/>\nCep: Yama Cep<br \/>\nAstar: Astars\u0131z<br \/>\n\u00dcr\u00fcn Uzunlu\u011fu: 80 cm<br \/>\nKal\u0131p: Normal Kal\u0131p<br \/>\nModelin Giydi\u011fi Beden: 36<br \/>\nModel \u00d6l\u00e7\u00fcleri: {&#8216;Boy&#8217;: &#8216;175 cm&#8217;, &#8216;G\u00f6\u011f\u00fcs&#8217;: &#8217;80 cm&#8217;, &#8216;Bel&#8217;: &#8217;62 cm&#8217;, &#8216;Kal\u00e7a&#8217;: &#8217;90 cm&#8217;}<\/p>\n","protected":false},"excerpt":{"rendered":"<p>Per\u00e7in detaylar\u0131 ile zenginle\u015ftirilmi\u015f bu kemerli ceket, g\u00fc\u00e7l\u00fc ve \u015f\u0131k bir duru\u015f sunar. Beldeki kemer detay\u0131 v\u00fccut hatlar\u0131n\u0131 zarif bir \u015fekilde vurgular. Hem \u015fehir \u015f\u0131kl\u0131\u011f\u0131na hem de ofis stiline kolayca uyum sa\u011flar. \u2014 Teknik Detaylar \u2014 Desen: D\u00fcz Yaka Tipi: Blazer Yaka Kol Tipi: Uzun Kol Cep: Yama Cep Astar: Astars\u0131z \u00dcr\u00fcn Uzunlu\u011fu: 80 cm [&hellip;]<\/p>\n","protected":false},"featured_media":55814,"comment_status":"open","ping_status":"closed","template":"","meta":[],"product_brand":[],"product_cat":[2050],"product_tag":[7668],"class_list":{"0":"post-55819","1":"product","2":"type-product","3":"status-publish","4":"has-post-thumbnail","6":"product_cat-blazer-ceketler","7":"product_tag-kemerli","8":"pa_color-kirmizi","9":"pa_size-4701","10":"pa_size-4706","11":"pa_size-4711","12":"pa_size-4713","13":"pa_size-4751","15":"first","16":"instock","17":"sale","18":"shipping-taxable","19":"purchasable","20":"product-type-variable"},"_links":{"self":[{"href":"https:\/\/mod.wisdar.net\/tr\/wp-json\/wp\/v2\/product\/55819","targetHints":{"allow":["GET"]}}],"collection":[{"href":"https:\/\/mod.wisdar.net\/tr\/wp-json\/wp\/v2\/product"}],"about":[{"href":"https:\/\/mod.wisdar.net\/tr\/wp-json\/wp\/v2\/types\/product"}],"replies":[{"embeddable":true,"href":"https:\/\/mod.wisdar.net\/tr\/wp-json\/wp\/v2\/comments?post=55819"}],"wp:featuredmedia":[{"embeddable":true,"href":"https:\/\/mod.wisdar.net\/tr\/wp-json\/wp\/v2\/media\/55814"}],"wp:attachment":[{"href":"https:\/\/mod.wisdar.net\/tr\/wp-json\/wp\/v2\/media?parent=55819"}],"wp:term":[{"taxonomy":"product_brand","embeddable":true,"href":"https:\/\/mod.wisdar.net\/tr\/wp-json\/wp\/v2\/product_brand?post=55819"},{"taxonomy":"product_cat","embeddable":true,"href":"https:\/\/mod.wisdar.net\/tr\/wp-json\/wp\/v2\/product_cat?post=55819"},{"taxonomy":"product_tag","embeddable":true,"href":"https:\/\/mod.wisdar.net\/tr\/wp-json\/wp\/v2\/product_tag?post=55819"}],"curies":[{"name":"wp","href":"https:\/\/api.w.org\/{rel}","templated":true}]}}