{"id":55897,"date":"2025-12-28T04:07:48","date_gmt":"2025-12-28T04:07:48","guid":{"rendered":"https:\/\/modesthanim.com\/product\/yuvarlak-yaka-dugmeli-orgu-kardigan-kirmizi\/"},"modified":"2026-04-02T20:44:09","modified_gmt":"2026-04-02T20:44:09","slug":"yuvarlak-yaka-dugmeli-orgu-kardigan-kirmizi","status":"publish","type":"product","link":"https:\/\/mod.wisdar.net\/tr\/urun\/yuvarlak-yaka-dugmeli-orgu-kardigan-kirmizi\/","title":{"rendered":"Yuvarlak Yaka D\u00fc\u011fmeli \u00d6rg\u00fc Kardigan K\u0131rm\u0131z\u0131"},"content":{"rendered":"<p>Basit tasar\u0131m\u0131 ve \u015f\u0131k detaylar\u0131 ile bu K\u0131rm\u0131z\u0131 Yuvarlak Yaka D\u00fc\u011fmeli \u00d6rg\u00fc Kardigan, g\u00fcnl\u00fck gard\u0131robunuz i\u00e7in \u015f\u0131k bir tamamlay\u0131c\u0131d\u0131r. Yumu\u015fak \u00f6rg\u00fc kuma\u015f\u0131, g\u00fcn boyu konfor sunarken, yuvarlak yaka klasik ve zamans\u0131z bir g\u00f6r\u00fcn\u00fcm yarat\u0131r. \u00d6n d\u00fc\u011fme kapatma, a\u00e7\u0131k veya kapal\u0131 olarak \u00e7e\u015fitli giyim se\u00e7enekleri sunar. Ge\u00e7i\u015f mevsimleri veya katmanl\u0131 k\u0131yafetler i\u00e7in m\u00fckemmel olan bu par\u00e7a, gard\u0131robunuzda olmazsa olmazd\u0131r.<\/p>\n<p>\u2014 Teknik Detaylar \u2014<br \/>\n\u00dcr\u00fcn Tipi: \u00d6rg\u00fc kardigan<br \/>\nYaka: Yuvarlak yaka<br \/>\nKapatma: D\u00fc\u011fme kapatma<br \/>\nKol ve Etek: Kaburga \u00f6rg\u00fc man\u015fet ve etek<\/p>\n","protected":false},"excerpt":{"rendered":"<p>Basit tasar\u0131m\u0131 ve \u015f\u0131k detaylar\u0131 ile bu K\u0131rm\u0131z\u0131 Yuvarlak Yaka D\u00fc\u011fmeli \u00d6rg\u00fc Kardigan, g\u00fcnl\u00fck gard\u0131robunuz i\u00e7in \u015f\u0131k bir tamamlay\u0131c\u0131d\u0131r. Yumu\u015fak \u00f6rg\u00fc kuma\u015f\u0131, g\u00fcn boyu konfor sunarken, yuvarlak yaka klasik ve zamans\u0131z bir g\u00f6r\u00fcn\u00fcm yarat\u0131r. \u00d6n d\u00fc\u011fme kapatma, a\u00e7\u0131k veya kapal\u0131 olarak \u00e7e\u015fitli giyim se\u00e7enekleri sunar. Ge\u00e7i\u015f mevsimleri veya katmanl\u0131 k\u0131yafetler i\u00e7in m\u00fckemmel olan bu par\u00e7a, [&hellip;]<\/p>\n","protected":false},"featured_media":55891,"comment_status":"open","ping_status":"closed","template":"","meta":[],"product_brand":[],"product_cat":[1909],"product_tag":[6936,7308,8107],"class_list":{"0":"post-55897","1":"product","2":"type-product","3":"status-publish","4":"has-post-thumbnail","6":"product_cat-bluzlar-ve-gomlekler","7":"product_tag-cok-yonlu","8":"product_tag-hirka","9":"product_tag-sik","10":"pa_brand-kadriye-basturk","11":"pa_color-kirmizi","12":"pa_size-4701","13":"pa_size-4706","14":"pa_size-4711","15":"pa_size-4713","17":"first","18":"outofstock","19":"shipping-taxable","20":"product-type-variable"},"_links":{"self":[{"href":"https:\/\/mod.wisdar.net\/tr\/wp-json\/wp\/v2\/product\/55897","targetHints":{"allow":["GET"]}}],"collection":[{"href":"https:\/\/mod.wisdar.net\/tr\/wp-json\/wp\/v2\/product"}],"about":[{"href":"https:\/\/mod.wisdar.net\/tr\/wp-json\/wp\/v2\/types\/product"}],"replies":[{"embeddable":true,"href":"https:\/\/mod.wisdar.net\/tr\/wp-json\/wp\/v2\/comments?post=55897"}],"wp:featuredmedia":[{"embeddable":true,"href":"https:\/\/mod.wisdar.net\/tr\/wp-json\/wp\/v2\/media\/55891"}],"wp:attachment":[{"href":"https:\/\/mod.wisdar.net\/tr\/wp-json\/wp\/v2\/media?parent=55897"}],"wp:term":[{"taxonomy":"product_brand","embeddable":true,"href":"https:\/\/mod.wisdar.net\/tr\/wp-json\/wp\/v2\/product_brand?post=55897"},{"taxonomy":"product_cat","embeddable":true,"href":"https:\/\/mod.wisdar.net\/tr\/wp-json\/wp\/v2\/product_cat?post=55897"},{"taxonomy":"product_tag","embeddable":true,"href":"https:\/\/mod.wisdar.net\/tr\/wp-json\/wp\/v2\/product_tag?post=55897"}],"curies":[{"name":"wp","href":"https:\/\/api.w.org\/{rel}","templated":true}]}}