{"id":55934,"date":"2025-12-28T04:09:12","date_gmt":"2025-12-28T04:09:12","guid":{"rendered":"https:\/\/modesthanim.com\/product\/ruzgar-kapagi-detayli-lacivert-kot-ceket\/"},"modified":"2026-03-25T19:39:04","modified_gmt":"2026-03-25T19:39:04","slug":"ruzgar-kapagi-detayli-lacivert-kot-ceket","status":"publish","type":"product","link":"https:\/\/mod.wisdar.net\/tr\/urun\/ruzgar-kapagi-detayli-lacivert-kot-ceket\/","title":{"rendered":"R\u00fczgar Kapa\u011f\u0131 Detayl\u0131 Lacivert Kot Ceket"},"content":{"rendered":"<p>Bu ceket, g\u00f6mlek yaka, metal d\u00fc\u011fmeler, r\u00fczgar kapa\u011f\u0131 detay\u0131, yumu\u015fak kot kuma\u015f ve yama cepleri \u00f6zelliklerine sahiptir.<\/p>\n<p>Beden 1 (36-38) Uzunluk: 67 cm, Kol Uzunlu\u011fu: 57 cm, G\u00f6\u011f\u00fcs: 62 cm, Bel: 63 cm, Omuz Geni\u015fli\u011fi: 47 cm<br \/>\nBeden 2 (40-42) Uzunluk: 69 cm, Kol Uzunlu\u011fu: 59 cm, G\u00f6\u011f\u00fcs: 65 cm, Bel: 65 cm, Omuz Geni\u015fli\u011fi: 49 cm<\/p>\n","protected":false},"excerpt":{"rendered":"<p>Bu ceket, g\u00f6mlek yaka, metal d\u00fc\u011fmeler, r\u00fczgar kapa\u011f\u0131 detay\u0131, yumu\u015fak kot kuma\u015f ve yama cepleri \u00f6zelliklerine sahiptir. Beden 1 (36-38) Uzunluk: 67 cm, Kol Uzunlu\u011fu: 57 cm, G\u00f6\u011f\u00fcs: 62 cm, Bel: 63 cm, Omuz Geni\u015fli\u011fi: 47 cm Beden 2 (40-42) Uzunluk: 69 cm, Kol Uzunlu\u011fu: 59 cm, G\u00f6\u011f\u00fcs: 65 cm, Bel: 65 cm, Omuz Geni\u015fli\u011fi: [&hellip;]<\/p>\n","protected":false},"featured_media":55926,"comment_status":"open","ping_status":"closed","template":"","meta":[],"product_brand":[],"product_cat":[2044],"product_tag":[7844,7238,8107],"class_list":{"0":"post-55934","1":"product","2":"type-product","3":"status-publish","4":"has-post-thumbnail","6":"product_cat-ceketler","7":"product_tag-denim","8":"product_tag-lacivert","9":"product_tag-sik","10":"pa_brand-fahhar","11":"pa_color-lacivert","12":"pa_size-1-36-38","13":"pa_size-2-40-42","15":"first","16":"outofstock","17":"shipping-taxable","18":"product-type-variable"},"_links":{"self":[{"href":"https:\/\/mod.wisdar.net\/tr\/wp-json\/wp\/v2\/product\/55934","targetHints":{"allow":["GET"]}}],"collection":[{"href":"https:\/\/mod.wisdar.net\/tr\/wp-json\/wp\/v2\/product"}],"about":[{"href":"https:\/\/mod.wisdar.net\/tr\/wp-json\/wp\/v2\/types\/product"}],"replies":[{"embeddable":true,"href":"https:\/\/mod.wisdar.net\/tr\/wp-json\/wp\/v2\/comments?post=55934"}],"wp:featuredmedia":[{"embeddable":true,"href":"https:\/\/mod.wisdar.net\/tr\/wp-json\/wp\/v2\/media\/55926"}],"wp:attachment":[{"href":"https:\/\/mod.wisdar.net\/tr\/wp-json\/wp\/v2\/media?parent=55934"}],"wp:term":[{"taxonomy":"product_brand","embeddable":true,"href":"https:\/\/mod.wisdar.net\/tr\/wp-json\/wp\/v2\/product_brand?post=55934"},{"taxonomy":"product_cat","embeddable":true,"href":"https:\/\/mod.wisdar.net\/tr\/wp-json\/wp\/v2\/product_cat?post=55934"},{"taxonomy":"product_tag","embeddable":true,"href":"https:\/\/mod.wisdar.net\/tr\/wp-json\/wp\/v2\/product_tag?post=55934"}],"curies":[{"name":"wp","href":"https:\/\/api.w.org\/{rel}","templated":true}]}}