{"id":55980,"date":"2025-12-28T04:10:37","date_gmt":"2025-12-28T04:10:37","guid":{"rendered":"https:\/\/modesthanim.com\/product\/siyah-renkte-pilili-detay-ceket\/"},"modified":"2026-04-10T15:13:42","modified_gmt":"2026-04-10T15:13:42","slug":"siyah-renkte-pilili-detay-ceket","status":"publish","type":"product","link":"https:\/\/mod.wisdar.net\/tr\/urun\/siyah-renkte-pilili-detay-ceket\/","title":{"rendered":"Siyah Renkte Pilili Detay Ceket"},"content":{"rendered":"<p>\u0130nce poliviskon kuma\u015ftan \u00fcretilmi\u015f bu ceket, yaka yakal\u0131, tek d\u00fc\u011fmeli \u00f6n k\u0131s\u0131m ve pilili detaylarla v\u00fccuda oturan bir yap\u0131ya sahiptir.<\/p>\n<p>36 Beden Uzunluk: 48 cm, Kol Uzunlu\u011fu: 60 cm, Bel: 48 cm, Kal\u00e7a: 47 cm.<br \/>\n38 Beden Uzunluk: 49 cm, Kol Uzunlu\u011fu: 61 cm, Bel: 50 cm, Kal\u00e7a: 48 cm.<br \/>\n40 Beden Uzunluk: 50 cm, Kol Uzunlu\u011fu: 62 cm, Bel: 52 cm, Kal\u00e7a: 50 cm.<\/p>\n","protected":false},"excerpt":{"rendered":"<p>\u0130nce poliviskon kuma\u015ftan \u00fcretilmi\u015f bu ceket, yaka yakal\u0131, tek d\u00fc\u011fmeli \u00f6n k\u0131s\u0131m ve pilili detaylarla v\u00fccuda oturan bir yap\u0131ya sahiptir. 36 Beden Uzunluk: 48 cm, Kol Uzunlu\u011fu: 60 cm, Bel: 48 cm, Kal\u00e7a: 47 cm. 38 Beden Uzunluk: 49 cm, Kol Uzunlu\u011fu: 61 cm, Bel: 50 cm, Kal\u00e7a: 48 cm. 40 Beden Uzunluk: 50 cm, [&hellip;]<\/p>\n","protected":false},"featured_media":55973,"comment_status":"open","ping_status":"closed","template":"","meta":[],"product_brand":[],"product_cat":[2044],"product_tag":[6747,7074],"class_list":{"0":"post-55980","1":"product","2":"type-product","3":"status-publish","4":"has-post-thumbnail","6":"product_cat-ceketler","7":"product_tag-pile-detayli","8":"product_tag-siyah","9":"pa_brand-fahhar","10":"pa_color-siyah","11":"pa_size-4701","12":"pa_size-4706","13":"pa_size-4711","15":"first","16":"instock","17":"sale","18":"shipping-taxable","19":"purchasable","20":"product-type-variable"},"_links":{"self":[{"href":"https:\/\/mod.wisdar.net\/tr\/wp-json\/wp\/v2\/product\/55980","targetHints":{"allow":["GET"]}}],"collection":[{"href":"https:\/\/mod.wisdar.net\/tr\/wp-json\/wp\/v2\/product"}],"about":[{"href":"https:\/\/mod.wisdar.net\/tr\/wp-json\/wp\/v2\/types\/product"}],"replies":[{"embeddable":true,"href":"https:\/\/mod.wisdar.net\/tr\/wp-json\/wp\/v2\/comments?post=55980"}],"wp:featuredmedia":[{"embeddable":true,"href":"https:\/\/mod.wisdar.net\/tr\/wp-json\/wp\/v2\/media\/55973"}],"wp:attachment":[{"href":"https:\/\/mod.wisdar.net\/tr\/wp-json\/wp\/v2\/media?parent=55980"}],"wp:term":[{"taxonomy":"product_brand","embeddable":true,"href":"https:\/\/mod.wisdar.net\/tr\/wp-json\/wp\/v2\/product_brand?post=55980"},{"taxonomy":"product_cat","embeddable":true,"href":"https:\/\/mod.wisdar.net\/tr\/wp-json\/wp\/v2\/product_cat?post=55980"},{"taxonomy":"product_tag","embeddable":true,"href":"https:\/\/mod.wisdar.net\/tr\/wp-json\/wp\/v2\/product_tag?post=55980"}],"curies":[{"name":"wp","href":"https:\/\/api.w.org\/{rel}","templated":true}]}}