{"id":56005,"date":"2025-12-28T04:11:55","date_gmt":"2025-12-28T04:11:55","guid":{"rendered":"https:\/\/modesthanim.com\/product\/lacivert-kot-ceket\/"},"modified":"2026-04-10T15:12:48","modified_gmt":"2026-04-10T15:12:48","slug":"lacivert-kot-ceket","status":"publish","type":"product","link":"https:\/\/mod.wisdar.net\/tr\/urun\/lacivert-kot-ceket\/","title":{"rendered":"Lacivert Kot Ceket"},"content":{"rendered":"<p>Beden 1 (36-38): Uzunluk: 72 cm, Kol uzunlu\u011fu: 56 cm, G\u00f6\u011f\u00fcs: 61 cm, Bel: 63 cm, Omuz geni\u015fli\u011fi: 46 cm.<\/p>\n<p>Beden 2 (40-42): Uzunluk: 74 cm, Kol uzunlu\u011fu: 58 cm, G\u00f6\u011f\u00fcs: 63 cm, Bel: 65 cm, Omuz geni\u015fli\u011fi: 48 cm.<\/p>\n","protected":false},"excerpt":{"rendered":"<p>Beden 1 (36-38): Uzunluk: 72 cm, Kol uzunlu\u011fu: 56 cm, G\u00f6\u011f\u00fcs: 61 cm, Bel: 63 cm, Omuz geni\u015fli\u011fi: 46 cm. Beden 2 (40-42): Uzunluk: 74 cm, Kol uzunlu\u011fu: 58 cm, G\u00f6\u011f\u00fcs: 63 cm, Bel: 65 cm, Omuz geni\u015fli\u011fi: 48 cm.<\/p>\n","protected":false},"featured_media":55997,"comment_status":"open","ping_status":"closed","template":"","meta":[],"product_brand":[],"product_cat":[2044],"product_tag":[7844,7238],"class_list":{"0":"post-56005","1":"product","2":"type-product","3":"status-publish","4":"has-post-thumbnail","6":"product_cat-ceketler","7":"product_tag-denim","8":"product_tag-lacivert","9":"pa_brand-fahhar","10":"pa_color-lacivert","11":"pa_size-1-36-38","12":"pa_size-2-40-42","14":"first","15":"instock","16":"sale","17":"shipping-taxable","18":"purchasable","19":"product-type-variable"},"_links":{"self":[{"href":"https:\/\/mod.wisdar.net\/tr\/wp-json\/wp\/v2\/product\/56005","targetHints":{"allow":["GET"]}}],"collection":[{"href":"https:\/\/mod.wisdar.net\/tr\/wp-json\/wp\/v2\/product"}],"about":[{"href":"https:\/\/mod.wisdar.net\/tr\/wp-json\/wp\/v2\/types\/product"}],"replies":[{"embeddable":true,"href":"https:\/\/mod.wisdar.net\/tr\/wp-json\/wp\/v2\/comments?post=56005"}],"wp:featuredmedia":[{"embeddable":true,"href":"https:\/\/mod.wisdar.net\/tr\/wp-json\/wp\/v2\/media\/55997"}],"wp:attachment":[{"href":"https:\/\/mod.wisdar.net\/tr\/wp-json\/wp\/v2\/media?parent=56005"}],"wp:term":[{"taxonomy":"product_brand","embeddable":true,"href":"https:\/\/mod.wisdar.net\/tr\/wp-json\/wp\/v2\/product_brand?post=56005"},{"taxonomy":"product_cat","embeddable":true,"href":"https:\/\/mod.wisdar.net\/tr\/wp-json\/wp\/v2\/product_cat?post=56005"},{"taxonomy":"product_tag","embeddable":true,"href":"https:\/\/mod.wisdar.net\/tr\/wp-json\/wp\/v2\/product_tag?post=56005"}],"curies":[{"name":"wp","href":"https:\/\/api.w.org\/{rel}","templated":true}]}}