{"id":56023,"date":"2025-11-01T20:24:52","date_gmt":"2025-11-01T20:24:52","guid":{"rendered":"https:\/\/modesthanim.com\/product\/epaulet-ceket-tas-rengi\/"},"modified":"2026-04-03T15:34:26","modified_gmt":"2026-04-03T15:34:26","slug":"epaulet-ceket-tas-rengi","status":"publish","type":"product","link":"https:\/\/mod.wisdar.net\/tr\/urun\/epaulet-ceket-tas-rengi\/","title":{"rendered":"Epaulet Ceket \u2013 Ta\u015f Rengi"},"content":{"rendered":"<p>D\u00fcz formu ve hafif kuma\u015f\u0131, mevsim ge\u00e7i\u015flerinde kullan\u0131m\u0131 rahat k\u0131lar. G\u00fcnl\u00fck stilinize zarafet katman\u0131n yan\u0131 s\u0131ra kozmopolit ve kendinden emin bir g\u00f6r\u00fcn\u00fcm de sunar.<\/p>\n<p>\u2014 Teknik Detaylar \u2014<br \/>\nDesen: D\u00fcz<br \/>\nYaka Tipi: Scoop Yaka<br \/>\nKol Tipi: D\u00fc\u015f\u00fck Kol<br \/>\nCep: D\u00fcnya Cebi<br \/>\nAstar: Astars\u0131z<br \/>\n\u00dcr\u00fcn Uzunlu\u011fu: 121 cm<br \/>\nKal\u0131p: Rahat Kal\u0131p<br \/>\nModelin Giydi\u011fi Beden: 36<br \/>\nModel \u00d6l\u00e7\u00fcleri: {&#8216;Boy&#8217;: &#8216;174 cm&#8217;, &#8216;G\u00f6\u011f\u00fcs&#8217;: &#8217;81 cm&#8217;, &#8216;Bel&#8217;: &#8217;61 cm&#8217;, &#8216;Kal\u00e7a&#8217;: &#8217;92 cm&#8217;}<\/p>\n","protected":false},"excerpt":{"rendered":"<p>D\u00fcz formu ve hafif kuma\u015f\u0131, mevsim ge\u00e7i\u015flerinde kullan\u0131m\u0131 rahat k\u0131lar. G\u00fcnl\u00fck stilinize zarafet katman\u0131n yan\u0131 s\u0131ra kozmopolit ve kendinden emin bir g\u00f6r\u00fcn\u00fcm de sunar. \u2014 Teknik Detaylar \u2014 Desen: D\u00fcz Yaka Tipi: Scoop Yaka Kol Tipi: D\u00fc\u015f\u00fck Kol Cep: D\u00fcnya Cebi Astar: Astars\u0131z \u00dcr\u00fcn Uzunlu\u011fu: 121 cm Kal\u0131p: Rahat Kal\u0131p Modelin Giydi\u011fi Beden: 36 Model [&hellip;]<\/p>\n","protected":false},"featured_media":56019,"comment_status":"open","ping_status":"closed","template":"","meta":[],"product_brand":[],"product_cat":[2047],"product_tag":[5010,6766],"class_list":{"0":"post-56023","1":"product","2":"type-product","3":"status-publish","4":"has-post-thumbnail","6":"product_cat-paltolar","7":"product_tag-coat","8":"product_tag-hafif","9":"pa_brand-tugba","10":"pa_color-tas","11":"pa_size-4701","12":"pa_size-4706","13":"pa_size-4711","14":"pa_size-4713","15":"pa_size-4751","16":"pa_size-4749","18":"first","19":"instock","20":"sale","21":"shipping-taxable","22":"purchasable","23":"product-type-variable"},"_links":{"self":[{"href":"https:\/\/mod.wisdar.net\/tr\/wp-json\/wp\/v2\/product\/56023","targetHints":{"allow":["GET"]}}],"collection":[{"href":"https:\/\/mod.wisdar.net\/tr\/wp-json\/wp\/v2\/product"}],"about":[{"href":"https:\/\/mod.wisdar.net\/tr\/wp-json\/wp\/v2\/types\/product"}],"replies":[{"embeddable":true,"href":"https:\/\/mod.wisdar.net\/tr\/wp-json\/wp\/v2\/comments?post=56023"}],"wp:featuredmedia":[{"embeddable":true,"href":"https:\/\/mod.wisdar.net\/tr\/wp-json\/wp\/v2\/media\/56019"}],"wp:attachment":[{"href":"https:\/\/mod.wisdar.net\/tr\/wp-json\/wp\/v2\/media?parent=56023"}],"wp:term":[{"taxonomy":"product_brand","embeddable":true,"href":"https:\/\/mod.wisdar.net\/tr\/wp-json\/wp\/v2\/product_brand?post=56023"},{"taxonomy":"product_cat","embeddable":true,"href":"https:\/\/mod.wisdar.net\/tr\/wp-json\/wp\/v2\/product_cat?post=56023"},{"taxonomy":"product_tag","embeddable":true,"href":"https:\/\/mod.wisdar.net\/tr\/wp-json\/wp\/v2\/product_tag?post=56023"}],"curies":[{"name":"wp","href":"https:\/\/api.w.org\/{rel}","templated":true}]}}