{"id":5605,"date":"2025-11-01T12:51:27","date_gmt":"2025-11-01T12:51:27","guid":{"rendered":"https:\/\/modesthanim.com\/product\/dusuk-omuzlu-capraz-yelek-zeytin-yesili-2\/"},"modified":"2026-03-29T21:50:47","modified_gmt":"2026-03-29T21:50:47","slug":"dusuk-omuzlu-capraz-yelek-zeytin-yesili-2","status":"publish","type":"product","link":"https:\/\/mod.wisdar.net\/tr\/urun\/dusuk-omuzlu-capraz-yelek-zeytin-yesili-2\/","title":{"rendered":"D\u00fc\u015f\u00fck Omuzlu \u00c7apraz Yelek \u2013 Zeytin Ye\u015fili"},"content":{"rendered":"<p>Minimalizmin g\u00fc\u00e7l\u00fc ve zarif \u00f6z\u00fc: D\u00fc\u015f\u00fck Omuzlu \u00c7apraz Yelek, klasik yelek formuna modern bir dokunu\u015f kat\u0131yor. D\u00fc\u015f\u00fck omuz kesimi ile konfor sunarken, \u00e7apraz yaka tasar\u0131m\u0131 ile sofistike bir siluet olu\u015fturur.<\/p>\n<p>Kuma\u015f \u0130\u00e7eri\u011fi: %58 Pamuk, %42 Rayon<br \/>\nDesen: D\u00fcz<br \/>\nYaka Tipi: Stand Yaka<br \/>\nKol Tipi: Kolsuz<br \/>\nCep: D\u00fcnya Cebi<br \/>\nAstar: Desenli Astar<br \/>\n\u00dcr\u00fcn Uzunlu\u011fu: 105 cm<br \/>\nKal\u0131p: Normal Kal\u0131p<br \/>\nModelin Giydi\u011fi Beden: 38<br \/>\nModel \u00d6l\u00e7\u00fcleri: Boy: 176 cm, G\u00f6\u011f\u00fcs: 86 cm, Bel: 61 cm, Kal\u00e7a: 90 cm<\/p>\n","protected":false},"excerpt":{"rendered":"<p>Minimalizmin g\u00fc\u00e7l\u00fc ve zarif \u00f6z\u00fc: D\u00fc\u015f\u00fck Omuzlu \u00c7apraz Yelek, klasik yelek formuna modern bir dokunu\u015f kat\u0131yor. D\u00fc\u015f\u00fck omuz kesimi ile konfor sunarken, \u00e7apraz yaka tasar\u0131m\u0131 ile sofistike bir siluet olu\u015fturur. Kuma\u015f \u0130\u00e7eri\u011fi: %58 Pamuk, %42 Rayon Desen: D\u00fcz Yaka Tipi: Stand Yaka Kol Tipi: Kolsuz Cep: D\u00fcnya Cebi Astar: Desenli Astar \u00dcr\u00fcn Uzunlu\u011fu: 105 cm [&hellip;]<\/p>\n","protected":false},"featured_media":0,"comment_status":"open","ping_status":"closed","template":"","meta":[],"product_brand":[],"product_cat":[2053],"product_tag":[5012,6759,7144,5013],"class_list":{"0":"post-5605","1":"product","2":"type-product","3":"status-publish","5":"product_cat-yelekler-yelekler","6":"product_tag-elegant","7":"product_tag-konfor","8":"product_tag-minimalist","9":"product_tag-modern","10":"pa_brand-tugba","11":"pa_color-olive","12":"pa_size-4706","13":"pa_size-4711","14":"pa_size-4713","15":"pa_size-4751","16":"pa_size-4749","18":"first","19":"instock","20":"sale","21":"shipping-taxable","22":"purchasable","23":"product-type-variable"},"_links":{"self":[{"href":"https:\/\/mod.wisdar.net\/tr\/wp-json\/wp\/v2\/product\/5605","targetHints":{"allow":["GET"]}}],"collection":[{"href":"https:\/\/mod.wisdar.net\/tr\/wp-json\/wp\/v2\/product"}],"about":[{"href":"https:\/\/mod.wisdar.net\/tr\/wp-json\/wp\/v2\/types\/product"}],"replies":[{"embeddable":true,"href":"https:\/\/mod.wisdar.net\/tr\/wp-json\/wp\/v2\/comments?post=5605"}],"wp:attachment":[{"href":"https:\/\/mod.wisdar.net\/tr\/wp-json\/wp\/v2\/media?parent=5605"}],"wp:term":[{"taxonomy":"product_brand","embeddable":true,"href":"https:\/\/mod.wisdar.net\/tr\/wp-json\/wp\/v2\/product_brand?post=5605"},{"taxonomy":"product_cat","embeddable":true,"href":"https:\/\/mod.wisdar.net\/tr\/wp-json\/wp\/v2\/product_cat?post=5605"},{"taxonomy":"product_tag","embeddable":true,"href":"https:\/\/mod.wisdar.net\/tr\/wp-json\/wp\/v2\/product_tag?post=5605"}],"curies":[{"name":"wp","href":"https:\/\/api.w.org\/{rel}","templated":true}]}}