{"id":56061,"date":"2025-12-28T04:15:35","date_gmt":"2025-12-28T04:15:35","guid":{"rendered":"https:\/\/modesthanim.com\/product\/pat-detayli-modal-sweatshirt-tas\/"},"modified":"2026-04-03T08:21:11","modified_gmt":"2026-04-03T08:21:11","slug":"pat-detayli-modal-sweatshirt-tas","status":"publish","type":"product","link":"https:\/\/mod.wisdar.net\/tr\/urun\/pat-detayli-modal-sweatshirt-tas\/","title":{"rendered":"Pat Detayl\u0131 Modal Sweatshirt Ta\u015f"},"content":{"rendered":"<p>Beden Yard\u0131m Rehberi <\/p>\n<p>BEDEN KILAVUZU<\/p>\n<p>\u00a0<\/p>\n<p>\t\t\t\u00d6l\u00e7\u00fcler<br \/>\n\t\t\tS<br \/>\n\t\t\tM<br \/>\n\t\t\tL<br \/>\n\t\t\tXL<\/p>\n<p>\t\t\tBoy<br \/>\n\t\t\t74,5 cm<br \/>\n\t\t\t75,0 cm<br \/>\n\t\t\t75,5 cm<br \/>\n\t\t\t76,0 cm<\/p>\n<p>\t\t\tG\u00f6\u011f\u00fcs \u00c7evresi<br \/>\n\t\t\t56 cm<br \/>\n\t\t\t58 cm<br \/>\n\t\t\t60 cm<br \/>\n\t\t\t62 cm<\/p>\n<p>\t\t\tKol Boyu<br \/>\n\t\t\t55,5 cm<br \/>\n\t\t\t56,0 cm<br \/>\n\t\t\t56,5 cm<br \/>\n\t\t\t57,0 cm<\/p>\n<p>\u2014 Technical Details \u2014<br \/>\n\u00dcr\u00fcn Hakk\u0131nda: \u00dcr\u00fcn tek olarak sat\u0131lmaktad\u0131r.<br \/>\nMarka: Minik Terzi<br \/>\nSezon: MEVS\u0130ML\u0130K<br \/>\nCinsiyet: Kad\u0131n<br \/>\nMalzeme: Modal \/ Pes<br \/>\nKuma\u015f \u0130\u00e7eri\u011fi: %48 Modal %45 Polyester %7 Sp<br \/>\nKal\u0131p: Tam Kal\u0131p<br \/>\nKol Boyu: Uzun Kollu<br \/>\nYaka Tipi: Bisiklet Yaka<br \/>\nManken \u00d6l\u00e7\u00fcleri: 1,76<br \/>\nMankenin Giydi\u011fi Beden: S Beden<br \/>\nA\u00e7\u0131klama: Ters \u00e7evirerek k\u0131sa programda 30\u00b0 y\u0131kay\u0131n\u0131z.<\/p>\n","protected":false},"excerpt":{"rendered":"<p>Beden Yard\u0131m Rehberi BEDEN KILAVUZU \u00a0 \u00d6l\u00e7\u00fcler S M L XL Boy 74,5 cm 75,0 cm 75,5 cm 76,0 cm G\u00f6\u011f\u00fcs \u00c7evresi 56 cm 58 cm 60 cm 62 cm Kol Boyu 55,5 cm 56,0 cm 56,5 cm 57,0 cm \u2014 Technical Details \u2014 \u00dcr\u00fcn Hakk\u0131nda: \u00dcr\u00fcn tek olarak sat\u0131lmaktad\u0131r. Marka: Minik Terzi Sezon: MEVS\u0130ML\u0130K [&hellip;]<\/p>\n","protected":false},"featured_media":56049,"comment_status":"open","ping_status":"closed","template":"","meta":[],"product_brand":[],"product_cat":[1909,1927],"product_tag":[8110,8408,6744,6768],"class_list":{"0":"post-56061","1":"product","2":"type-product","3":"status-publish","4":"has-post-thumbnail","6":"product_cat-bluzlar-ve-gomlekler","7":"product_cat-hoodies-sweatshirtler","8":"product_tag-bisiklet-yaka-2","9":"product_tag-detayli-tasarim","10":"product_tag-kadin-modasi","11":"product_tag-uzun-kol","12":"pa_brand-minik-terzi","13":"pa_color-tas","14":"pa_size-l","15":"pa_size-m","16":"pa_size-s","18":"first","19":"instock","20":"shipping-taxable","21":"purchasable","22":"product-type-variable"},"_links":{"self":[{"href":"https:\/\/mod.wisdar.net\/tr\/wp-json\/wp\/v2\/product\/56061","targetHints":{"allow":["GET"]}}],"collection":[{"href":"https:\/\/mod.wisdar.net\/tr\/wp-json\/wp\/v2\/product"}],"about":[{"href":"https:\/\/mod.wisdar.net\/tr\/wp-json\/wp\/v2\/types\/product"}],"replies":[{"embeddable":true,"href":"https:\/\/mod.wisdar.net\/tr\/wp-json\/wp\/v2\/comments?post=56061"}],"wp:featuredmedia":[{"embeddable":true,"href":"https:\/\/mod.wisdar.net\/tr\/wp-json\/wp\/v2\/media\/56049"}],"wp:attachment":[{"href":"https:\/\/mod.wisdar.net\/tr\/wp-json\/wp\/v2\/media?parent=56061"}],"wp:term":[{"taxonomy":"product_brand","embeddable":true,"href":"https:\/\/mod.wisdar.net\/tr\/wp-json\/wp\/v2\/product_brand?post=56061"},{"taxonomy":"product_cat","embeddable":true,"href":"https:\/\/mod.wisdar.net\/tr\/wp-json\/wp\/v2\/product_cat?post=56061"},{"taxonomy":"product_tag","embeddable":true,"href":"https:\/\/mod.wisdar.net\/tr\/wp-json\/wp\/v2\/product_tag?post=56061"}],"curies":[{"name":"wp","href":"https:\/\/api.w.org\/{rel}","templated":true}]}}