{"id":56173,"date":"2025-12-28T04:19:36","date_gmt":"2025-12-28T04:19:36","guid":{"rendered":"https:\/\/modesthanim.com\/product\/jakar-ceket-somon\/"},"modified":"2026-04-03T15:02:21","modified_gmt":"2026-04-03T15:02:21","slug":"jakar-ceket-somon","status":"publish","type":"product","link":"https:\/\/mod.wisdar.net\/tr\/urun\/jakar-ceket-somon\/","title":{"rendered":"JAKAR CEKET SOMON"},"content":{"rendered":"<p>\u00d6ZEL KOLEKS\u0130YON JAKAR CEKET<br \/>\n\u0130\u00c7\u0130 ASTARLIDIR<br \/>\nBEL\u0130 AYARLANAB\u0130L\u0130R KU\u015eAKLIDIR.<\/p>\n<p>\u00dcR\u00dcN \u00d6ZELL\u0130KLER\u0130 1 BEDEN \u0130\u00c7\u0130N ;<br \/>\nG\u00d6\u011e\u00dcS 104 CM<br \/>\nBEL 111 CM<br \/>\nBASEN 127 CM<br \/>\n\u00dcR\u00dcN BOYU 78 CM<br \/>\nMANKEN \u00dcZER\u0130NDEK\u0130 BEDEN 1<br \/>\nMANKEN BOYU 178 CM<br \/>\n1 BEDEN : 36-38-40<br \/>\n2 BEDEN : 40-42-44<\/p>\n","protected":false},"excerpt":{"rendered":"<p>\u00d6ZEL KOLEKS\u0130YON JAKAR CEKET \u0130\u00c7\u0130 ASTARLIDIR BEL\u0130 AYARLANAB\u0130L\u0130R KU\u015eAKLIDIR. \u00dcR\u00dcN \u00d6ZELL\u0130KLER\u0130 1 BEDEN \u0130\u00c7\u0130N ; G\u00d6\u011e\u00dcS 104 CM BEL 111 CM BASEN 127 CM \u00dcR\u00dcN BOYU 78 CM MANKEN \u00dcZER\u0130NDEK\u0130 BEDEN 1 MANKEN BOYU 178 CM 1 BEDEN : 36-38-40 2 BEDEN : 40-42-44<\/p>\n","protected":false},"featured_media":56166,"comment_status":"open","ping_status":"closed","template":"","meta":[],"product_brand":[],"product_cat":[2044],"product_tag":[],"class_list":{"0":"post-56173","1":"product","2":"type-product","3":"status-publish","4":"has-post-thumbnail","6":"product_cat-ceketler","7":"pa_brand-nurkalay","8":"pa_color-somon","9":"pa_size-4446","10":"pa_size-4463","12":"first","13":"outofstock","14":"shipping-taxable","15":"product-type-variable"},"_links":{"self":[{"href":"https:\/\/mod.wisdar.net\/tr\/wp-json\/wp\/v2\/product\/56173","targetHints":{"allow":["GET"]}}],"collection":[{"href":"https:\/\/mod.wisdar.net\/tr\/wp-json\/wp\/v2\/product"}],"about":[{"href":"https:\/\/mod.wisdar.net\/tr\/wp-json\/wp\/v2\/types\/product"}],"replies":[{"embeddable":true,"href":"https:\/\/mod.wisdar.net\/tr\/wp-json\/wp\/v2\/comments?post=56173"}],"wp:featuredmedia":[{"embeddable":true,"href":"https:\/\/mod.wisdar.net\/tr\/wp-json\/wp\/v2\/media\/56166"}],"wp:attachment":[{"href":"https:\/\/mod.wisdar.net\/tr\/wp-json\/wp\/v2\/media?parent=56173"}],"wp:term":[{"taxonomy":"product_brand","embeddable":true,"href":"https:\/\/mod.wisdar.net\/tr\/wp-json\/wp\/v2\/product_brand?post=56173"},{"taxonomy":"product_cat","embeddable":true,"href":"https:\/\/mod.wisdar.net\/tr\/wp-json\/wp\/v2\/product_cat?post=56173"},{"taxonomy":"product_tag","embeddable":true,"href":"https:\/\/mod.wisdar.net\/tr\/wp-json\/wp\/v2\/product_tag?post=56173"}],"curies":[{"name":"wp","href":"https:\/\/api.w.org\/{rel}","templated":true}]}}