{"id":56205,"date":"2025-12-28T04:20:18","date_gmt":"2025-12-28T04:20:18","guid":{"rendered":"https:\/\/modesthanim.com\/product\/bomber-jakar-ceket-siyah\/"},"modified":"2026-02-19T06:42:51","modified_gmt":"2026-02-19T06:42:51","slug":"bomber-jakar-ceket-siyah","status":"publish","type":"product","link":"https:\/\/mod.wisdar.net\/tr\/urun\/bomber-jakar-ceket-siyah\/","title":{"rendered":"Bomber Jakar Ceket Siyah"},"content":{"rendered":"<p>\u00d6zel tasar\u0131m jakar kuma\u015f\u0131 ile ribanal\u0131 bomber ceket. \u0130\u00e7i astarl\u0131d\u0131r. Kuma\u015f jakar kuma\u015ft\u0131r. \u00dcr\u00fcn \u00f6l\u00e7\u00fcleri; G\u00f6\u011f\u00fcs: 112 cm, Bel: 104 cm, Basen: 116 cm, \u00dcr\u00fcn uzunlu\u011fu: 68 cm. Manken \u00fczerindeki beden: 1. Manken \u00f6l\u00e7\u00fcleri: Boy: 177 cm, G\u00f6\u011f\u00fcs: 90 cm, Bel: 62 cm, Basen: 93 cm.<\/p>\n","protected":false},"excerpt":{"rendered":"<p>\u00d6zel tasar\u0131m jakar kuma\u015f\u0131 ile ribanal\u0131 bomber ceket. \u0130\u00e7i astarl\u0131d\u0131r. Kuma\u015f jakar kuma\u015ft\u0131r. \u00dcr\u00fcn \u00f6l\u00e7\u00fcleri; G\u00f6\u011f\u00fcs: 112 cm, Bel: 104 cm, Basen: 116 cm, \u00dcr\u00fcn uzunlu\u011fu: 68 cm. Manken \u00fczerindeki beden: 1. Manken \u00f6l\u00e7\u00fcleri: Boy: 177 cm, G\u00f6\u011f\u00fcs: 90 cm, Bel: 62 cm, Basen: 93 cm.<\/p>\n","protected":false},"featured_media":56198,"comment_status":"open","ping_status":"closed","template":"","meta":[],"product_brand":[],"product_cat":[2044],"product_tag":[],"class_list":{"0":"post-56205","1":"product","2":"type-product","3":"status-publish","4":"has-post-thumbnail","6":"product_cat-ceketler","7":"pa_brand-nurkalay","8":"pa_color-siyah","9":"pa_size-4446","10":"pa_size-4463","12":"first","13":"outofstock","14":"shipping-taxable","15":"product-type-variable"},"_links":{"self":[{"href":"https:\/\/mod.wisdar.net\/tr\/wp-json\/wp\/v2\/product\/56205","targetHints":{"allow":["GET"]}}],"collection":[{"href":"https:\/\/mod.wisdar.net\/tr\/wp-json\/wp\/v2\/product"}],"about":[{"href":"https:\/\/mod.wisdar.net\/tr\/wp-json\/wp\/v2\/types\/product"}],"replies":[{"embeddable":true,"href":"https:\/\/mod.wisdar.net\/tr\/wp-json\/wp\/v2\/comments?post=56205"}],"wp:featuredmedia":[{"embeddable":true,"href":"https:\/\/mod.wisdar.net\/tr\/wp-json\/wp\/v2\/media\/56198"}],"wp:attachment":[{"href":"https:\/\/mod.wisdar.net\/tr\/wp-json\/wp\/v2\/media?parent=56205"}],"wp:term":[{"taxonomy":"product_brand","embeddable":true,"href":"https:\/\/mod.wisdar.net\/tr\/wp-json\/wp\/v2\/product_brand?post=56205"},{"taxonomy":"product_cat","embeddable":true,"href":"https:\/\/mod.wisdar.net\/tr\/wp-json\/wp\/v2\/product_cat?post=56205"},{"taxonomy":"product_tag","embeddable":true,"href":"https:\/\/mod.wisdar.net\/tr\/wp-json\/wp\/v2\/product_tag?post=56205"}],"curies":[{"name":"wp","href":"https:\/\/api.w.org\/{rel}","templated":true}]}}