{"id":56256,"date":"2025-12-28T04:21:14","date_gmt":"2025-12-28T04:21:14","guid":{"rendered":"https:\/\/modesthanim.com\/product\/ekru-tweed-blazer-ceket\/"},"modified":"2026-04-03T15:02:40","modified_gmt":"2026-04-03T15:02:40","slug":"ekru-tweed-blazer-ceket","status":"publish","type":"product","link":"https:\/\/mod.wisdar.net\/tr\/urun\/ekru-tweed-blazer-ceket\/","title":{"rendered":"EKRU TWEED BLAZER CEKET"},"content":{"rendered":"<p>\u015e\u0131k ve modern bir g\u00f6r\u00fcn\u00fcm sunan ekru renkli tweed kuma\u015ftan blazer ceket.<\/p>\n","protected":false},"excerpt":{"rendered":"<p>\u015e\u0131k ve modern bir g\u00f6r\u00fcn\u00fcm sunan ekru renkli tweed kuma\u015ftan blazer ceket.<\/p>\n","protected":false},"featured_media":56248,"comment_status":"open","ping_status":"closed","template":"","meta":[],"product_brand":[],"product_cat":[2050],"product_tag":[],"class_list":{"0":"post-56256","1":"product","2":"type-product","3":"status-publish","4":"has-post-thumbnail","6":"product_cat-blazer-ceketler","7":"pa_brand-nurkalay","8":"pa_color-ekru","9":"pa_size-4706","10":"pa_size-4711","11":"pa_size-4713","12":"pa_size-4751","14":"first","15":"outofstock","16":"shipping-taxable","17":"product-type-variable"},"_links":{"self":[{"href":"https:\/\/mod.wisdar.net\/tr\/wp-json\/wp\/v2\/product\/56256","targetHints":{"allow":["GET"]}}],"collection":[{"href":"https:\/\/mod.wisdar.net\/tr\/wp-json\/wp\/v2\/product"}],"about":[{"href":"https:\/\/mod.wisdar.net\/tr\/wp-json\/wp\/v2\/types\/product"}],"replies":[{"embeddable":true,"href":"https:\/\/mod.wisdar.net\/tr\/wp-json\/wp\/v2\/comments?post=56256"}],"wp:featuredmedia":[{"embeddable":true,"href":"https:\/\/mod.wisdar.net\/tr\/wp-json\/wp\/v2\/media\/56248"}],"wp:attachment":[{"href":"https:\/\/mod.wisdar.net\/tr\/wp-json\/wp\/v2\/media?parent=56256"}],"wp:term":[{"taxonomy":"product_brand","embeddable":true,"href":"https:\/\/mod.wisdar.net\/tr\/wp-json\/wp\/v2\/product_brand?post=56256"},{"taxonomy":"product_cat","embeddable":true,"href":"https:\/\/mod.wisdar.net\/tr\/wp-json\/wp\/v2\/product_cat?post=56256"},{"taxonomy":"product_tag","embeddable":true,"href":"https:\/\/mod.wisdar.net\/tr\/wp-json\/wp\/v2\/product_tag?post=56256"}],"curies":[{"name":"wp","href":"https:\/\/api.w.org\/{rel}","templated":true}]}}