{"id":56296,"date":"2025-12-28T04:24:26","date_gmt":"2025-12-28T04:24:26","guid":{"rendered":"https:\/\/modesthanim.com\/product\/centik-detayli-yagmurluk-ekru-zeytin\/"},"modified":"2026-04-10T13:42:19","modified_gmt":"2026-04-10T13:42:19","slug":"centik-detayli-yagmurluk-ekru-zeytin","status":"publish","type":"product","link":"https:\/\/mod.wisdar.net\/tr\/urun\/centik-detayli-yagmurluk-ekru-zeytin\/","title":{"rendered":"\u00c7entik Detayl\u0131 Ya\u011fmurluk \u2013 Ekru \u2013 Zeytin"},"content":{"rendered":"<p>Fonksiyonel tasar\u0131m ve \u015f\u0131k detaylar\u0131n m\u00fckemmel bir kar\u0131\u015f\u0131m\u0131 olan bu \u00e7entik detayl\u0131 ya\u011fmurluk, ya\u011fmurlu g\u00fcnlerde bile stilinizi koruman\u0131za yard\u0131mc\u0131 olur.<\/p>\n<p>Kuma\u015f \u0130\u00e7eri\u011fi: %60 Polyester, %40 Poliamid<br \/>\nDesen: D\u00fcz<br \/>\nYaka Tipi: Stand Yaka<br \/>\nKol Tipi: Uzun Kol<br \/>\nCep: Gizli Cep<br \/>\nAstar: Yok<br \/>\nUzunluk: 100 cm<br \/>\nKal\u0131p: Rahat Kal\u0131p<br \/>\nModelin Giydi\u011fi Beden: 38<br \/>\nModel \u00d6l\u00e7\u00fcleri: Boy: 176 cm, G\u00f6\u011f\u00fcs: 82 cm, Bel: 61 cm, Kal\u00e7a: 88 cm<\/p>\n<p>\u2014 Teknik Detaylar \u2014<br \/>\nDesen: D\u00fcz<br \/>\nYaka Tipi: Stand Yaka<br \/>\nKol Tipi: Uzun Kol<br \/>\nCep: Gizli Cep<br \/>\nAstar: Yok<br \/>\nUzunluk: 100 cm<br \/>\nKal\u0131p: Rahat Kal\u0131p<br \/>\nModelin Giydi\u011fi Beden: 38<br \/>\nModel \u00d6l\u00e7\u00fcleri: Boy: 176 cm, G\u00f6\u011f\u00fcs: 82 cm, Bel: 61 cm, Kal\u00e7a: 88 cm<\/p>\n","protected":false},"excerpt":{"rendered":"<p>Fonksiyonel tasar\u0131m ve \u015f\u0131k detaylar\u0131n m\u00fckemmel bir kar\u0131\u015f\u0131m\u0131 olan bu \u00e7entik detayl\u0131 ya\u011fmurluk, ya\u011fmurlu g\u00fcnlerde bile stilinizi koruman\u0131za yard\u0131mc\u0131 olur. Kuma\u015f \u0130\u00e7eri\u011fi: %60 Polyester, %40 Poliamid Desen: D\u00fcz Yaka Tipi: Stand Yaka Kol Tipi: Uzun Kol Cep: Gizli Cep Astar: Yok Uzunluk: 100 cm Kal\u0131p: Rahat Kal\u0131p Modelin Giydi\u011fi Beden: 38 Model \u00d6l\u00e7\u00fcleri: Boy: 176 [&hellip;]<\/p>\n","protected":false},"featured_media":56289,"comment_status":"open","ping_status":"closed","template":"","meta":[],"product_brand":[],"product_cat":[2047],"product_tag":[4999],"class_list":{"0":"post-56296","1":"product","2":"type-product","3":"status-publish","4":"has-post-thumbnail","6":"product_cat-paltolar","7":"product_tag-outerwear","8":"pa_brand-tugba","9":"pa_color-ekru-olive","10":"pa_size-4706","11":"pa_size-4711","12":"pa_size-4713","13":"pa_size-4751","15":"first","16":"instock","17":"sale","18":"shipping-taxable","19":"purchasable","20":"product-type-variable"},"_links":{"self":[{"href":"https:\/\/mod.wisdar.net\/tr\/wp-json\/wp\/v2\/product\/56296","targetHints":{"allow":["GET"]}}],"collection":[{"href":"https:\/\/mod.wisdar.net\/tr\/wp-json\/wp\/v2\/product"}],"about":[{"href":"https:\/\/mod.wisdar.net\/tr\/wp-json\/wp\/v2\/types\/product"}],"replies":[{"embeddable":true,"href":"https:\/\/mod.wisdar.net\/tr\/wp-json\/wp\/v2\/comments?post=56296"}],"wp:featuredmedia":[{"embeddable":true,"href":"https:\/\/mod.wisdar.net\/tr\/wp-json\/wp\/v2\/media\/56289"}],"wp:attachment":[{"href":"https:\/\/mod.wisdar.net\/tr\/wp-json\/wp\/v2\/media?parent=56296"}],"wp:term":[{"taxonomy":"product_brand","embeddable":true,"href":"https:\/\/mod.wisdar.net\/tr\/wp-json\/wp\/v2\/product_brand?post=56296"},{"taxonomy":"product_cat","embeddable":true,"href":"https:\/\/mod.wisdar.net\/tr\/wp-json\/wp\/v2\/product_cat?post=56296"},{"taxonomy":"product_tag","embeddable":true,"href":"https:\/\/mod.wisdar.net\/tr\/wp-json\/wp\/v2\/product_tag?post=56296"}],"curies":[{"name":"wp","href":"https:\/\/api.w.org\/{rel}","templated":true}]}}