{"id":56330,"date":"2025-12-28T04:27:06","date_gmt":"2025-12-28T04:27:06","guid":{"rendered":"https:\/\/modesthanim.com\/product\/antrasit-polo-yaka-yikanmis-sweatshirt\/"},"modified":"2026-02-09T14:37:05","modified_gmt":"2026-02-09T14:37:05","slug":"antrasit-polo-yaka-yikanmis-sweatshirt","status":"publish","type":"product","link":"https:\/\/mod.wisdar.net\/tr\/urun\/antrasit-polo-yaka-yikanmis-sweatshirt\/","title":{"rendered":"Antrasit Polo Yaka Y\u0131kanm\u0131\u015f Sweatshirt"},"content":{"rendered":"<p>Y\u00fczde y\u00fcz pamuk \u00f6rg\u00fc kuma\u015ftan \u00fcretilmi\u015f bu polo yaka sweatshirt, d\u00fc\u011fmeli \u00f6n k\u0131s\u0131m, y\u0131kanm\u0131\u015f efekt, yan y\u0131rtma\u00e7 detaylar\u0131 ve rahat bir kullan\u0131m i\u00e7in uzun kollar\u0131 \u00f6zelliklerine sahiptir.<\/p>\n","protected":false},"excerpt":{"rendered":"<p>Y\u00fczde y\u00fcz pamuk \u00f6rg\u00fc kuma\u015ftan \u00fcretilmi\u015f bu polo yaka sweatshirt, d\u00fc\u011fmeli \u00f6n k\u0131s\u0131m, y\u0131kanm\u0131\u015f efekt, yan y\u0131rtma\u00e7 detaylar\u0131 ve rahat<\/p>\n","protected":false},"featured_media":56318,"comment_status":"open","ping_status":"closed","template":"","meta":[],"product_brand":[],"product_cat":[12977],"product_tag":[],"class_list":{"0":"post-56330","1":"product","2":"type-product","3":"status-publish","4":"has-post-thumbnail","6":"product_cat-accessories-men","8":"first","9":"instock","10":"sale","11":"shipping-taxable","12":"purchasable","13":"product-type-variable"},"_links":{"self":[{"href":"https:\/\/mod.wisdar.net\/tr\/wp-json\/wp\/v2\/product\/56330","targetHints":{"allow":["GET"]}}],"collection":[{"href":"https:\/\/mod.wisdar.net\/tr\/wp-json\/wp\/v2\/product"}],"about":[{"href":"https:\/\/mod.wisdar.net\/tr\/wp-json\/wp\/v2\/types\/product"}],"replies":[{"embeddable":true,"href":"https:\/\/mod.wisdar.net\/tr\/wp-json\/wp\/v2\/comments?post=56330"}],"version-history":[{"count":0,"href":"https:\/\/mod.wisdar.net\/tr\/wp-json\/wp\/v2\/product\/56330\/revisions"}],"wp:featuredmedia":[{"embeddable":true,"href":"https:\/\/mod.wisdar.net\/tr\/wp-json\/wp\/v2\/media\/56318"}],"wp:attachment":[{"href":"https:\/\/mod.wisdar.net\/tr\/wp-json\/wp\/v2\/media?parent=56330"}],"wp:term":[{"taxonomy":"product_brand","embeddable":true,"href":"https:\/\/mod.wisdar.net\/tr\/wp-json\/wp\/v2\/product_brand?post=56330"},{"taxonomy":"product_cat","embeddable":true,"href":"https:\/\/mod.wisdar.net\/tr\/wp-json\/wp\/v2\/product_cat?post=56330"},{"taxonomy":"product_tag","embeddable":true,"href":"https:\/\/mod.wisdar.net\/tr\/wp-json\/wp\/v2\/product_tag?post=56330"}],"curies":[{"name":"wp","href":"https:\/\/api.w.org\/{rel}","templated":true}]}}