{"id":56401,"date":"2025-12-28T04:31:06","date_gmt":"2025-12-28T04:31:06","guid":{"rendered":"https:\/\/modesthanim.com\/product\/crossover-mini-yelek-siyah\/"},"modified":"2026-03-17T23:29:01","modified_gmt":"2026-03-17T23:29:01","slug":"crossover-mini-yelek-siyah","status":"publish","type":"product","link":"https:\/\/mod.wisdar.net\/tr\/urun\/crossover-mini-yelek-siyah\/","title":{"rendered":"Crossover Mini Yelek \u2013 Siyah"},"content":{"rendered":"<p>Crossover kesimi ile bu mini yelek sofistike bir duru\u015f sergiler, modern ve \u015f\u0131k bir stil sunar. Yap\u0131sal formu zarif bir g\u00f6r\u00fcn\u00fcm sa\u011flar, katmanl\u0131 k\u0131yafetlerle m\u00fckemmel bir tamamlay\u0131c\u0131d\u0131r.<\/p>\n<p>\u2014 Teknik Detaylar \u2014<br \/>\nDesen: D\u00fcz<br \/>\nYaka Tipi: V-Yaka<br \/>\nKol Tipi: Kolsuz<br \/>\nCep: Dekoratif Kapak<br \/>\nAstar: Astarl\u0131<br \/>\n\u00dcr\u00fcn Uzunlu\u011fu: 55 cm<br \/>\nKal\u0131p: Normal Kal\u0131p<br \/>\nModelin Giydi\u011fi Beden: 38<br \/>\nModel \u00d6l\u00e7\u00fcleri: {&#8216;Boy&#8217;: &#8216;175 cm&#8217;, &#8216;G\u00f6\u011f\u00fcs&#8217;: &#8217;82 cm&#8217;, &#8216;Bel&#8217;: &#8217;60 cm&#8217;, &#8216;Kal\u00e7a&#8217;: &#8217;90 cm&#8217;}<\/p>\n","protected":false},"excerpt":{"rendered":"<p>Crossover kesimi ile bu mini yelek sofistike bir duru\u015f sergiler, modern ve \u015f\u0131k bir stil sunar. Yap\u0131sal formu zarif bir g\u00f6r\u00fcn\u00fcm sa\u011flar, katmanl\u0131 k\u0131yafetlerle m\u00fckemmel bir tamamlay\u0131c\u0131d\u0131r. \u2014 Teknik Detaylar \u2014 Desen: D\u00fcz Yaka Tipi: V-Yaka Kol Tipi: Kolsuz Cep: Dekoratif Kapak Astar: Astarl\u0131 \u00dcr\u00fcn Uzunlu\u011fu: 55 cm Kal\u0131p: Normal Kal\u0131p Modelin Giydi\u011fi Beden: 38 [&hellip;]<\/p>\n","protected":false},"featured_media":56395,"comment_status":"open","ping_status":"closed","template":"","meta":[],"product_brand":[],"product_cat":[2053],"product_tag":[5013,8399],"class_list":{"0":"post-56401","1":"product","2":"type-product","3":"status-publish","4":"has-post-thumbnail","6":"product_cat-yelekler-yelekler","7":"product_tag-modern","8":"product_tag-sik-2","9":"pa_color-siyah","10":"pa_size-4706","11":"pa_size-4711","12":"pa_size-4713","13":"pa_size-4751","14":"pa_size-4749","15":"pa_size-4747","17":"first","18":"instock","19":"sale","20":"shipping-taxable","21":"purchasable","22":"product-type-variable"},"_links":{"self":[{"href":"https:\/\/mod.wisdar.net\/tr\/wp-json\/wp\/v2\/product\/56401","targetHints":{"allow":["GET"]}}],"collection":[{"href":"https:\/\/mod.wisdar.net\/tr\/wp-json\/wp\/v2\/product"}],"about":[{"href":"https:\/\/mod.wisdar.net\/tr\/wp-json\/wp\/v2\/types\/product"}],"replies":[{"embeddable":true,"href":"https:\/\/mod.wisdar.net\/tr\/wp-json\/wp\/v2\/comments?post=56401"}],"wp:featuredmedia":[{"embeddable":true,"href":"https:\/\/mod.wisdar.net\/tr\/wp-json\/wp\/v2\/media\/56395"}],"wp:attachment":[{"href":"https:\/\/mod.wisdar.net\/tr\/wp-json\/wp\/v2\/media?parent=56401"}],"wp:term":[{"taxonomy":"product_brand","embeddable":true,"href":"https:\/\/mod.wisdar.net\/tr\/wp-json\/wp\/v2\/product_brand?post=56401"},{"taxonomy":"product_cat","embeddable":true,"href":"https:\/\/mod.wisdar.net\/tr\/wp-json\/wp\/v2\/product_cat?post=56401"},{"taxonomy":"product_tag","embeddable":true,"href":"https:\/\/mod.wisdar.net\/tr\/wp-json\/wp\/v2\/product_tag?post=56401"}],"curies":[{"name":"wp","href":"https:\/\/api.w.org\/{rel}","templated":true}]}}