{"id":56533,"date":"2025-11-07T20:16:06","date_gmt":"2025-11-01T12:44:23","guid":{"rendered":"https:\/\/modesthanim.com\/product\/yuvarlak-yaka-dugmeli-orgu-hirka-siyah\/"},"modified":"2026-04-02T20:21:15","modified_gmt":"2026-04-02T20:21:15","slug":"yuvarlak-yaka-dugmeli-orgu-hirka-siyah","status":"publish","type":"product","link":"https:\/\/mod.wisdar.net\/tr\/urun\/yuvarlak-yaka-dugmeli-orgu-hirka-siyah\/","title":{"rendered":"Yuvarlak Yaka D\u00fc\u011fmeli \u00d6rg\u00fc H\u0131rka Siyah"},"content":{"rendered":"<p>Bu Siyah Yuvarlak Yaka D\u00fc\u011fmeli \u00d6rg\u00fc H\u0131rka, basit tasar\u0131m\u0131 ve \u015f\u0131k detaylar\u0131 ile g\u00fcnl\u00fck gard\u0131robunuza \u015f\u0131k bir tamamlay\u0131c\u0131d\u0131r. Yumu\u015fak \u00f6rg\u00fc kuma\u015f\u0131 t\u00fcm g\u00fcn konfor sunar, yuvarlak yaka klasik ve zamans\u0131z bir g\u00f6r\u00fcn\u00fcm yarat\u0131r. \u00d6n taraftaki d\u00fc\u011fme kapatma, a\u00e7\u0131k veya kapal\u0131 olarak \u00e7e\u015fitli giyim se\u00e7enekleri sunar. Ge\u00e7i\u015f mevsimleri veya katmanl\u0131 k\u0131yafetler i\u00e7in m\u00fckemmel olan gard\u0131robunuzdaki vazge\u00e7ilmez bir par\u00e7ad\u0131r.<\/p>\n<p>\u2014 Teknik Detaylar \u2014<br \/>\n\u00dcr\u00fcn Tipi: \u00d6rg\u00fc h\u0131rka<br \/>\nYaka: Yuvarlak yaka<br \/>\nKapatma: D\u00fc\u011fme kapatma<br \/>\nKol ve Etek: \u00d6rg\u00fc ribana man\u015fet ve etek<\/p>\n","protected":false},"excerpt":{"rendered":"<p>Bu Siyah Yuvarlak Yaka D\u00fc\u011fmeli \u00d6rg\u00fc H\u0131rka, basit tasar\u0131m\u0131 ve \u015f\u0131k detaylar\u0131 ile g\u00fcnl\u00fck gard\u0131robunuza \u015f\u0131k bir tamamlay\u0131c\u0131d\u0131r. Yumu\u015fak \u00f6rg\u00fc kuma\u015f\u0131 t\u00fcm g\u00fcn konfor sunar, yuvarlak yaka klasik ve zamans\u0131z bir g\u00f6r\u00fcn\u00fcm yarat\u0131r. \u00d6n taraftaki d\u00fc\u011fme kapatma, a\u00e7\u0131k veya kapal\u0131 olarak \u00e7e\u015fitli giyim se\u00e7enekleri sunar. Ge\u00e7i\u015f mevsimleri veya katmanl\u0131 k\u0131yafetler i\u00e7in m\u00fckemmel olan gard\u0131robunuzdaki vazge\u00e7ilmez [&hellip;]<\/p>\n","protected":false},"featured_media":56528,"comment_status":"open","ping_status":"closed","template":"","meta":[],"product_brand":[],"product_cat":[1909],"product_tag":[7308,7074],"class_list":{"0":"post-56533","1":"product","2":"type-product","3":"status-publish","4":"has-post-thumbnail","6":"product_cat-bluzlar-ve-gomlekler","7":"product_tag-hirka","8":"product_tag-siyah","9":"pa_brand-kadriye-basturk","10":"pa_color-siyah","11":"pa_size-4701","12":"pa_size-4706","13":"pa_size-4711","14":"pa_size-4713","16":"first","17":"outofstock","18":"shipping-taxable","19":"product-type-variable"},"_links":{"self":[{"href":"https:\/\/mod.wisdar.net\/tr\/wp-json\/wp\/v2\/product\/56533","targetHints":{"allow":["GET"]}}],"collection":[{"href":"https:\/\/mod.wisdar.net\/tr\/wp-json\/wp\/v2\/product"}],"about":[{"href":"https:\/\/mod.wisdar.net\/tr\/wp-json\/wp\/v2\/types\/product"}],"replies":[{"embeddable":true,"href":"https:\/\/mod.wisdar.net\/tr\/wp-json\/wp\/v2\/comments?post=56533"}],"wp:featuredmedia":[{"embeddable":true,"href":"https:\/\/mod.wisdar.net\/tr\/wp-json\/wp\/v2\/media\/56528"}],"wp:attachment":[{"href":"https:\/\/mod.wisdar.net\/tr\/wp-json\/wp\/v2\/media?parent=56533"}],"wp:term":[{"taxonomy":"product_brand","embeddable":true,"href":"https:\/\/mod.wisdar.net\/tr\/wp-json\/wp\/v2\/product_brand?post=56533"},{"taxonomy":"product_cat","embeddable":true,"href":"https:\/\/mod.wisdar.net\/tr\/wp-json\/wp\/v2\/product_cat?post=56533"},{"taxonomy":"product_tag","embeddable":true,"href":"https:\/\/mod.wisdar.net\/tr\/wp-json\/wp\/v2\/product_tag?post=56533"}],"curies":[{"name":"wp","href":"https:\/\/api.w.org\/{rel}","templated":true}]}}