{"id":56561,"date":"2025-12-28T04:40:29","date_gmt":"2025-12-28T04:40:29","guid":{"rendered":"https:\/\/modesthanim.com\/product\/yuvarlak-yaka-elmas-desenli-orgu-hirka-siyah\/"},"modified":"2026-03-17T15:30:52","modified_gmt":"2026-03-17T15:30:52","slug":"yuvarlak-yaka-elmas-desenli-orgu-hirka-siyah","status":"publish","type":"product","link":"https:\/\/mod.wisdar.net\/tr\/urun\/yuvarlak-yaka-elmas-desenli-orgu-hirka-siyah\/","title":{"rendered":"Yuvarlak Yaka Elmas Desenli \u00d6rg\u00fc H\u0131rka Siyah"},"content":{"rendered":"<p>Yuvarlak Yaka Kareli \u00d6rg\u00fc H\u0131rka Siyah, klasik desene modern bir yorum kat\u0131yor ve tarz\u0131n\u0131za zarafet ekliyor. Yumu\u015fak \u00f6rg\u00fc kuma\u015f\u0131, g\u00fcn boyu konfor sa\u011flarken, yuvarlak yaka basit ve \u015f\u0131k bir duru\u015f sergiler. Belirgin bir kareli desene sahip bu model, tek ba\u015f\u0131na veya katmanl\u0131 k\u0131yafetlerle kolayca uyum sa\u011flar. G\u00fcnl\u00fck stilinize dinamizm katar ve mevsimsel ge\u00e7i\u015flerde \u00f6nemli bir rol oynar, konfor ve \u00e7arp\u0131c\u0131 bir se\u00e7enek sunar.<\/p>\n<p>\u2014 Teknik Detaylar \u2014<br \/>\n\u00dcr\u00fcn Tipi: Normal kesim \u00f6rg\u00fc h\u0131rka<br \/>\nYaka: Yuvarlak yaka<br \/>\nKapatma: D\u00fc\u011fme kapatma<br \/>\nKol ve Etek: Lastikli \u00f6rg\u00fc man\u015fetler<\/p>\n","protected":false},"excerpt":{"rendered":"<p>Yuvarlak Yaka Kareli \u00d6rg\u00fc H\u0131rka Siyah, klasik desene modern bir yorum kat\u0131yor ve tarz\u0131n\u0131za zarafet ekliyor. Yumu\u015fak \u00f6rg\u00fc kuma\u015f\u0131, g\u00fcn boyu konfor sa\u011flarken, yuvarlak yaka basit ve \u015f\u0131k bir duru\u015f sergiler. Belirgin bir kareli desene sahip bu model, tek ba\u015f\u0131na veya katmanl\u0131 k\u0131yafetlerle kolayca uyum sa\u011flar. G\u00fcnl\u00fck stilinize dinamizm katar ve mevsimsel ge\u00e7i\u015flerde \u00f6nemli bir [&hellip;]<\/p>\n","protected":false},"featured_media":56554,"comment_status":"open","ping_status":"closed","template":"","meta":[],"product_brand":[],"product_cat":[1909],"product_tag":[7824,7308,7074],"class_list":{"0":"post-56561","1":"product","2":"type-product","3":"status-publish","4":"has-post-thumbnail","6":"product_cat-bluzlar-ve-gomlekler","7":"product_tag-ekose-2","8":"product_tag-hirka","9":"product_tag-siyah","10":"pa_brand-kadriye-basturk","11":"pa_color-siyah","12":"pa_size-4701","13":"pa_size-4706","14":"pa_size-4711","15":"pa_size-4713","17":"first","18":"outofstock","19":"shipping-taxable","20":"product-type-variable"},"_links":{"self":[{"href":"https:\/\/mod.wisdar.net\/tr\/wp-json\/wp\/v2\/product\/56561","targetHints":{"allow":["GET"]}}],"collection":[{"href":"https:\/\/mod.wisdar.net\/tr\/wp-json\/wp\/v2\/product"}],"about":[{"href":"https:\/\/mod.wisdar.net\/tr\/wp-json\/wp\/v2\/types\/product"}],"replies":[{"embeddable":true,"href":"https:\/\/mod.wisdar.net\/tr\/wp-json\/wp\/v2\/comments?post=56561"}],"wp:featuredmedia":[{"embeddable":true,"href":"https:\/\/mod.wisdar.net\/tr\/wp-json\/wp\/v2\/media\/56554"}],"wp:attachment":[{"href":"https:\/\/mod.wisdar.net\/tr\/wp-json\/wp\/v2\/media?parent=56561"}],"wp:term":[{"taxonomy":"product_brand","embeddable":true,"href":"https:\/\/mod.wisdar.net\/tr\/wp-json\/wp\/v2\/product_brand?post=56561"},{"taxonomy":"product_cat","embeddable":true,"href":"https:\/\/mod.wisdar.net\/tr\/wp-json\/wp\/v2\/product_cat?post=56561"},{"taxonomy":"product_tag","embeddable":true,"href":"https:\/\/mod.wisdar.net\/tr\/wp-json\/wp\/v2\/product_tag?post=56561"}],"curies":[{"name":"wp","href":"https:\/\/api.w.org\/{rel}","templated":true}]}}