{"id":56614,"date":"2025-12-28T04:45:08","date_gmt":"2025-12-28T04:45:08","guid":{"rendered":"https:\/\/modesthanim.com\/product\/grosgrain-piped-kapitone-kisa-ceket-tarcin\/"},"modified":"2026-04-03T13:47:39","modified_gmt":"2026-04-03T13:47:39","slug":"grosgrain-piped-kapitone-kisa-ceket-tarcin","status":"publish","type":"product","link":"https:\/\/mod.wisdar.net\/tr\/urun\/grosgrain-piped-kapitone-kisa-ceket-tarcin\/","title":{"rendered":"Grosgrain Piped Kapitone K\u0131sa Ceket \u2013 Tar\u00e7\u0131n"},"content":{"rendered":"<p>Grosgrain pipet detaylar\u0131 ile zenginle\u015ftirilmi\u015f bu kapitone k\u0131sa ceket, modern ve \u015f\u0131k bir g\u00f6r\u00fcn\u00fcm sunar. Hafif dolgusu ve k\u0131sa kesimi rahat bir kullan\u0131m sa\u011flarken, pipet detaylar\u0131 \u015f\u0131kl\u0131\u011f\u0131n\u0131z\u0131 tamamlar.<\/p>\n<p>Kuma\u015f Kompozisyonu: %98 Polyester, %2 Elastan<br \/>\nDesen: Kapitone<br \/>\nYaka Tipi: Yaka Yok<br \/>\nKol Tipi: Uzun Kollu<br \/>\nCep: Fermuarl\u0131 Cep<br \/>\nAstar: Astarl\u0131<br \/>\n\u00dcr\u00fcn Uzunlu\u011fu: 54 cm<br \/>\nKal\u0131p: Rahat Kal\u0131p<br \/>\nModelin Giydi\u011fi Beden: 38<br \/>\nModel \u00d6l\u00e7\u00fcleri: Boy: 175 cm, G\u00f6\u011f\u00fcs: 82 cm, Bel: 60 cm, Kal\u00e7a: 90 cm<\/p>\n","protected":false},"excerpt":{"rendered":"<p>Grosgrain pipet detaylar\u0131 ile zenginle\u015ftirilmi\u015f bu kapitone k\u0131sa ceket, modern ve \u015f\u0131k bir g\u00f6r\u00fcn\u00fcm sunar. Hafif dolgusu ve k\u0131sa kesimi rahat bir kullan\u0131m sa\u011flarken, pipet detaylar\u0131 \u015f\u0131kl\u0131\u011f\u0131n\u0131z\u0131 tamamlar. Kuma\u015f Kompozisyonu: %98 Polyester, %2 Elastan Desen: Kapitone Yaka Tipi: Yaka Yok Kol Tipi: Uzun Kollu Cep: Fermuarl\u0131 Cep Astar: Astarl\u0131 \u00dcr\u00fcn Uzunlu\u011fu: 54 cm Kal\u0131p: Rahat [&hellip;]<\/p>\n","protected":false},"featured_media":56608,"comment_status":"open","ping_status":"closed","template":"","meta":[],"product_brand":[],"product_cat":[2044],"product_tag":[7547,8320],"class_list":{"0":"post-56614","1":"product","2":"type-product","3":"status-publish","4":"has-post-thumbnail","6":"product_cat-ceketler","7":"product_tag-kadin-giyim","8":"product_tag-kapitone-mont","9":"pa_brand-tugba","10":"pa_color-tarcin","11":"pa_size-4701","12":"pa_size-4706","13":"pa_size-4711","14":"pa_size-4713","16":"first","17":"instock","18":"sale","19":"shipping-taxable","20":"purchasable","21":"product-type-variable"},"_links":{"self":[{"href":"https:\/\/mod.wisdar.net\/tr\/wp-json\/wp\/v2\/product\/56614","targetHints":{"allow":["GET"]}}],"collection":[{"href":"https:\/\/mod.wisdar.net\/tr\/wp-json\/wp\/v2\/product"}],"about":[{"href":"https:\/\/mod.wisdar.net\/tr\/wp-json\/wp\/v2\/types\/product"}],"replies":[{"embeddable":true,"href":"https:\/\/mod.wisdar.net\/tr\/wp-json\/wp\/v2\/comments?post=56614"}],"wp:featuredmedia":[{"embeddable":true,"href":"https:\/\/mod.wisdar.net\/tr\/wp-json\/wp\/v2\/media\/56608"}],"wp:attachment":[{"href":"https:\/\/mod.wisdar.net\/tr\/wp-json\/wp\/v2\/media?parent=56614"}],"wp:term":[{"taxonomy":"product_brand","embeddable":true,"href":"https:\/\/mod.wisdar.net\/tr\/wp-json\/wp\/v2\/product_brand?post=56614"},{"taxonomy":"product_cat","embeddable":true,"href":"https:\/\/mod.wisdar.net\/tr\/wp-json\/wp\/v2\/product_cat?post=56614"},{"taxonomy":"product_tag","embeddable":true,"href":"https:\/\/mod.wisdar.net\/tr\/wp-json\/wp\/v2\/product_tag?post=56614"}],"curies":[{"name":"wp","href":"https:\/\/api.w.org\/{rel}","templated":true}]}}