{"id":56680,"date":"2025-12-28T04:48:02","date_gmt":"2025-12-28T04:48:02","guid":{"rendered":"https:\/\/modesthanim.com\/product\/haki-elif-etek-takimi\/"},"modified":"2026-04-02T22:01:50","modified_gmt":"2026-04-02T22:01:50","slug":"haki-elif-etek-takimi","status":"publish","type":"product","link":"https:\/\/mod.wisdar.net\/tr\/urun\/haki-elif-etek-takimi\/","title":{"rendered":"Haki Elif Etek Tak\u0131m\u0131"},"content":{"rendered":"<p>Tak\u0131m<br \/>\nBirinci s\u0131n\u0131f Modal kuma\u015ftan yap\u0131lm\u0131\u015ft\u0131r<br \/>\nBisiklet yaka bluz<br \/>\nD\u00fc\u015f\u00fck yaka bluz<br \/>\nArka yaka k\u0131sm\u0131nda fermuarl\u0131 bluz<br \/>\nYarasa kollu bluz<br \/>\nArka k\u0131sm\u0131nda fermuarl\u0131 etek<br \/>\nBa\u011flama detayl\u0131 etek<br \/>\nBluz uzunlu\u011fu: 59cm, G\u00f6\u011f\u00fcs: 67cm<br \/>\nEtek uzunlu\u011fu: 98cm, Bel: 37cm<\/p>\n","protected":false},"excerpt":{"rendered":"<p>Tak\u0131m Birinci s\u0131n\u0131f Modal kuma\u015ftan yap\u0131lm\u0131\u015ft\u0131r Bisiklet yaka bluz D\u00fc\u015f\u00fck yaka bluz Arka yaka k\u0131sm\u0131nda fermuarl\u0131 bluz Yarasa kollu bluz Arka k\u0131sm\u0131nda fermuarl\u0131 etek Ba\u011flama detayl\u0131 etek Bluz uzunlu\u011fu: 59cm, G\u00f6\u011f\u00fcs: 67cm Etek uzunlu\u011fu: 98cm, Bel: 37cm<\/p>\n","protected":false},"featured_media":56677,"comment_status":"open","ping_status":"closed","template":"","meta":[],"product_brand":[],"product_cat":[1900],"product_tag":[3000,2992,3040,2997,2995],"class_list":{"0":"post-56680","1":"product","2":"type-product","3":"status-publish","4":"has-post-thumbnail","6":"product_cat-koordinatlar-setler","7":"product_tag-blouse","8":"product_tag-khaki","9":"product_tag-modal-fabric","10":"product_tag-skirt","11":"product_tag-suit","12":"pa_brand-butikkolik","13":"pa_color-haki","14":"pa_size-4446","15":"pa_size-1-36-38-2","16":"pa_size-2-40-42-2","17":"pa_size-3-42-44","18":"pa_size-4-46","20":"first","21":"outofstock","22":"sale","23":"shipping-taxable","24":"purchasable","25":"product-type-variable"},"_links":{"self":[{"href":"https:\/\/mod.wisdar.net\/tr\/wp-json\/wp\/v2\/product\/56680","targetHints":{"allow":["GET"]}}],"collection":[{"href":"https:\/\/mod.wisdar.net\/tr\/wp-json\/wp\/v2\/product"}],"about":[{"href":"https:\/\/mod.wisdar.net\/tr\/wp-json\/wp\/v2\/types\/product"}],"replies":[{"embeddable":true,"href":"https:\/\/mod.wisdar.net\/tr\/wp-json\/wp\/v2\/comments?post=56680"}],"wp:featuredmedia":[{"embeddable":true,"href":"https:\/\/mod.wisdar.net\/tr\/wp-json\/wp\/v2\/media\/56677"}],"wp:attachment":[{"href":"https:\/\/mod.wisdar.net\/tr\/wp-json\/wp\/v2\/media?parent=56680"}],"wp:term":[{"taxonomy":"product_brand","embeddable":true,"href":"https:\/\/mod.wisdar.net\/tr\/wp-json\/wp\/v2\/product_brand?post=56680"},{"taxonomy":"product_cat","embeddable":true,"href":"https:\/\/mod.wisdar.net\/tr\/wp-json\/wp\/v2\/product_cat?post=56680"},{"taxonomy":"product_tag","embeddable":true,"href":"https:\/\/mod.wisdar.net\/tr\/wp-json\/wp\/v2\/product_tag?post=56680"}],"curies":[{"name":"wp","href":"https:\/\/api.w.org\/{rel}","templated":true}]}}