{"id":56703,"date":"2025-12-28T04:49:07","date_gmt":"2025-12-28T04:49:07","guid":{"rendered":"https:\/\/modesthanim.com\/product\/acik-sari-renkte-pileli-maksi-etek\/"},"modified":"2026-03-26T01:11:48","modified_gmt":"2026-03-26T01:11:48","slug":"acik-sari-renkte-pileli-maksi-etek","status":"publish","type":"product","link":"https:\/\/mod.wisdar.net\/tr\/urun\/acik-sari-renkte-pileli-maksi-etek\/","title":{"rendered":"A\u00e7\u0131k Sar\u0131 Renkte Pileli Maksi Etek"},"content":{"rendered":"<p>%100 pamuk yo\u011fun voile kuma\u015ftan yap\u0131lm\u0131\u015f bu etek, \u00e7ok katmanl\u0131, astarl\u0131 tasar\u0131m\u0131, ince pile detaylar\u0131, elastik bel band\u0131 ve ayarlanabilir ku\u015fak kemer \u00f6zelliklerine sahiptir. Maksi boy.<\/p>\n<p>Beden 1 (36-38): Boy: 100 cm, Kal\u00e7a: 61 cm, Bel: 34 cm.<\/p>\n<p>Beden 2 (40-42): Boy: 100 cm, Kal\u00e7a: 63 cm, Bel: 36 cm.<\/p>\n","protected":false},"excerpt":{"rendered":"<p>%100 pamuk yo\u011fun voile kuma\u015ftan yap\u0131lm\u0131\u015f bu etek, \u00e7ok katmanl\u0131, astarl\u0131 tasar\u0131m\u0131, ince pile detaylar\u0131, elastik bel band\u0131 ve ayarlanabilir ku\u015fak kemer \u00f6zelliklerine sahiptir. Maksi boy. Beden 1 (36-38): Boy: 100 cm, Kal\u00e7a: 61 cm, Bel: 34 cm. Beden 2 (40-42): Boy: 100 cm, Kal\u00e7a: 63 cm, Bel: 36 cm.<\/p>\n","protected":false},"featured_media":56697,"comment_status":"open","ping_status":"closed","template":"","meta":[],"product_brand":[],"product_cat":[1969],"product_tag":[6765,7488,6747],"class_list":{"0":"post-56703","1":"product","2":"type-product","3":"status-publish","4":"has-post-thumbnail","6":"product_cat-etekler","7":"product_tag-lastikli-bel","8":"product_tag-pamuk","9":"product_tag-pile-detayli","10":"pa_brand-fahhar","11":"pa_color-acik-sari","12":"pa_size-1-36-38","13":"pa_size-2-40-42","15":"first","16":"outofstock","17":"shipping-taxable","18":"product-type-variable"},"_links":{"self":[{"href":"https:\/\/mod.wisdar.net\/tr\/wp-json\/wp\/v2\/product\/56703","targetHints":{"allow":["GET"]}}],"collection":[{"href":"https:\/\/mod.wisdar.net\/tr\/wp-json\/wp\/v2\/product"}],"about":[{"href":"https:\/\/mod.wisdar.net\/tr\/wp-json\/wp\/v2\/types\/product"}],"replies":[{"embeddable":true,"href":"https:\/\/mod.wisdar.net\/tr\/wp-json\/wp\/v2\/comments?post=56703"}],"wp:featuredmedia":[{"embeddable":true,"href":"https:\/\/mod.wisdar.net\/tr\/wp-json\/wp\/v2\/media\/56697"}],"wp:attachment":[{"href":"https:\/\/mod.wisdar.net\/tr\/wp-json\/wp\/v2\/media?parent=56703"}],"wp:term":[{"taxonomy":"product_brand","embeddable":true,"href":"https:\/\/mod.wisdar.net\/tr\/wp-json\/wp\/v2\/product_brand?post=56703"},{"taxonomy":"product_cat","embeddable":true,"href":"https:\/\/mod.wisdar.net\/tr\/wp-json\/wp\/v2\/product_cat?post=56703"},{"taxonomy":"product_tag","embeddable":true,"href":"https:\/\/mod.wisdar.net\/tr\/wp-json\/wp\/v2\/product_tag?post=56703"}],"curies":[{"name":"wp","href":"https:\/\/api.w.org\/{rel}","templated":true}]}}