{"id":5671,"date":"2025-11-01T12:52:53","date_gmt":"2025-11-01T12:52:53","guid":{"rendered":"https:\/\/modesthanim.com\/product\/gecmeli-mini-yelek-lacivert\/"},"modified":"2026-03-17T23:11:58","modified_gmt":"2026-03-17T23:11:58","slug":"gecmeli-mini-yelek-lacivert","status":"publish","type":"product","link":"https:\/\/mod.wisdar.net\/tr\/urun\/gecmeli-mini-yelek-lacivert\/","title":{"rendered":"Ge\u00e7meli Mini Yelek \u2013 Lacivert"},"content":{"rendered":"<p>Modern ve \u015f\u0131k tarz\u0131yla bu mini yelek, sofistike ge\u00e7meli kesimi ile dikkat \u00e7eker. Yap\u0131l\u0131 formu zarif bir g\u00f6r\u00fcn\u00fcm sa\u011flar, katmanl\u0131 k\u0131yafetler i\u00e7in m\u00fckemmel bir tamamlay\u0131c\u0131d\u0131r.<\/p>\n<p>Kuma\u015f \u0130\u00e7eri\u011fi: %100 Polyester<br \/>\nDesen: D\u00fcz<br \/>\nYaka Tipi: V-Yaka<br \/>\nKol Tipi: Kolsuz<br \/>\nCep: Dekoratif Kapak<br \/>\nAstar: Astarl\u0131<br \/>\n\u00dcr\u00fcn Uzunlu\u011fu: 55 cm<br \/>\nKal\u0131p: Normal Kal\u0131p<br \/>\nModelin Giydi\u011fi Beden: 38<br \/>\nModel \u00d6l\u00e7\u00fcleri: Boy: 176 cm, G\u00f6\u011f\u00fcs: 75 cm, Bel: 59 cm, Kal\u00e7a: 87 cm<\/p>\n<p>\u2014 Teknik Detaylar \u2014<br \/>\nDesen: D\u00fcz<br \/>\nYaka Tipi: V-Yaka<br \/>\nKol Tipi: Kolsuz<br \/>\nCep: Dekoratif Kapak<br \/>\nAstar: Astarl\u0131<br \/>\n\u00dcr\u00fcn Uzunlu\u011fu: 55 cm<br \/>\nKal\u0131p: Normal Kal\u0131p<br \/>\nModelin Giydi\u011fi Beden: 38<br \/>\nModel \u00d6l\u00e7\u00fcleri: Boy: 176 cm, G\u00f6\u011f\u00fcs: 75 cm, Bel: 59 cm, Kal\u00e7a: 87 cm<\/p>\n","protected":false},"excerpt":{"rendered":"<p>Modern ve \u015f\u0131k tarz\u0131yla bu mini yelek, sofistike ge\u00e7meli kesimi ile dikkat \u00e7eker. Yap\u0131l\u0131 formu zarif bir g\u00f6r\u00fcn\u00fcm sa\u011flar, katmanl\u0131 k\u0131yafetler i\u00e7in m\u00fckemmel bir tamamlay\u0131c\u0131d\u0131r. Kuma\u015f \u0130\u00e7eri\u011fi: %100 Polyester Desen: D\u00fcz Yaka Tipi: V-Yaka Kol Tipi: Kolsuz Cep: Dekoratif Kapak Astar: Astarl\u0131 \u00dcr\u00fcn Uzunlu\u011fu: 55 cm Kal\u0131p: Normal Kal\u0131p Modelin Giydi\u011fi Beden: 38 Model \u00d6l\u00e7\u00fcleri: [&hellip;]<\/p>\n","protected":false},"featured_media":0,"comment_status":"open","ping_status":"closed","template":"","meta":[],"product_brand":[],"product_cat":[2053],"product_tag":[5012,7238,5013,8399],"class_list":{"0":"post-5671","1":"product","2":"type-product","3":"status-publish","5":"product_cat-yelekler-yelekler","6":"product_tag-elegant","7":"product_tag-lacivert","8":"product_tag-modern","9":"product_tag-sik-2","10":"pa_color-lacivert","11":"pa_size-4706","12":"pa_size-4711","13":"pa_size-4713","14":"pa_size-4751","15":"pa_size-4749","16":"pa_size-4747","18":"first","19":"instock","20":"sale","21":"shipping-taxable","22":"purchasable","23":"product-type-variable"},"_links":{"self":[{"href":"https:\/\/mod.wisdar.net\/tr\/wp-json\/wp\/v2\/product\/5671","targetHints":{"allow":["GET"]}}],"collection":[{"href":"https:\/\/mod.wisdar.net\/tr\/wp-json\/wp\/v2\/product"}],"about":[{"href":"https:\/\/mod.wisdar.net\/tr\/wp-json\/wp\/v2\/types\/product"}],"replies":[{"embeddable":true,"href":"https:\/\/mod.wisdar.net\/tr\/wp-json\/wp\/v2\/comments?post=5671"}],"wp:attachment":[{"href":"https:\/\/mod.wisdar.net\/tr\/wp-json\/wp\/v2\/media?parent=5671"}],"wp:term":[{"taxonomy":"product_brand","embeddable":true,"href":"https:\/\/mod.wisdar.net\/tr\/wp-json\/wp\/v2\/product_brand?post=5671"},{"taxonomy":"product_cat","embeddable":true,"href":"https:\/\/mod.wisdar.net\/tr\/wp-json\/wp\/v2\/product_cat?post=5671"},{"taxonomy":"product_tag","embeddable":true,"href":"https:\/\/mod.wisdar.net\/tr\/wp-json\/wp\/v2\/product_tag?post=5671"}],"curies":[{"name":"wp","href":"https:\/\/api.w.org\/{rel}","templated":true}]}}