{"id":56738,"date":"2025-12-28T04:50:13","date_gmt":"2025-12-28T04:50:13","guid":{"rendered":"https:\/\/modesthanim.com\/product\/efnan-siyah-etek-takimi\/"},"modified":"2026-04-02T21:24:54","modified_gmt":"2026-04-02T21:24:54","slug":"efnan-siyah-etek-takimi","status":"publish","type":"product","link":"https:\/\/mod.wisdar.net\/tr\/urun\/efnan-siyah-etek-takimi\/","title":{"rendered":"Efnan Siyah Etek Tak\u0131m\u0131"},"content":{"rendered":"<p>Tak\u0131m, birinci s\u0131n\u0131f s\u00fcet kuma\u015ftan yap\u0131lm\u0131\u015ft\u0131r. Yelek kolsuzdur. Yelekte d\u00fc\u011fme detaylar\u0131 bulunmaktad\u0131r. Etek, fermuarl\u0131 kapatmaya sahiptir. Yelek uzunlu\u011fu: 53cm, Omuz: 35cm, G\u00f6\u011f\u00fcs: 47cm. Etek uzunlu\u011fu: 100cm, Bel: 39cm.<\/p>\n","protected":false},"excerpt":{"rendered":"<p>Tak\u0131m, birinci s\u0131n\u0131f s\u00fcet kuma\u015ftan yap\u0131lm\u0131\u015ft\u0131r. Yelek kolsuzdur. Yelekte d\u00fc\u011fme detaylar\u0131 bulunmaktad\u0131r. Etek, fermuarl\u0131 kapatmaya sahiptir. Yelek uzunlu\u011fu: 53cm, Omuz: 35cm, G\u00f6\u011f\u00fcs: 47cm. Etek uzunlu\u011fu: 100cm, Bel: 39cm.<\/p>\n","protected":false},"featured_media":56735,"comment_status":"open","ping_status":"closed","template":"","meta":[],"product_brand":[],"product_cat":[],"product_tag":[],"class_list":{"0":"post-56738","1":"product","2":"type-product","3":"status-publish","4":"has-post-thumbnail","7":"first","8":"outofstock","9":"sale","10":"shipping-taxable","11":"purchasable","12":"product-type-variable"},"_links":{"self":[{"href":"https:\/\/mod.wisdar.net\/tr\/wp-json\/wp\/v2\/product\/56738","targetHints":{"allow":["GET"]}}],"collection":[{"href":"https:\/\/mod.wisdar.net\/tr\/wp-json\/wp\/v2\/product"}],"about":[{"href":"https:\/\/mod.wisdar.net\/tr\/wp-json\/wp\/v2\/types\/product"}],"replies":[{"embeddable":true,"href":"https:\/\/mod.wisdar.net\/tr\/wp-json\/wp\/v2\/comments?post=56738"}],"wp:featuredmedia":[{"embeddable":true,"href":"https:\/\/mod.wisdar.net\/tr\/wp-json\/wp\/v2\/media\/56735"}],"wp:attachment":[{"href":"https:\/\/mod.wisdar.net\/tr\/wp-json\/wp\/v2\/media?parent=56738"}],"wp:term":[{"taxonomy":"product_brand","embeddable":true,"href":"https:\/\/mod.wisdar.net\/tr\/wp-json\/wp\/v2\/product_brand?post=56738"},{"taxonomy":"product_cat","embeddable":true,"href":"https:\/\/mod.wisdar.net\/tr\/wp-json\/wp\/v2\/product_cat?post=56738"},{"taxonomy":"product_tag","embeddable":true,"href":"https:\/\/mod.wisdar.net\/tr\/wp-json\/wp\/v2\/product_tag?post=56738"}],"curies":[{"name":"wp","href":"https:\/\/api.w.org\/{rel}","templated":true}]}}