{"id":56914,"date":"2025-11-07T20:16:06","date_gmt":"2025-11-01T12:42:32","guid":{"rendered":"https:\/\/modesthanim.com\/product\/ekru-renk-yuvarlak-yaka-kolsuz-orgu-bodysuit\/"},"modified":"2026-02-09T13:36:46","modified_gmt":"2026-02-09T13:36:46","slug":"ekru-renk-yuvarlak-yaka-kolsuz-orgu-bodysuit","status":"publish","type":"product","link":"https:\/\/mod.wisdar.net\/tr\/urun\/ekru-renk-yuvarlak-yaka-kolsuz-orgu-bodysuit\/","title":{"rendered":"Ekru Renk Yuvarlak Yaka Kolsuz \u00d6rg\u00fc Bodysuit"},"content":{"rendered":"<p>\u00dcR\u00dcN A\u00c7IKLAMASI: Ekru Renk Yuvarlak Yaka Kolsuz \u00d6rg\u00fc Bodysuit, minimal tasar\u0131m\u0131 ve rahat kal\u0131b\u0131 ile gard\u0131robunuzun vazge\u00e7ilmez bir par\u00e7as\u0131d\u0131r. Hafif ve esnek yap\u0131s\u0131 g\u00fcn boyu konfor sa\u011flarken, yuvarlak yaka basit fakat \u015f\u0131k bir g\u00f6r\u00fcn\u00fcm sunar. Kolsuz formu, ceketler, g\u00f6mlekler veya h\u0131rkalar ile kolay katmanlama imkan\u0131 tan\u0131r. Mevsim ne olursa olsun, g\u00fcnl\u00fck k\u0131yafetler veya katmanl\u0131 stiller i\u00e7in olmazsa olmaz bir temel \u00fcr\u00fcnd\u00fcr.<br \/>\n\u00dcR\u00dcN \u00d6ZELL\u0130KLER\u0130: \u00dcr\u00fcn Tipi: \u00d6rg\u00fc h\u0131rka, Yaka: Yuvarlak yaka, Kol ve Etek: Kabartmal\u0131 \u00f6rg\u00fc.<br \/>\nBAKIM VE \u0130\u00c7ER\u0130K: %52 Viskoz, %28 PES, %20 POLYAKR\u0130L. D\u00fc\u015f\u00fck s\u0131cakl\u0131kta makinede y\u0131kanabilir. D\u00fc\u015f\u00fck \u0131s\u0131da tersinden \u00fct\u00fcleyin, asarak kurutun. \u00d6l\u00e7\u00fcler 2-3 cm de\u011fi\u015febilir.<br \/>\nModel \u00d6l\u00e7\u00fcleri: Boy 177cm, G\u00f6\u011f\u00fcs 69cm, Kal\u00e7a 89cm. Modelin giydi\u011fi \u00fcr\u00fcn 36 bedendir.<\/p>\n","protected":false},"excerpt":{"rendered":"<p>\u00dcR\u00dcN A\u00c7IKLAMASI: Ekru Renk Yuvarlak Yaka Kolsuz \u00d6rg\u00fc Bodysuit, minimal tasar\u0131m\u0131 ve rahat kal\u0131b\u0131 ile gard\u0131robunuzun vazge\u00e7ilmez bir par\u00e7as\u0131d\u0131r. Hafif ve esnek yap\u0131s\u0131 g\u00fcn boyu konfor sa\u011flarken, yuvarlak yaka basit fakat \u015f\u0131k bir g\u00f6r\u00fcn\u00fcm sunar. Kolsuz formu, ceketler, g\u00f6mlekler veya h\u0131rkalar ile kolay katmanlama imkan\u0131 tan\u0131r. Mevsim ne olursa olsun, g\u00fcnl\u00fck k\u0131yafetler veya katmanl\u0131 stiller [&hellip;]<\/p>\n","protected":false},"featured_media":56909,"comment_status":"open","ping_status":"closed","template":"","meta":[],"product_brand":[],"product_cat":[1909],"product_tag":[6757],"class_list":{"0":"post-56914","1":"product","2":"type-product","3":"status-publish","4":"has-post-thumbnail","6":"product_cat-bluzlar-ve-gomlekler","7":"product_tag-ekru","8":"pa_brand-kadriye-basturk","9":"pa_color-ekru","10":"pa_size-4701","11":"pa_size-4706","12":"pa_size-4711","13":"pa_size-4713","15":"first","16":"instock","17":"sale","18":"shipping-taxable","19":"purchasable","20":"product-type-variable"},"_links":{"self":[{"href":"https:\/\/mod.wisdar.net\/tr\/wp-json\/wp\/v2\/product\/56914","targetHints":{"allow":["GET"]}}],"collection":[{"href":"https:\/\/mod.wisdar.net\/tr\/wp-json\/wp\/v2\/product"}],"about":[{"href":"https:\/\/mod.wisdar.net\/tr\/wp-json\/wp\/v2\/types\/product"}],"replies":[{"embeddable":true,"href":"https:\/\/mod.wisdar.net\/tr\/wp-json\/wp\/v2\/comments?post=56914"}],"wp:featuredmedia":[{"embeddable":true,"href":"https:\/\/mod.wisdar.net\/tr\/wp-json\/wp\/v2\/media\/56909"}],"wp:attachment":[{"href":"https:\/\/mod.wisdar.net\/tr\/wp-json\/wp\/v2\/media?parent=56914"}],"wp:term":[{"taxonomy":"product_brand","embeddable":true,"href":"https:\/\/mod.wisdar.net\/tr\/wp-json\/wp\/v2\/product_brand?post=56914"},{"taxonomy":"product_cat","embeddable":true,"href":"https:\/\/mod.wisdar.net\/tr\/wp-json\/wp\/v2\/product_cat?post=56914"},{"taxonomy":"product_tag","embeddable":true,"href":"https:\/\/mod.wisdar.net\/tr\/wp-json\/wp\/v2\/product_tag?post=56914"}],"curies":[{"name":"wp","href":"https:\/\/api.w.org\/{rel}","templated":true}]}}