{"id":56940,"date":"2025-12-28T05:05:05","date_gmt":"2025-12-28T05:05:05","guid":{"rendered":"https:\/\/modesthanim.com\/product\/dilber-trenc-elbise-bordo\/"},"modified":"2026-04-15T22:07:28","modified_gmt":"2026-04-15T22:07:28","slug":"dilber-trenc-elbise-bordo","status":"publish","type":"product","link":"https:\/\/mod.wisdar.net\/tr\/urun\/dilber-trenc-elbise-bordo\/","title":{"rendered":"Dilber Tren\u00e7 Elbise Bordo"},"content":{"rendered":"<p>Elbise 1. S\u0131n\u0131f Tren\u00e7 Kuma\u015f\u0131ndan \u00fcretilmi\u015ftir.<br \/>\nElbise yar\u0131ya kadar fermuarl\u0131 tasar\u0131ma sahiptir.<br \/>\n\u015e\u0131k cep detaylar\u0131 ile donat\u0131lm\u0131\u015ft\u0131r.<br \/>\nD\u00fc\u015f\u00fck omuz kesimi ile modern bir g\u00f6r\u00fcn\u00fcm sunar.<br \/>\n\u0130nce bel vurgusu i\u00e7in kemer detay\u0131 bulunmaktad\u0131r.<\/p>\n<p>\u2014 Teknik Detaylar \u2014<br \/>\nUzunluk: 140 cm<br \/>\nG\u00f6\u011f\u00fcs: 46 cm<br \/>\nBel: 29 cm<\/p>\n","protected":false},"excerpt":{"rendered":"<p>Elbise 1. S\u0131n\u0131f Tren\u00e7 Kuma\u015f\u0131ndan \u00fcretilmi\u015ftir. Elbise yar\u0131ya kadar fermuarl\u0131 tasar\u0131ma sahiptir. \u015e\u0131k cep detaylar\u0131 ile donat\u0131lm\u0131\u015ft\u0131r. D\u00fc\u015f\u00fck omuz kesimi ile modern bir g\u00f6r\u00fcn\u00fcm sunar. \u0130nce bel vurgusu i\u00e7in kemer detay\u0131 bulunmaktad\u0131r. \u2014 Teknik Detaylar \u2014 Uzunluk: 140 cm G\u00f6\u011f\u00fcs: 46 cm Bel: 29 cm<\/p>\n","protected":false},"featured_media":56937,"comment_status":"open","ping_status":"closed","template":"","meta":[],"product_brand":[],"product_cat":[6249],"product_tag":[7523],"class_list":{"0":"post-56940","1":"product","2":"type-product","3":"status-publish","4":"has-post-thumbnail","6":"product_cat-elbiseler","7":"product_tag-dress","8":"pa_brand-butikkolik","9":"pa_color-bordo","10":"pa_size-1-38-40","11":"pa_size-1-38-40-42","12":"pa_size-2-42-44-46","13":"pa_size-2-44-46","15":"first","16":"outofstock","17":"shipping-taxable","18":"product-type-variable"},"_links":{"self":[{"href":"https:\/\/mod.wisdar.net\/tr\/wp-json\/wp\/v2\/product\/56940","targetHints":{"allow":["GET"]}}],"collection":[{"href":"https:\/\/mod.wisdar.net\/tr\/wp-json\/wp\/v2\/product"}],"about":[{"href":"https:\/\/mod.wisdar.net\/tr\/wp-json\/wp\/v2\/types\/product"}],"replies":[{"embeddable":true,"href":"https:\/\/mod.wisdar.net\/tr\/wp-json\/wp\/v2\/comments?post=56940"}],"wp:featuredmedia":[{"embeddable":true,"href":"https:\/\/mod.wisdar.net\/tr\/wp-json\/wp\/v2\/media\/56937"}],"wp:attachment":[{"href":"https:\/\/mod.wisdar.net\/tr\/wp-json\/wp\/v2\/media?parent=56940"}],"wp:term":[{"taxonomy":"product_brand","embeddable":true,"href":"https:\/\/mod.wisdar.net\/tr\/wp-json\/wp\/v2\/product_brand?post=56940"},{"taxonomy":"product_cat","embeddable":true,"href":"https:\/\/mod.wisdar.net\/tr\/wp-json\/wp\/v2\/product_cat?post=56940"},{"taxonomy":"product_tag","embeddable":true,"href":"https:\/\/mod.wisdar.net\/tr\/wp-json\/wp\/v2\/product_tag?post=56940"}],"curies":[{"name":"wp","href":"https:\/\/api.w.org\/{rel}","templated":true}]}}