{"id":56966,"date":"2025-12-28T05:05:48","date_gmt":"2025-12-28T05:05:48","guid":{"rendered":"https:\/\/modesthanim.com\/product\/allerli-denim-ceket-lacivert\/"},"modified":"2026-04-10T15:14:06","modified_gmt":"2026-04-10T15:14:06","slug":"allerli-denim-ceket-lacivert","status":"publish","type":"product","link":"https:\/\/mod.wisdar.net\/tr\/urun\/allerli-denim-ceket-lacivert\/","title":{"rendered":"Allerli Denim Ceket Lacivert"},"content":{"rendered":"<p>\u0130nce dokuma denim kuma\u015ftan yap\u0131lm\u0131\u015f, \u00f6n\u00fcnde r\u00fczgarl\u0131k detay\u0131 bulunan, fermuarla kapanan, etek ucu t\u00fcnel detayl\u0131 ve i\u00e7ten britli, uzun kollu ve man\u015fetli ceket. 1(36-38) Beden Uzunluk: 60 cm, Kol Uzunlu\u011fu: 56 cm, G\u00f6\u011f\u00fcs: 53 cm, Bel: 53 cm, \u0130ki Omuz Aras\u0131 Mesafe: 42 cm. 2(40-42) Beden Uzunluk: 61 cm, Kol Uzunlu\u011fu: 58 cm, G\u00f6\u011f\u00fcs: 55 cm, Bel: 55 cm, \u0130ki Omuz Aras\u0131 Mesafe: 43 cm.<\/p>\n","protected":false},"excerpt":{"rendered":"<p>\u0130nce dokuma denim kuma\u015ftan yap\u0131lm\u0131\u015f, \u00f6n\u00fcnde r\u00fczgarl\u0131k detay\u0131 bulunan, fermuarla kapanan, etek ucu t\u00fcnel detayl\u0131 ve i\u00e7ten britli, uzun kollu ve man\u015fetli ceket. 1(36-38) Beden Uzunluk: 60 cm, Kol Uzunlu\u011fu: 56 cm, G\u00f6\u011f\u00fcs: 53 cm, Bel: 53 cm, \u0130ki Omuz Aras\u0131 Mesafe: 42 cm. 2(40-42) Beden Uzunluk: 61 cm, Kol Uzunlu\u011fu: 58 cm, G\u00f6\u011f\u00fcs: 55 [&hellip;]<\/p>\n","protected":false},"featured_media":56960,"comment_status":"open","ping_status":"closed","template":"","meta":[],"product_brand":[],"product_cat":[2044],"product_tag":[],"class_list":{"0":"post-56966","1":"product","2":"type-product","3":"status-publish","4":"has-post-thumbnail","6":"product_cat-ceketler","7":"pa_brand-fahhar","8":"pa_color-lacivert","9":"pa_size-1-36-38","10":"pa_size-2-40-42","12":"first","13":"instock","14":"sale","15":"shipping-taxable","16":"purchasable","17":"product-type-variable"},"_links":{"self":[{"href":"https:\/\/mod.wisdar.net\/tr\/wp-json\/wp\/v2\/product\/56966","targetHints":{"allow":["GET"]}}],"collection":[{"href":"https:\/\/mod.wisdar.net\/tr\/wp-json\/wp\/v2\/product"}],"about":[{"href":"https:\/\/mod.wisdar.net\/tr\/wp-json\/wp\/v2\/types\/product"}],"replies":[{"embeddable":true,"href":"https:\/\/mod.wisdar.net\/tr\/wp-json\/wp\/v2\/comments?post=56966"}],"wp:featuredmedia":[{"embeddable":true,"href":"https:\/\/mod.wisdar.net\/tr\/wp-json\/wp\/v2\/media\/56960"}],"wp:attachment":[{"href":"https:\/\/mod.wisdar.net\/tr\/wp-json\/wp\/v2\/media?parent=56966"}],"wp:term":[{"taxonomy":"product_brand","embeddable":true,"href":"https:\/\/mod.wisdar.net\/tr\/wp-json\/wp\/v2\/product_brand?post=56966"},{"taxonomy":"product_cat","embeddable":true,"href":"https:\/\/mod.wisdar.net\/tr\/wp-json\/wp\/v2\/product_cat?post=56966"},{"taxonomy":"product_tag","embeddable":true,"href":"https:\/\/mod.wisdar.net\/tr\/wp-json\/wp\/v2\/product_tag?post=56966"}],"curies":[{"name":"wp","href":"https:\/\/api.w.org\/{rel}","templated":true}]}}