{"id":57003,"date":"2025-12-28T05:07:00","date_gmt":"2025-12-28T05:07:00","guid":{"rendered":"https:\/\/modesthanim.com\/product\/floral-cicek-desenli-kimono-siyah\/"},"modified":"2026-04-03T13:47:35","modified_gmt":"2026-04-03T13:47:35","slug":"floral-cicek-desenli-kimono-siyah","status":"publish","type":"product","link":"https:\/\/mod.wisdar.net\/tr\/urun\/floral-cicek-desenli-kimono-siyah\/","title":{"rendered":"Floral \u00c7i\u00e7ek Desenli Kimono \u2013 Siyah"},"content":{"rendered":"<p>\u0130ncelikle i\u015flenmi\u015f \u00e7i\u00e7ek desenlerinin hafif dokularla bulu\u015ftu\u011fu Floral \u00c7i\u00e7ek Desenli Kimono, stilinize romantik bir dokunu\u015f kat\u0131yor. Sezonun en sevilen par\u00e7alar\u0131ndan biri olan bu kimono, her ad\u0131mda zarafetiyle dikkat \u00e7eker.<br \/>\nKuma\u015f \u0130\u00e7eri\u011fi: %52 Rayon, %48 Viskon<br \/>\nDesen: Floral Desen<br \/>\nYaka Tipi: Kay\u0131k Yaka<br \/>\nKol Tipi: D\u00fc\u015f\u00fck Kol<br \/>\nCep: Fleto Cep<br \/>\nAstar: Astars\u0131z<br \/>\n\u00dcr\u00fcn Boyu: 125 cm<br \/>\nKal\u0131p Tipi: Rahat Kal\u0131p\u00a0<br \/>\nMankenin Giydi\u011fi Beden: 38<br \/>\nManken \u00d6l\u00e7\u00fcleri:Boy: 176 cm G\u00f6\u011f\u00fcs: 75 cmBel: 59 cmBasen: 87 cm\u00a0<\/p>\n<p>\u2014 Technical Details \u2014<br \/>\nDesen: Floral Desen<br \/>\nYaka Tipi: Kay\u0131k Yaka<br \/>\nKol Tipi: D\u00fc\u015f\u00fck Kol<br \/>\nCep: Fleto Cep<br \/>\nAstar: Astars\u0131z<br \/>\n\u00dcr\u00fcn Boyu: 125 cm<br \/>\nKal\u0131p Tipi: Rahat Kal\u0131p<br \/>\nMankenin Giydi\u011fi Beden: 38<br \/>\nManken \u00d6l\u00e7\u00fcleri: Boy: 176 cm, G\u00f6\u011f\u00fcs: 75 cm, Bel: 59 cm, Basen: 87 cm<\/p>\n","protected":false},"excerpt":{"rendered":"<p>\u0130ncelikle i\u015flenmi\u015f \u00e7i\u00e7ek desenlerinin hafif dokularla bulu\u015ftu\u011fu Floral \u00c7i\u00e7ek Desenli Kimono, stilinize romantik bir dokunu\u015f kat\u0131yor. Sezonun en sevilen par\u00e7alar\u0131ndan biri olan bu kimono, her ad\u0131mda zarafetiyle dikkat \u00e7eker. Kuma\u015f \u0130\u00e7eri\u011fi: %52 Rayon, %48 Viskon Desen: Floral Desen Yaka Tipi: Kay\u0131k Yaka Kol Tipi: D\u00fc\u015f\u00fck Kol Cep: Fleto Cep Astar: Astars\u0131z \u00dcr\u00fcn Boyu: 125 cm [&hellip;]<\/p>\n","protected":false},"featured_media":56997,"comment_status":"open","ping_status":"closed","template":"","meta":[],"product_brand":[],"product_cat":[1909],"product_tag":[7508],"class_list":{"0":"post-57003","1":"product","2":"type-product","3":"status-publish","4":"has-post-thumbnail","6":"product_cat-bluzlar-ve-gomlekler","7":"product_tag-cicekli","8":"pa_brand-tugba","9":"pa_color-siyah","10":"pa_size-4706","11":"pa_size-4711","12":"pa_size-4713","13":"pa_size-4751","14":"pa_size-4749","15":"pa_size-4747","17":"first","18":"instock","19":"sale","20":"shipping-taxable","21":"purchasable","22":"product-type-variable"},"_links":{"self":[{"href":"https:\/\/mod.wisdar.net\/tr\/wp-json\/wp\/v2\/product\/57003","targetHints":{"allow":["GET"]}}],"collection":[{"href":"https:\/\/mod.wisdar.net\/tr\/wp-json\/wp\/v2\/product"}],"about":[{"href":"https:\/\/mod.wisdar.net\/tr\/wp-json\/wp\/v2\/types\/product"}],"replies":[{"embeddable":true,"href":"https:\/\/mod.wisdar.net\/tr\/wp-json\/wp\/v2\/comments?post=57003"}],"wp:featuredmedia":[{"embeddable":true,"href":"https:\/\/mod.wisdar.net\/tr\/wp-json\/wp\/v2\/media\/56997"}],"wp:attachment":[{"href":"https:\/\/mod.wisdar.net\/tr\/wp-json\/wp\/v2\/media?parent=57003"}],"wp:term":[{"taxonomy":"product_brand","embeddable":true,"href":"https:\/\/mod.wisdar.net\/tr\/wp-json\/wp\/v2\/product_brand?post=57003"},{"taxonomy":"product_cat","embeddable":true,"href":"https:\/\/mod.wisdar.net\/tr\/wp-json\/wp\/v2\/product_cat?post=57003"},{"taxonomy":"product_tag","embeddable":true,"href":"https:\/\/mod.wisdar.net\/tr\/wp-json\/wp\/v2\/product_tag?post=57003"}],"curies":[{"name":"wp","href":"https:\/\/api.w.org\/{rel}","templated":true}]}}