{"id":57080,"date":"2025-12-28T05:10:31","date_gmt":"2025-12-28T05:10:31","guid":{"rendered":"https:\/\/modesthanim.com\/product\/dikis-detayli-uzun-ceket-lagun-yesili\/"},"modified":"2026-04-02T20:24:34","modified_gmt":"2026-04-02T20:24:34","slug":"dikis-detayli-uzun-ceket-lagun-yesili","status":"publish","type":"product","link":"https:\/\/mod.wisdar.net\/tr\/urun\/dikis-detayli-uzun-ceket-lagun-yesili\/","title":{"rendered":"Diki\u015f Detayl\u0131 Uzun Ceket \u2013 Lag\u00fcn Ye\u015fili"},"content":{"rendered":"<p>\u015e\u0131k diki\u015f detaylar\u0131 ile zenginle\u015ftirilmi\u015f bu uzun ceket, minimal tasar\u0131m\u0131 ile zarif bir duru\u015f sunar. G\u00fcnl\u00fck ve klasik k\u0131yafetlerle kombinlenmek i\u00e7in idealdir.<\/p>\n<p>Kuma\u015f \u0130\u00e7eri\u011fi: %100 Lyocell<br \/>\nDesen: D\u00fcz<br \/>\nYaka Tipi: G\u00f6mlek Yaka<br \/>\nKol Tipi: Uzun Kol<br \/>\nCep: D\u00fcnya Cebi<br \/>\nAstar: Astars\u0131z<br \/>\n\u00dcr\u00fcn Uzunlu\u011fu: 110 cm<br \/>\nKal\u0131p: Normal Kal\u0131p<br \/>\nModelin Giydi\u011fi Beden: 38<br \/>\nModel \u00d6l\u00e7\u00fcleri: Boy: 176 cm, G\u00f6\u011f\u00fcs: 86 cm, Bel: 61 cm, Kal\u00e7a: 90 cm<\/p>\n","protected":false},"excerpt":{"rendered":"<p>\u015e\u0131k diki\u015f detaylar\u0131 ile zenginle\u015ftirilmi\u015f bu uzun ceket, minimal tasar\u0131m\u0131 ile zarif bir duru\u015f sunar. G\u00fcnl\u00fck ve klasik k\u0131yafetlerle kombinlenmek i\u00e7in idealdir. Kuma\u015f \u0130\u00e7eri\u011fi: %100 Lyocell Desen: D\u00fcz Yaka Tipi: G\u00f6mlek Yaka Kol Tipi: Uzun Kol Cep: D\u00fcnya Cebi Astar: Astars\u0131z \u00dcr\u00fcn Uzunlu\u011fu: 110 cm Kal\u0131p: Normal Kal\u0131p Modelin Giydi\u011fi Beden: 38 Model \u00d6l\u00e7\u00fcleri: Boy: [&hellip;]<\/p>\n","protected":false},"featured_media":57072,"comment_status":"open","ping_status":"closed","template":"","meta":[],"product_brand":[],"product_cat":[2044],"product_tag":[5012,7354],"class_list":{"0":"post-57080","1":"product","2":"type-product","3":"status-publish","4":"has-post-thumbnail","6":"product_cat-ceketler","7":"product_tag-elegant","8":"product_tag-gunluk-giyim-2","9":"pa_brand-tugba","10":"pa_color-gol-yesili","11":"pa_size-4706","12":"pa_size-4711","13":"pa_size-4713","14":"pa_size-4751","15":"pa_size-4749","16":"pa_size-4747","18":"first","19":"instock","20":"sale","21":"shipping-taxable","22":"purchasable","23":"product-type-variable"},"_links":{"self":[{"href":"https:\/\/mod.wisdar.net\/tr\/wp-json\/wp\/v2\/product\/57080","targetHints":{"allow":["GET"]}}],"collection":[{"href":"https:\/\/mod.wisdar.net\/tr\/wp-json\/wp\/v2\/product"}],"about":[{"href":"https:\/\/mod.wisdar.net\/tr\/wp-json\/wp\/v2\/types\/product"}],"replies":[{"embeddable":true,"href":"https:\/\/mod.wisdar.net\/tr\/wp-json\/wp\/v2\/comments?post=57080"}],"wp:featuredmedia":[{"embeddable":true,"href":"https:\/\/mod.wisdar.net\/tr\/wp-json\/wp\/v2\/media\/57072"}],"wp:attachment":[{"href":"https:\/\/mod.wisdar.net\/tr\/wp-json\/wp\/v2\/media?parent=57080"}],"wp:term":[{"taxonomy":"product_brand","embeddable":true,"href":"https:\/\/mod.wisdar.net\/tr\/wp-json\/wp\/v2\/product_brand?post=57080"},{"taxonomy":"product_cat","embeddable":true,"href":"https:\/\/mod.wisdar.net\/tr\/wp-json\/wp\/v2\/product_cat?post=57080"},{"taxonomy":"product_tag","embeddable":true,"href":"https:\/\/mod.wisdar.net\/tr\/wp-json\/wp\/v2\/product_tag?post=57080"}],"curies":[{"name":"wp","href":"https:\/\/api.w.org\/{rel}","templated":true}]}}