{"id":57106,"date":"2025-11-01T19:49:30","date_gmt":"2025-11-01T19:49:30","guid":{"rendered":"https:\/\/modesthanim.com\/product\/elastik-bel-crop-ceket-siyah\/"},"modified":"2026-04-10T14:51:27","modified_gmt":"2026-04-10T14:51:27","slug":"elastik-bel-crop-ceket-siyah","status":"publish","type":"product","link":"https:\/\/mod.wisdar.net\/tr\/urun\/elastik-bel-crop-ceket-siyah\/","title":{"rendered":"Elastik Bel Crop Ceket \u2013 Siyah"},"content":{"rendered":"<p>Bu ceket, k\u0131sa crop formu ile modern bir siluet sunar, bel \u00e7evresinde elastik detay\u0131 ile \u015feklini koruyarak s\u0131k\u0131 bir \u015fekilde oturur.<\/p>\n<p>Kuma\u015f \u0130\u00e7eri\u011fi: %83 Viskoz, %17 Polyester<br \/>\nDesen: D\u00fcz<br \/>\nYaka Tipi: Bomber Yaka<br \/>\nKol Tipi: D\u00fc\u015f\u00fck Kol<br \/>\nCep: Gizli Cep<br \/>\nAstar: Astars\u0131z<br \/>\n\u00dcr\u00fcn Uzunlu\u011fu: 55 cm<br \/>\nKal\u0131p: Normal Kal\u0131p<br \/>\nModelin Giydi\u011fi Beden: 36<br \/>\nModel \u00d6l\u00e7\u00fcleri: Boy: 174 cm, G\u00f6\u011f\u00fcs: 81 cm, Bel: 61 cm, Kal\u00e7a: 92 cm<\/p>\n<p>\u2014 Teknik Detaylar \u2014<br \/>\nDesen: D\u00fcz<br \/>\nYaka Tipi: Bomber Yaka<br \/>\nKol Tipi: D\u00fc\u015f\u00fck Kol<br \/>\nCep: Gizli Cep<br \/>\nAstar: Astars\u0131z<br \/>\n\u00dcr\u00fcn Uzunlu\u011fu: 55 cm<br \/>\nKal\u0131p: Normal Kal\u0131p<br \/>\nModelin Giydi\u011fi Beden: 36<br \/>\nModel \u00d6l\u00e7\u00fcleri: Boy: 174 cm, G\u00f6\u011f\u00fcs: 81 cm, Bel: 61 cm, Kal\u00e7a: 92 cm<\/p>\n","protected":false},"excerpt":{"rendered":"<p>Bu ceket, k\u0131sa crop formu ile modern bir siluet sunar, bel \u00e7evresinde elastik detay\u0131 ile \u015feklini koruyarak s\u0131k\u0131 bir \u015fekilde oturur. Kuma\u015f \u0130\u00e7eri\u011fi: %83 Viskoz, %17 Polyester Desen: D\u00fcz Yaka Tipi: Bomber Yaka Kol Tipi: D\u00fc\u015f\u00fck Kol Cep: Gizli Cep Astar: Astars\u0131z \u00dcr\u00fcn Uzunlu\u011fu: 55 cm Kal\u0131p: Normal Kal\u0131p Modelin Giydi\u011fi Beden: 36 Model \u00d6l\u00e7\u00fcleri: [&hellip;]<\/p>\n","protected":false},"featured_media":57102,"comment_status":"open","ping_status":"closed","template":"","meta":[],"product_brand":[],"product_cat":[2044],"product_tag":[7419],"class_list":{"0":"post-57106","1":"product","2":"type-product","3":"status-publish","4":"has-post-thumbnail","6":"product_cat-ceketler","7":"product_tag-gunluk","8":"pa_brand-tugba","9":"pa_color-siyah","10":"pa_size-4701","11":"pa_size-4706","12":"pa_size-4711","13":"pa_size-4713","15":"first","16":"instock","17":"sale","18":"shipping-taxable","19":"purchasable","20":"product-type-variable"},"_links":{"self":[{"href":"https:\/\/mod.wisdar.net\/tr\/wp-json\/wp\/v2\/product\/57106","targetHints":{"allow":["GET"]}}],"collection":[{"href":"https:\/\/mod.wisdar.net\/tr\/wp-json\/wp\/v2\/product"}],"about":[{"href":"https:\/\/mod.wisdar.net\/tr\/wp-json\/wp\/v2\/types\/product"}],"replies":[{"embeddable":true,"href":"https:\/\/mod.wisdar.net\/tr\/wp-json\/wp\/v2\/comments?post=57106"}],"wp:featuredmedia":[{"embeddable":true,"href":"https:\/\/mod.wisdar.net\/tr\/wp-json\/wp\/v2\/media\/57102"}],"wp:attachment":[{"href":"https:\/\/mod.wisdar.net\/tr\/wp-json\/wp\/v2\/media?parent=57106"}],"wp:term":[{"taxonomy":"product_brand","embeddable":true,"href":"https:\/\/mod.wisdar.net\/tr\/wp-json\/wp\/v2\/product_brand?post=57106"},{"taxonomy":"product_cat","embeddable":true,"href":"https:\/\/mod.wisdar.net\/tr\/wp-json\/wp\/v2\/product_cat?post=57106"},{"taxonomy":"product_tag","embeddable":true,"href":"https:\/\/mod.wisdar.net\/tr\/wp-json\/wp\/v2\/product_tag?post=57106"}],"curies":[{"name":"wp","href":"https:\/\/api.w.org\/{rel}","templated":true}]}}