{"id":57135,"date":"2025-12-28T05:14:35","date_gmt":"2025-12-28T05:14:35","guid":{"rendered":"https:\/\/modesthanim.com\/product\/beste-elbise-fusya\/"},"modified":"2026-03-17T12:08:02","modified_gmt":"2026-03-17T12:08:02","slug":"beste-elbise-fusya","status":"publish","type":"product","link":"https:\/\/mod.wisdar.net\/tr\/urun\/beste-elbise-fusya\/","title":{"rendered":"Beste Elbise Fu\u015fya"},"content":{"rendered":"<p>Elbise 1. S\u0131n\u0131f Scuba Kuma\u015ftan \u00dcretilmi\u015ftir<br \/>\nElbise Yaka Arkas\u0131ndan Fermuarl\u0131d\u0131r<br \/>\nElbise Seyyar Ku\u015fakl\u0131d\u0131r<br \/>\nElbise Boy: 140cm, Omuz: 35cm, G\u00f6\u011f\u00fcs: 46cm, Bel: 35cm<\/p>\n","protected":false},"excerpt":{"rendered":"<p>Elbise 1. S\u0131n\u0131f Scuba Kuma\u015ftan \u00dcretilmi\u015ftir Elbise Yaka Arkas\u0131ndan Fermuarl\u0131d\u0131r Elbise Seyyar Ku\u015fakl\u0131d\u0131r Elbise Boy: 140cm, Omuz: 35cm, G\u00f6\u011f\u00fcs: 46cm, Bel: 35cm<\/p>\n","protected":false},"featured_media":57132,"comment_status":"open","ping_status":"closed","template":"","meta":[],"product_brand":[],"product_cat":[6249],"product_tag":[7523],"class_list":{"0":"post-57135","1":"product","2":"type-product","3":"status-publish","4":"has-post-thumbnail","6":"product_cat-elbiseler","7":"product_tag-dress","8":"pa_brand-butikkolik","9":"pa_color-fusya","10":"pa_size-4706","11":"pa_size-4711","12":"pa_size-4713","13":"pa_size-4751","15":"first","16":"outofstock","17":"shipping-taxable","18":"product-type-variable"},"_links":{"self":[{"href":"https:\/\/mod.wisdar.net\/tr\/wp-json\/wp\/v2\/product\/57135","targetHints":{"allow":["GET"]}}],"collection":[{"href":"https:\/\/mod.wisdar.net\/tr\/wp-json\/wp\/v2\/product"}],"about":[{"href":"https:\/\/mod.wisdar.net\/tr\/wp-json\/wp\/v2\/types\/product"}],"replies":[{"embeddable":true,"href":"https:\/\/mod.wisdar.net\/tr\/wp-json\/wp\/v2\/comments?post=57135"}],"wp:featuredmedia":[{"embeddable":true,"href":"https:\/\/mod.wisdar.net\/tr\/wp-json\/wp\/v2\/media\/57132"}],"wp:attachment":[{"href":"https:\/\/mod.wisdar.net\/tr\/wp-json\/wp\/v2\/media?parent=57135"}],"wp:term":[{"taxonomy":"product_brand","embeddable":true,"href":"https:\/\/mod.wisdar.net\/tr\/wp-json\/wp\/v2\/product_brand?post=57135"},{"taxonomy":"product_cat","embeddable":true,"href":"https:\/\/mod.wisdar.net\/tr\/wp-json\/wp\/v2\/product_cat?post=57135"},{"taxonomy":"product_tag","embeddable":true,"href":"https:\/\/mod.wisdar.net\/tr\/wp-json\/wp\/v2\/product_tag?post=57135"}],"curies":[{"name":"wp","href":"https:\/\/api.w.org\/{rel}","templated":true}]}}