{"id":57151,"date":"2025-11-20T19:53:25","date_gmt":"2025-11-20T19:53:25","guid":{"rendered":"https:\/\/modesthanim.com\/product\/amine-elbise-vizon\/"},"modified":"2026-03-23T18:56:29","modified_gmt":"2026-03-23T18:56:29","slug":"amine-elbise-vizon","status":"publish","type":"product","link":"https:\/\/mod.wisdar.net\/tr\/urun\/amine-elbise-vizon\/","title":{"rendered":"Amine Elbise Vizon"},"content":{"rendered":"<p>Elbise 1. S\u0131n\u0131f \u0130pek Cupra Kuma\u015ftan \u00fcretilmi\u015ftir. Tam boy fermuarl\u0131 tasar\u0131m\u0131yla kullan\u0131m kolayl\u0131\u011f\u0131 sunar. Kol u\u00e7lar\u0131 lastikli olup rahat bir giyim deneyimi sa\u011flar. Pratik cepleri bulunmaktad\u0131r. <\/p>\n<p>\u2014 Teknik Detaylar \u2014<br \/>\nBoy: 140 cm<br \/>\nG\u00f6\u011f\u00fcs: 51 cm<br \/>\nOmuz: 39 cm<\/p>\n","protected":false},"excerpt":{"rendered":"<p>Elbise 1. S\u0131n\u0131f \u0130pek Cupra Kuma\u015ftan \u00fcretilmi\u015ftir. Tam boy fermuarl\u0131 tasar\u0131m\u0131yla kullan\u0131m kolayl\u0131\u011f\u0131 sunar. Kol u\u00e7lar\u0131 lastikli olup rahat bir giyim deneyimi sa\u011flar. Pratik cepleri bulunmaktad\u0131r. \u2014 Teknik Detaylar \u2014 Boy: 140 cm G\u00f6\u011f\u00fcs: 51 cm Omuz: 39 cm<\/p>\n","protected":false},"featured_media":57148,"comment_status":"open","ping_status":"closed","template":"","meta":[],"product_brand":[],"product_cat":[6249],"product_tag":[7523,7521],"class_list":{"0":"post-57151","1":"product","2":"type-product","3":"status-publish","4":"has-post-thumbnail","6":"product_cat-elbiseler","7":"product_tag-dress","8":"product_tag-mink","9":"pa_brand-butikkolik","10":"pa_color-vizon","11":"pa_size-4706","12":"pa_size-4711","13":"pa_size-4713","14":"pa_size-4751","15":"pa_size-4749","17":"first","18":"outofstock","19":"shipping-taxable","20":"product-type-variable"},"_links":{"self":[{"href":"https:\/\/mod.wisdar.net\/tr\/wp-json\/wp\/v2\/product\/57151","targetHints":{"allow":["GET"]}}],"collection":[{"href":"https:\/\/mod.wisdar.net\/tr\/wp-json\/wp\/v2\/product"}],"about":[{"href":"https:\/\/mod.wisdar.net\/tr\/wp-json\/wp\/v2\/types\/product"}],"replies":[{"embeddable":true,"href":"https:\/\/mod.wisdar.net\/tr\/wp-json\/wp\/v2\/comments?post=57151"}],"wp:featuredmedia":[{"embeddable":true,"href":"https:\/\/mod.wisdar.net\/tr\/wp-json\/wp\/v2\/media\/57148"}],"wp:attachment":[{"href":"https:\/\/mod.wisdar.net\/tr\/wp-json\/wp\/v2\/media?parent=57151"}],"wp:term":[{"taxonomy":"product_brand","embeddable":true,"href":"https:\/\/mod.wisdar.net\/tr\/wp-json\/wp\/v2\/product_brand?post=57151"},{"taxonomy":"product_cat","embeddable":true,"href":"https:\/\/mod.wisdar.net\/tr\/wp-json\/wp\/v2\/product_cat?post=57151"},{"taxonomy":"product_tag","embeddable":true,"href":"https:\/\/mod.wisdar.net\/tr\/wp-json\/wp\/v2\/product_tag?post=57151"}],"curies":[{"name":"wp","href":"https:\/\/api.w.org\/{rel}","templated":true}]}}