{"id":57183,"date":"2025-11-20T19:33:40","date_gmt":"2025-11-20T19:33:40","guid":{"rendered":"https:\/\/modesthanim.com\/product\/belden-oturma-detayli-haki-elbise\/"},"modified":"2026-03-23T17:51:11","modified_gmt":"2026-03-23T17:51:11","slug":"belden-oturma-detayli-haki-elbise","status":"publish","type":"product","link":"https:\/\/mod.wisdar.net\/tr\/urun\/belden-oturma-detayli-haki-elbise\/","title":{"rendered":"Belden Oturma Detayl\u0131 Haki Elbise"},"content":{"rendered":"<p>BELDEN OTURMA DETAYLI HAK\u0130 ELB\u0130SE \u00d6ZELL\u0130KLER\u0130 Bisiklet yaka, arkadan fermuarl\u0131, kendi kuma\u015f\u0131ndan biye kemerli, kollar\u0131ndan ufak y\u0131rtma\u00e7 detayl\u0131, par\u00e7al\u0131 kesim, tam kal\u0131p, astars\u0131z belden oturma detayl\u0131 elbise. \u0130\u00c7ER\u0130\u011e\u0130 VE YIKANMASI %95 Pes %5 Lyc 30 derecede hassas, sentetik ve narin programlar\u0131 ile y\u0131kanmal\u0131d\u0131r. El ile \u00f6l\u00e7\u00fcmlerde 2-3 cm farkl\u0131l\u0131k g\u00f6sterebilir. Manken Bedeni: S-M Manken \u00d6l\u00e7\u00fcs\u00fc: Boy: 1.74 cm, G\u00f6\u011f\u00fcs: 78 cm, Bel: 58 cm, Basen: 87 cm<\/p>\n<p>\u2014 Technical Details \u2014<br \/>\nmanken_bedeni: S-M<br \/>\nmanken_\u00f6l\u00e7\u00fcleri: Boy: 1.74 cm, G\u00f6\u011f\u00fcs: 78 cm, Bel: 58 cm, Basen: 87 cm<br \/>\ny\u0131kama_talimat\u0131: 30 derecede hassas, sentetik ve narin programlar\u0131 ile y\u0131kanmal\u0131d\u0131r<\/p>\n","protected":false},"excerpt":{"rendered":"<p>BELDEN OTURMA DETAYLI HAK\u0130 ELB\u0130SE \u00d6ZELL\u0130KLER\u0130 Bisiklet yaka, arkadan fermuarl\u0131, kendi kuma\u015f\u0131ndan biye kemerli, kollar\u0131ndan ufak y\u0131rtma\u00e7 detayl\u0131, par\u00e7al\u0131 kesim, tam kal\u0131p, astars\u0131z belden oturma detayl\u0131 elbise. \u0130\u00c7ER\u0130\u011e\u0130 VE YIKANMASI %95 Pes %5 Lyc 30 derecede hassas, sentetik ve narin programlar\u0131 ile y\u0131kanmal\u0131d\u0131r. El ile \u00f6l\u00e7\u00fcmlerde 2-3 cm farkl\u0131l\u0131k g\u00f6sterebilir. Manken Bedeni: S-M Manken \u00d6l\u00e7\u00fcs\u00fc: [&hellip;]<\/p>\n","protected":false},"featured_media":57176,"comment_status":"open","ping_status":"closed","template":"","meta":[],"product_brand":[],"product_cat":[6249],"product_tag":[7547],"class_list":{"0":"post-57183","1":"product","2":"type-product","3":"status-publish","4":"has-post-thumbnail","6":"product_cat-elbiseler","7":"product_tag-kadin-giyim","8":"pa_brand-hooopstore","9":"pa_color-haki","10":"pa_size-l-xl-2","11":"pa_size-s-m","13":"first","14":"outofstock","15":"shipping-taxable","16":"product-type-variable"},"_links":{"self":[{"href":"https:\/\/mod.wisdar.net\/tr\/wp-json\/wp\/v2\/product\/57183","targetHints":{"allow":["GET"]}}],"collection":[{"href":"https:\/\/mod.wisdar.net\/tr\/wp-json\/wp\/v2\/product"}],"about":[{"href":"https:\/\/mod.wisdar.net\/tr\/wp-json\/wp\/v2\/types\/product"}],"replies":[{"embeddable":true,"href":"https:\/\/mod.wisdar.net\/tr\/wp-json\/wp\/v2\/comments?post=57183"}],"wp:featuredmedia":[{"embeddable":true,"href":"https:\/\/mod.wisdar.net\/tr\/wp-json\/wp\/v2\/media\/57176"}],"wp:attachment":[{"href":"https:\/\/mod.wisdar.net\/tr\/wp-json\/wp\/v2\/media?parent=57183"}],"wp:term":[{"taxonomy":"product_brand","embeddable":true,"href":"https:\/\/mod.wisdar.net\/tr\/wp-json\/wp\/v2\/product_brand?post=57183"},{"taxonomy":"product_cat","embeddable":true,"href":"https:\/\/mod.wisdar.net\/tr\/wp-json\/wp\/v2\/product_cat?post=57183"},{"taxonomy":"product_tag","embeddable":true,"href":"https:\/\/mod.wisdar.net\/tr\/wp-json\/wp\/v2\/product_tag?post=57183"}],"curies":[{"name":"wp","href":"https:\/\/api.w.org\/{rel}","templated":true}]}}