{"id":57233,"date":"2025-11-07T20:16:06","date_gmt":"2025-11-02T14:06:24","guid":{"rendered":"https:\/\/modesthanim.com\/product\/mavi-sal-desenli-pantolon-takim\/"},"modified":"2026-04-10T18:50:37","modified_gmt":"2026-04-10T18:50:37","slug":"mavi-sal-desenli-pantolon-takim","status":"publish","type":"product","link":"https:\/\/mod.wisdar.net\/tr\/urun\/mavi-sal-desenli-pantolon-takim\/","title":{"rendered":"Mavi \u015eal Desenli Pantolon Tak\u0131m"},"content":{"rendered":"<p>G\u00f6mlek yaka, d\u00fc\u011fmeli \u00f6n, astarl\u0131, %100 pamuklu dokuma desenli kuma\u015f, man\u015fetli uzun kollu g\u00f6mlek ve culotte tarz\u0131 pantolonlar d\u00fc\u011fmeli \u00f6n, fermuar kapatma ve elastik arka bel ile. Beden 1 (36-38) Uzunluk: 75 cm, G\u00f6\u011f\u00fcs: 54 cm, Kol Uzunlu\u011fu: 54 cm, Omuz Geni\u015fli\u011fi: 16 cm, Pantolon Bel: 41 cm, Pantolon Uzunlu\u011fu: 93 cm, Pantolon Pa\u00e7a: 28 cm, Kal\u00e7a: 45 cm. Beden 2 (40-42) Uzunluk: 75 cm, G\u00f6\u011f\u00fcs: 57 cm, Kol Uzunlu\u011fu: 55 cm, Omuz Geni\u015fli\u011fi: 17 cm, Pantolon Bel: 44 cm, Pantolon Uzunlu\u011fu: 93 cm, Pantolon Pa\u00e7a: 29 cm, Kal\u00e7a: 46 cm.<\/p>\n","protected":false},"excerpt":{"rendered":"<p>G\u00f6mlek yaka, d\u00fc\u011fmeli \u00f6n, astarl\u0131, %100 pamuklu dokuma desenli kuma\u015f, man\u015fetli uzun kollu g\u00f6mlek ve culotte tarz\u0131 pantolonlar d\u00fc\u011fmeli \u00f6n, fermuar kapatma ve elastik arka bel ile. Beden 1 (36-38) Uzunluk: 75 cm, G\u00f6\u011f\u00fcs: 54 cm, Kol Uzunlu\u011fu: 54 cm, Omuz Geni\u015fli\u011fi: 16 cm, Pantolon Bel: 41 cm, Pantolon Uzunlu\u011fu: 93 cm, Pantolon Pa\u00e7a: 28 [&hellip;]<\/p>\n","protected":false},"featured_media":57225,"comment_status":"open","ping_status":"closed","template":"","meta":[],"product_brand":[],"product_cat":[1900],"product_tag":[7547],"class_list":{"0":"post-57233","1":"product","2":"type-product","3":"status-publish","4":"has-post-thumbnail","6":"product_cat-koordinatlar-setler","7":"product_tag-kadin-giyim","8":"pa_brand-fahhar","9":"pa_color-mavi","10":"pa_size-1-36-38","11":"pa_size-2-40-42","13":"first","14":"instock","15":"sale","16":"shipping-taxable","17":"purchasable","18":"product-type-variable"},"_links":{"self":[{"href":"https:\/\/mod.wisdar.net\/tr\/wp-json\/wp\/v2\/product\/57233","targetHints":{"allow":["GET"]}}],"collection":[{"href":"https:\/\/mod.wisdar.net\/tr\/wp-json\/wp\/v2\/product"}],"about":[{"href":"https:\/\/mod.wisdar.net\/tr\/wp-json\/wp\/v2\/types\/product"}],"replies":[{"embeddable":true,"href":"https:\/\/mod.wisdar.net\/tr\/wp-json\/wp\/v2\/comments?post=57233"}],"wp:featuredmedia":[{"embeddable":true,"href":"https:\/\/mod.wisdar.net\/tr\/wp-json\/wp\/v2\/media\/57225"}],"wp:attachment":[{"href":"https:\/\/mod.wisdar.net\/tr\/wp-json\/wp\/v2\/media?parent=57233"}],"wp:term":[{"taxonomy":"product_brand","embeddable":true,"href":"https:\/\/mod.wisdar.net\/tr\/wp-json\/wp\/v2\/product_brand?post=57233"},{"taxonomy":"product_cat","embeddable":true,"href":"https:\/\/mod.wisdar.net\/tr\/wp-json\/wp\/v2\/product_cat?post=57233"},{"taxonomy":"product_tag","embeddable":true,"href":"https:\/\/mod.wisdar.net\/tr\/wp-json\/wp\/v2\/product_tag?post=57233"}],"curies":[{"name":"wp","href":"https:\/\/api.w.org\/{rel}","templated":true}]}}