{"id":57312,"date":"2025-12-28T05:25:26","date_gmt":"2025-12-28T05:25:26","guid":{"rendered":"https:\/\/modesthanim.com\/product\/ena-elbise-kahverengi\/"},"modified":"2026-02-19T20:58:39","modified_gmt":"2026-02-19T20:58:39","slug":"ena-elbise-kahverengi","status":"publish","type":"product","link":"https:\/\/mod.wisdar.net\/tr\/urun\/ena-elbise-kahverengi\/","title":{"rendered":"Ena Elbise \u2013 Kahverengi"},"content":{"rendered":"<p>\u00d6rme elbise modelimiz hem kap hem de elbise olarak tercih edilebilir.<\/p>\n<p>Kuma\u015f; \u00d6rme<\/p>\n<p>Manken 164cm 54kg<\/p>\n<p>\u0130ND\u0130R\u0130ML\u0130 \u00dcR\u00dcNLERDE DE\u011e\u0130\u015e\u0130M VE \u0130ADE YOKTUR!<\/p>\n<p>\u2014 Teknik Detaylar \u2014<br \/>\nBeden: 1 BEDEN 36-38, 2 BEDEN 40-42<\/p>\n","protected":false},"excerpt":{"rendered":"<p>\u00d6rme elbise modelimiz hem kap hem de elbise olarak tercih edilebilir. Kuma\u015f; \u00d6rme Manken 164cm 54kg \u0130ND\u0130R\u0130ML\u0130 \u00dcR\u00dcNLERDE DE\u011e\u0130\u015e\u0130M VE \u0130ADE YOKTUR! \u2014 Teknik Detaylar \u2014 Beden: 1 BEDEN 36-38, 2 BEDEN 40-42<\/p>\n","protected":false},"featured_media":57306,"comment_status":"open","ping_status":"closed","template":"","meta":[],"product_brand":[],"product_cat":[6249,1933],"product_tag":[7523],"class_list":{"0":"post-57312","1":"product","2":"type-product","3":"status-publish","4":"has-post-thumbnail","6":"product_cat-elbiseler","7":"product_cat-gunluk-ve-gunduz-elbiseleri","8":"product_tag-dress","9":"pa_brand-zaina-official","10":"pa_color-kahverengi","11":"pa_size-1-beden-36-38","12":"pa_size-2-beden-40-42","14":"first","15":"outofstock","16":"shipping-taxable","17":"product-type-variable"},"_links":{"self":[{"href":"https:\/\/mod.wisdar.net\/tr\/wp-json\/wp\/v2\/product\/57312","targetHints":{"allow":["GET"]}}],"collection":[{"href":"https:\/\/mod.wisdar.net\/tr\/wp-json\/wp\/v2\/product"}],"about":[{"href":"https:\/\/mod.wisdar.net\/tr\/wp-json\/wp\/v2\/types\/product"}],"replies":[{"embeddable":true,"href":"https:\/\/mod.wisdar.net\/tr\/wp-json\/wp\/v2\/comments?post=57312"}],"wp:featuredmedia":[{"embeddable":true,"href":"https:\/\/mod.wisdar.net\/tr\/wp-json\/wp\/v2\/media\/57306"}],"wp:attachment":[{"href":"https:\/\/mod.wisdar.net\/tr\/wp-json\/wp\/v2\/media?parent=57312"}],"wp:term":[{"taxonomy":"product_brand","embeddable":true,"href":"https:\/\/mod.wisdar.net\/tr\/wp-json\/wp\/v2\/product_brand?post=57312"},{"taxonomy":"product_cat","embeddable":true,"href":"https:\/\/mod.wisdar.net\/tr\/wp-json\/wp\/v2\/product_cat?post=57312"},{"taxonomy":"product_tag","embeddable":true,"href":"https:\/\/mod.wisdar.net\/tr\/wp-json\/wp\/v2\/product_tag?post=57312"}],"curies":[{"name":"wp","href":"https:\/\/api.w.org\/{rel}","templated":true}]}}