{"id":57368,"date":"2025-11-20T20:05:20","date_gmt":"2025-11-20T20:05:20","guid":{"rendered":"https:\/\/modesthanim.com\/product\/eylul-elbise-siyah\/"},"modified":"2026-03-17T12:04:39","modified_gmt":"2026-03-17T12:04:39","slug":"eylul-elbise-siyah","status":"publish","type":"product","link":"https:\/\/mod.wisdar.net\/tr\/urun\/eylul-elbise-siyah\/","title":{"rendered":"Eyl\u00fcl Elbise Siyah"},"content":{"rendered":"<p>Elbise 1.S\u0131n\u0131f \u0130pek Cupra Kuma\u015ft\u0131r<br \/>\nElbise Yaka Arkas\u0131ndan Fermuarl\u0131d\u0131r<br \/>\nElbise D\u00fc\u015f\u00fck Omuzdur<br \/>\nElbise Kol Ucu Lastiklidir<br \/>\nElbise Gold D\u00fc\u011fme Detayl\u0131d\u0131r<br \/>\nElbise Seyyar Ku\u015fakl\u0131d\u0131r<br \/>\nElbise Boy 145cm G\u00f6\u011f\u00fcs 60cm<\/p>\n<p>\u2014 Technical Details \u2014<br \/>\nboy: 145cm<br \/>\ng\u00f6\u011f\u00fcs: 60cm<\/p>\n","protected":false},"excerpt":{"rendered":"<p>Elbise 1.S\u0131n\u0131f \u0130pek Cupra Kuma\u015ft\u0131r Elbise Yaka Arkas\u0131ndan Fermuarl\u0131d\u0131r Elbise D\u00fc\u015f\u00fck Omuzdur Elbise Kol Ucu Lastiklidir Elbise Gold D\u00fc\u011fme Detayl\u0131d\u0131r Elbise Seyyar Ku\u015fakl\u0131d\u0131r Elbise Boy 145cm G\u00f6\u011f\u00fcs 60cm \u2014 Technical Details \u2014 boy: 145cm g\u00f6\u011f\u00fcs: 60cm<\/p>\n","protected":false},"featured_media":57365,"comment_status":"open","ping_status":"closed","template":"","meta":[],"product_brand":[],"product_cat":[6249],"product_tag":[7548,7074],"class_list":{"0":"post-57368","1":"product","2":"type-product","3":"status-publish","4":"has-post-thumbnail","6":"product_cat-elbiseler","7":"product_tag-mutevazi-moda","8":"product_tag-siyah","9":"pa_brand-butikkolik","10":"pa_color-siyah","11":"pa_size-1-38-40","12":"pa_size-2-42-44","13":"pa_size-3-44-46","15":"first","16":"outofstock","17":"shipping-taxable","18":"product-type-variable"},"_links":{"self":[{"href":"https:\/\/mod.wisdar.net\/tr\/wp-json\/wp\/v2\/product\/57368","targetHints":{"allow":["GET"]}}],"collection":[{"href":"https:\/\/mod.wisdar.net\/tr\/wp-json\/wp\/v2\/product"}],"about":[{"href":"https:\/\/mod.wisdar.net\/tr\/wp-json\/wp\/v2\/types\/product"}],"replies":[{"embeddable":true,"href":"https:\/\/mod.wisdar.net\/tr\/wp-json\/wp\/v2\/comments?post=57368"}],"wp:featuredmedia":[{"embeddable":true,"href":"https:\/\/mod.wisdar.net\/tr\/wp-json\/wp\/v2\/media\/57365"}],"wp:attachment":[{"href":"https:\/\/mod.wisdar.net\/tr\/wp-json\/wp\/v2\/media?parent=57368"}],"wp:term":[{"taxonomy":"product_brand","embeddable":true,"href":"https:\/\/mod.wisdar.net\/tr\/wp-json\/wp\/v2\/product_brand?post=57368"},{"taxonomy":"product_cat","embeddable":true,"href":"https:\/\/mod.wisdar.net\/tr\/wp-json\/wp\/v2\/product_cat?post=57368"},{"taxonomy":"product_tag","embeddable":true,"href":"https:\/\/mod.wisdar.net\/tr\/wp-json\/wp\/v2\/product_tag?post=57368"}],"curies":[{"name":"wp","href":"https:\/\/api.w.org\/{rel}","templated":true}]}}