{"id":57423,"date":"2025-11-07T20:16:06","date_gmt":"2025-11-01T12:50:31","guid":{"rendered":"https:\/\/modesthanim.com\/product\/lacivert-godeli-denim-yelek\/"},"modified":"2026-04-12T22:31:30","modified_gmt":"2026-04-12T22:31:30","slug":"lacivert-godeli-denim-yelek","status":"publish","type":"product","link":"https:\/\/mod.wisdar.net\/tr\/urun\/lacivert-godeli-denim-yelek\/","title":{"rendered":"Lacivert Godeli Denim Yelek"},"content":{"rendered":"<p>Beden 36: Uzunluk: 72 cm, Omuz Geni\u015fli\u011fi: 39 cm, G\u00f6\u011f\u00fcs: 40 cm, Bel: 38 cm.<\/p>\n<p>Beden 38: Uzunluk: 72 cm, Omuz Geni\u015fli\u011fi: 40 cm, G\u00f6\u011f\u00fcs: 40 cm, Bel: 39 cm.<\/p>\n<p>Beden 40: Uzunluk: 73 cm, Omuz Geni\u015fli\u011fi: 41 cm, G\u00f6\u011f\u00fcs: 42 cm, Bel: 40 cm.<\/p>\n<p>Beden 42: Uzunluk: 74 cm, Omuz Geni\u015fli\u011fi: 42 cm, G\u00f6\u011f\u00fcs: 43 cm, Bel: 41 cm.<\/p>\n","protected":false},"excerpt":{"rendered":"<p>Beden 36: Uzunluk: 72 cm, Omuz Geni\u015fli\u011fi: 39 cm, G\u00f6\u011f\u00fcs: 40 cm, Bel: 38 cm. Beden 38: Uzunluk: 72 cm, Omuz Geni\u015fli\u011fi: 40 cm, G\u00f6\u011f\u00fcs: 40 cm, Bel: 39 cm. Beden 40: Uzunluk: 73 cm, Omuz Geni\u015fli\u011fi: 41 cm, G\u00f6\u011f\u00fcs: 42 cm, Bel: 40 cm. Beden 42: Uzunluk: 74 cm, Omuz Geni\u015fli\u011fi: 42 cm, G\u00f6\u011f\u00fcs: [&hellip;]<\/p>\n","protected":false},"featured_media":57417,"comment_status":"open","ping_status":"closed","template":"","meta":[],"product_brand":[],"product_cat":[2053],"product_tag":[7844,7238],"class_list":{"0":"post-57423","1":"product","2":"type-product","3":"status-publish","4":"has-post-thumbnail","6":"product_cat-yelekler-yelekler","7":"product_tag-denim","8":"product_tag-lacivert","9":"pa_brand-fahhar","10":"pa_color-lacivert","11":"pa_size-4701","12":"pa_size-4706","13":"pa_size-4711","14":"pa_size-4713","16":"first","17":"instock","18":"sale","19":"shipping-taxable","20":"purchasable","21":"product-type-variable"},"_links":{"self":[{"href":"https:\/\/mod.wisdar.net\/tr\/wp-json\/wp\/v2\/product\/57423","targetHints":{"allow":["GET"]}}],"collection":[{"href":"https:\/\/mod.wisdar.net\/tr\/wp-json\/wp\/v2\/product"}],"about":[{"href":"https:\/\/mod.wisdar.net\/tr\/wp-json\/wp\/v2\/types\/product"}],"replies":[{"embeddable":true,"href":"https:\/\/mod.wisdar.net\/tr\/wp-json\/wp\/v2\/comments?post=57423"}],"wp:featuredmedia":[{"embeddable":true,"href":"https:\/\/mod.wisdar.net\/tr\/wp-json\/wp\/v2\/media\/57417"}],"wp:attachment":[{"href":"https:\/\/mod.wisdar.net\/tr\/wp-json\/wp\/v2\/media?parent=57423"}],"wp:term":[{"taxonomy":"product_brand","embeddable":true,"href":"https:\/\/mod.wisdar.net\/tr\/wp-json\/wp\/v2\/product_brand?post=57423"},{"taxonomy":"product_cat","embeddable":true,"href":"https:\/\/mod.wisdar.net\/tr\/wp-json\/wp\/v2\/product_cat?post=57423"},{"taxonomy":"product_tag","embeddable":true,"href":"https:\/\/mod.wisdar.net\/tr\/wp-json\/wp\/v2\/product_tag?post=57423"}],"curies":[{"name":"wp","href":"https:\/\/api.w.org\/{rel}","templated":true}]}}