{"id":5743,"date":"2025-11-01T19:10:27","date_gmt":"2025-11-01T19:10:27","guid":{"rendered":"https:\/\/modesthanim.com\/product\/fermuarli-sisme-yelek-lacivert\/"},"modified":"2026-03-24T12:42:58","modified_gmt":"2026-03-24T12:42:58","slug":"fermuarli-sisme-yelek-lacivert","status":"publish","type":"product","link":"https:\/\/mod.wisdar.net\/tr\/urun\/fermuarli-sisme-yelek-lacivert\/","title":{"rendered":"Fermuarl\u0131 \u015ei\u015fme Yelek \u2013 Lacivert"},"content":{"rendered":"<p>Hafif dolgulu yap\u0131s\u0131yla sizi s\u0131cak tutan bu yelek, fermuar kapatmas\u0131yla pratik kullan\u0131m sunar. Geni\u015f kesimi, hareket \u00f6zg\u00fcrl\u00fc\u011f\u00fc sa\u011flar ve g\u00fcnl\u00fck k\u0131yafetlerinize dinamik bir dokunu\u015f katar.<\/p>\n<p>Kuma\u015f \u0130\u00e7eri\u011fi: %80 Polyester, %20 Di\u011fer<br \/>\nDesen: D\u00fcz<br \/>\nYaka Tipi: Yaka Yok<br \/>\nKol Tipi: Kolsuz<br \/>\nCepli: Cepli De\u011fil<br \/>\nAstar: Astarl\u0131<br \/>\n\u00dcr\u00fcn Uzunlu\u011fu: 49 cm<br \/>\nKal\u0131p: Normal Kal\u0131p<br \/>\nModelin Giydi\u011fi Beden: 36<br \/>\nModel \u00d6l\u00e7\u00fcleri: Boy: 174 cm, G\u00f6\u011f\u00fcs: 83 cm, Bel: 57 cm, Kal\u00e7a: 88 cm<\/p>\n<p>\u2014 Teknik Detaylar \u2014<br \/>\nDesen: D\u00fcz<br \/>\nYaka Tipi: Yaka Yok<br \/>\nKol Tipi: Kolsuz<br \/>\nCepli: Cepli De\u011fil<br \/>\nAstar: Astarl\u0131<br \/>\n\u00dcr\u00fcn Uzunlu\u011fu: 49 cm<br \/>\nKal\u0131p: Normal Kal\u0131p<br \/>\nModelin Giydi\u011fi Beden: 36<br \/>\nModel \u00d6l\u00e7\u00fcleri: Boy: 174 cm, G\u00f6\u011f\u00fcs: 83 cm, Bel: 57 cm, Kal\u00e7a: 88 cm<\/p>\n","protected":false},"excerpt":{"rendered":"<p>Hafif dolgulu yap\u0131s\u0131yla sizi s\u0131cak tutan bu yelek, fermuar kapatmas\u0131yla pratik kullan\u0131m sunar. Geni\u015f kesimi, hareket \u00f6zg\u00fcrl\u00fc\u011f\u00fc sa\u011flar ve g\u00fcnl\u00fck k\u0131yafetlerinize dinamik bir dokunu\u015f katar. Kuma\u015f \u0130\u00e7eri\u011fi: %80 Polyester, %20 Di\u011fer Desen: D\u00fcz Yaka Tipi: Yaka Yok Kol Tipi: Kolsuz Cepli: Cepli De\u011fil Astar: Astarl\u0131 \u00dcr\u00fcn Uzunlu\u011fu: 49 cm Kal\u0131p: Normal Kal\u0131p Modelin Giydi\u011fi Beden: [&hellip;]<\/p>\n","protected":false},"featured_media":0,"comment_status":"open","ping_status":"closed","template":"","meta":[],"product_brand":[],"product_cat":[2053],"product_tag":[7418,8282],"class_list":{"0":"post-5743","1":"product","2":"type-product","3":"status-publish","5":"product_cat-yelekler-yelekler","6":"product_tag-fermuar","7":"product_tag-lacivert-2","8":"pa_color-lacivert","9":"pa_size-4701","10":"pa_size-4706","11":"pa_size-4711","12":"pa_size-4713","14":"first","15":"instock","16":"sale","17":"shipping-taxable","18":"purchasable","19":"product-type-variable"},"_links":{"self":[{"href":"https:\/\/mod.wisdar.net\/tr\/wp-json\/wp\/v2\/product\/5743","targetHints":{"allow":["GET"]}}],"collection":[{"href":"https:\/\/mod.wisdar.net\/tr\/wp-json\/wp\/v2\/product"}],"about":[{"href":"https:\/\/mod.wisdar.net\/tr\/wp-json\/wp\/v2\/types\/product"}],"replies":[{"embeddable":true,"href":"https:\/\/mod.wisdar.net\/tr\/wp-json\/wp\/v2\/comments?post=5743"}],"wp:attachment":[{"href":"https:\/\/mod.wisdar.net\/tr\/wp-json\/wp\/v2\/media?parent=5743"}],"wp:term":[{"taxonomy":"product_brand","embeddable":true,"href":"https:\/\/mod.wisdar.net\/tr\/wp-json\/wp\/v2\/product_brand?post=5743"},{"taxonomy":"product_cat","embeddable":true,"href":"https:\/\/mod.wisdar.net\/tr\/wp-json\/wp\/v2\/product_cat?post=5743"},{"taxonomy":"product_tag","embeddable":true,"href":"https:\/\/mod.wisdar.net\/tr\/wp-json\/wp\/v2\/product_tag?post=5743"}],"curies":[{"name":"wp","href":"https:\/\/api.w.org\/{rel}","templated":true}]}}