{"id":57470,"date":"2025-11-07T20:16:06","date_gmt":"2025-11-01T19:57:10","guid":{"rendered":"https:\/\/modesthanim.com\/product\/tas-rengi-ekose-astarli-kemerli-uzun-trenckot\/"},"modified":"2026-01-15T08:22:46","modified_gmt":"2026-01-15T08:22:46","slug":"tas-rengi-ekose-astarli-kemerli-uzun-trenckot","status":"publish","type":"product","link":"https:\/\/mod.wisdar.net\/tr\/urun\/tas-rengi-ekose-astarli-kemerli-uzun-trenckot\/","title":{"rendered":"Ta\u015f Rengi, Ekose Astarl\u0131, Kemerli Uzun Tren\u00e7kot"},"content":{"rendered":"<p>Pamuk kar\u0131\u015f\u0131ml\u0131 gabardin kuma\u015ftan \u00fcretilmi\u015f bu ta\u015f rengi, b\u00fcy\u00fck beden tren\u00e7kot hem estetik bir g\u00f6r\u00fcn\u00fcm sunar hem de konfor sa\u011flar. Geni\u015f yakas\u0131 ve uyumlu desenli astar\u0131 \u015f\u0131k bir g\u00f6r\u00fcn\u00fcm kazand\u0131r\u0131rken, arka etek k\u0131sm\u0131ndaki y\u0131rtma\u00e7 hareket \u00f6zg\u00fcrl\u00fc\u011f\u00fc sa\u011flar. Katlanabilir kol u\u00e7lar\u0131 pratiklik sunar ve d\u00fc\u011fme kapatma ile \u00e7\u0131kar\u0131labilir kemer sayesinde, fitini diledi\u011finiz gibi ayarlayabilirsiniz. Geni\u015f ve rahat kesimi g\u00fcnl\u00fck k\u0131yafetlere kolayca uyum sa\u011flar.<\/p>\n<p>\u2014 Teknik Detaylar \u2014<br \/>\n\u00dcr\u00fcn Tipi: Tren\u00e7kot<br \/>\nKuma\u015f: Pamuk kar\u0131\u015f\u0131ml\u0131 gabardin kuma\u015f<br \/>\nYaka: Geni\u015f yaka<br \/>\nAstar: Uyumlu desenli astar<br \/>\nArka Detay: Arka etek k\u0131sm\u0131nda y\u0131rtma\u00e7<br \/>\nKol Detay\u0131: Katlanabilir kol u\u00e7lar\u0131<br \/>\nKapatma: D\u00fc\u011fme kapatma<br \/>\nDi\u011fer: \u00c7\u0131kar\u0131labilir kemer<br \/>\nKesim: Uzun rahat kesim<\/p>\n","protected":false},"excerpt":{"rendered":"<p>Pamuk kar\u0131\u015f\u0131ml\u0131 gabardin kuma\u015ftan \u00fcretilmi\u015f bu ta\u015f rengi, b\u00fcy\u00fck beden tren\u00e7kot hem estetik bir g\u00f6r\u00fcn\u00fcm sunar hem de konfor sa\u011flar. Geni\u015f yakas\u0131 ve uyumlu desenli astar\u0131 \u015f\u0131k bir g\u00f6r\u00fcn\u00fcm kazand\u0131r\u0131rken, arka etek k\u0131sm\u0131ndaki y\u0131rtma\u00e7 hareket \u00f6zg\u00fcrl\u00fc\u011f\u00fc sa\u011flar. Katlanabilir kol u\u00e7lar\u0131 pratiklik sunar ve d\u00fc\u011fme kapatma ile \u00e7\u0131kar\u0131labilir kemer sayesinde, fitini diledi\u011finiz gibi ayarlayabilirsiniz. Geni\u015f ve [&hellip;]<\/p>\n","protected":false},"featured_media":57461,"comment_status":"open","ping_status":"closed","template":"","meta":[],"product_brand":[],"product_cat":[1853],"product_tag":[3015,3095,3229,3013,3148],"class_list":{"0":"post-57470","1":"product","2":"type-product","3":"status-publish","4":"has-post-thumbnail","6":"product_cat-womens-fashion-ar","7":"product_tag-comfortable","8":"product_tag-oversized","9":"product_tag-plaid-lining","10":"product_tag-stylish","11":"product_tag-trench-coat","13":"first","14":"instock","15":"sale","16":"shipping-taxable","17":"purchasable","18":"product-type-variable"},"_links":{"self":[{"href":"https:\/\/mod.wisdar.net\/tr\/wp-json\/wp\/v2\/product\/57470","targetHints":{"allow":["GET"]}}],"collection":[{"href":"https:\/\/mod.wisdar.net\/tr\/wp-json\/wp\/v2\/product"}],"about":[{"href":"https:\/\/mod.wisdar.net\/tr\/wp-json\/wp\/v2\/types\/product"}],"replies":[{"embeddable":true,"href":"https:\/\/mod.wisdar.net\/tr\/wp-json\/wp\/v2\/comments?post=57470"}],"wp:featuredmedia":[{"embeddable":true,"href":"https:\/\/mod.wisdar.net\/tr\/wp-json\/wp\/v2\/media\/57461"}],"wp:attachment":[{"href":"https:\/\/mod.wisdar.net\/tr\/wp-json\/wp\/v2\/media?parent=57470"}],"wp:term":[{"taxonomy":"product_brand","embeddable":true,"href":"https:\/\/mod.wisdar.net\/tr\/wp-json\/wp\/v2\/product_brand?post=57470"},{"taxonomy":"product_cat","embeddable":true,"href":"https:\/\/mod.wisdar.net\/tr\/wp-json\/wp\/v2\/product_cat?post=57470"},{"taxonomy":"product_tag","embeddable":true,"href":"https:\/\/mod.wisdar.net\/tr\/wp-json\/wp\/v2\/product_tag?post=57470"}],"curies":[{"name":"wp","href":"https:\/\/api.w.org\/{rel}","templated":true}]}}