{"id":57480,"date":"2025-11-07T21:21:15","date_gmt":"2025-11-07T21:21:15","guid":{"rendered":"https:\/\/modesthanim.com\/product\/ftz-women-kadin-kupra-takim-bordo-31061\/"},"modified":"2026-01-15T09:06:20","modified_gmt":"2026-01-15T09:06:20","slug":"ftz-women-kadin-kupra-takim-bordo-31061","status":"publish","type":"product","link":"https:\/\/mod.wisdar.net\/tr\/urun\/ftz-women-kadin-kupra-takim-bordo-31061\/","title":{"rendered":"FTZ Women Kad\u0131n  Kupra Tak\u0131m  Bordo 31061"},"content":{"rendered":"<p>Kuma\u015f : %30 Viskon %20 Pamuk %50 Akrilik<br \/>\nKol : 47\u00a0cm<br \/>\nYaka Tipi : Dik Yaka<br \/>\nDesen : D\u00fcz<br \/>\nKal\u0131p : Rahat\u00a0Kal\u0131p<br \/>\nModel \u00d6l\u00e7\u00fcs\u00fc<br \/>\nBeden: 36\u00a0 Boy: 1.77\u00a0cm\u00a0 \u00a0 G\u00f6\u011f\u00fcs: 85 cm\u00a0 \u00a0 Bel: 62\u00a0cm\u00a0 \u00a0Kal\u00e7a: 92\u00a0cm<br \/>\n\u00dcr\u00fcn \u00d6l\u00e7\u00fcs\u00fc<br \/>\nBoy: 77\u00a0cm\u00a0 \u00a0 G\u00f6\u011f\u00fcs: 54\u00a0cm\u00a0 \u00a0 Bel: 35\u00a0cm\u00a0 \u00a0Kal\u00e7a: 46\u00a0cm<br \/>\nY\u0131kama Talimat\u0131 :<br \/>\n\u2013 Makine ile So\u011fuk Y\u0131kama Yap\u0131n\u0131z (30C veya 65F ile 85F)<br \/>\n\u2013 Kurutma Makinesinde Kurutulamaz<br \/>\n\u2013 Kuru Temizleme , Trikloretilen Ay\u0131r\u0131\u00e7\u0131s\u0131yla Az \u00c7\u00f6z\u00fcc\u00fc Kullan\u0131n\u0131z<br \/>\n\u2013 D\u00fc\u015f\u00fck Is\u0131da \u00dct\u00fcleme Yap\u0131n\u0131z<br \/>\n\u2013 \u00c7ama\u015f\u0131r Suyu Kullanmay\u0131n\u0131z<\/p>\n<p>\u2014 Technical Details \u2014<br \/>\nKuma\u015f Tipi: capella<br \/>\nKal\u0131p: Regular<br \/>\nKal\u0131p \u00d6zellikleri: Regular<br \/>\nBoy: 77<br \/>\nDesen: D\u00fcz<br \/>\nAstar Durumu: Astars\u0131z<br \/>\nBel: 35<br \/>\nCep: Var<br \/>\nKal\u0131nl\u0131k: \u0130nce<br \/>\nKemer Ku\u015fak Durumu: Kemersiz<br \/>\nKol Boyu: 47<br \/>\nKol Tipi: Standart<br \/>\nMateryal: Viskon Kar\u0131\u015f\u0131ml\u0131<br \/>\nPar\u00e7a Say\u0131s\u0131: 2<br \/>\nBeden Aral\u0131\u011f\u0131: 38\/44<\/p>\n","protected":false},"excerpt":{"rendered":"<p>Kuma\u015f : %30 Viskon %20 Pamuk %50 Akrilik Kol : 47\u00a0cm Yaka Tipi : Dik Yaka Desen : D\u00fcz Kal\u0131p : Rahat\u00a0Kal\u0131p Model \u00d6l\u00e7\u00fcs\u00fc Beden: 36\u00a0 Boy: 1.77\u00a0cm\u00a0 \u00a0 G\u00f6\u011f\u00fcs: 85 cm\u00a0 \u00a0 Bel: 62\u00a0cm\u00a0 \u00a0Kal\u00e7a: 92\u00a0cm \u00dcr\u00fcn \u00d6l\u00e7\u00fcs\u00fc Boy: 77\u00a0cm\u00a0 \u00a0 G\u00f6\u011f\u00fcs: 54\u00a0cm\u00a0 \u00a0 Bel: 35\u00a0cm\u00a0 \u00a0Kal\u00e7a: 46\u00a0cm Y\u0131kama Talimat\u0131 : \u2013 Makine ile [&hellip;]<\/p>\n","protected":false},"featured_media":57473,"comment_status":"open","ping_status":"closed","template":"","meta":[],"product_brand":[],"product_cat":[],"product_tag":[],"class_list":{"0":"post-57480","1":"product","2":"type-product","3":"status-publish","4":"has-post-thumbnail","7":"first","8":"instock","9":"sale","10":"shipping-taxable","11":"purchasable","12":"product-type-variable"},"_links":{"self":[{"href":"https:\/\/mod.wisdar.net\/tr\/wp-json\/wp\/v2\/product\/57480","targetHints":{"allow":["GET"]}}],"collection":[{"href":"https:\/\/mod.wisdar.net\/tr\/wp-json\/wp\/v2\/product"}],"about":[{"href":"https:\/\/mod.wisdar.net\/tr\/wp-json\/wp\/v2\/types\/product"}],"replies":[{"embeddable":true,"href":"https:\/\/mod.wisdar.net\/tr\/wp-json\/wp\/v2\/comments?post=57480"}],"wp:featuredmedia":[{"embeddable":true,"href":"https:\/\/mod.wisdar.net\/tr\/wp-json\/wp\/v2\/media\/57473"}],"wp:attachment":[{"href":"https:\/\/mod.wisdar.net\/tr\/wp-json\/wp\/v2\/media?parent=57480"}],"wp:term":[{"taxonomy":"product_brand","embeddable":true,"href":"https:\/\/mod.wisdar.net\/tr\/wp-json\/wp\/v2\/product_brand?post=57480"},{"taxonomy":"product_cat","embeddable":true,"href":"https:\/\/mod.wisdar.net\/tr\/wp-json\/wp\/v2\/product_cat?post=57480"},{"taxonomy":"product_tag","embeddable":true,"href":"https:\/\/mod.wisdar.net\/tr\/wp-json\/wp\/v2\/product_tag?post=57480"}],"curies":[{"name":"wp","href":"https:\/\/api.w.org\/{rel}","templated":true}]}}