{"id":57490,"date":"2025-11-02T14:00:55","date_gmt":"2025-11-02T14:00:55","guid":{"rendered":"https:\/\/modesthanim.com\/product\/ftz-kadin-dogal-renkli-takim-31176\/"},"modified":"2026-03-26T07:33:54","modified_gmt":"2026-03-26T07:33:54","slug":"ftz-kadin-dogal-renkli-takim-31176","status":"publish","type":"product","link":"https:\/\/mod.wisdar.net\/tr\/urun\/ftz-kadin-dogal-renkli-takim-31176\/","title":{"rendered":"FTZ Kad\u0131n Do\u011fal Renkli Tak\u0131m 31176"},"content":{"rendered":"<p>\u2014 Teknik Detaylar \u2014<br \/>\nKuma\u015f Tipi: DO\u011eAL<br \/>\nKal\u0131p: Normal<br \/>\nKal\u0131p \u00d6zellikleri: Normal<br \/>\n\u0130plik Tipi: Sidney<br \/>\nUzunluk: 80<br \/>\nDesen: D\u00fcz<br \/>\nAstar Durumu: Astars\u0131z<br \/>\nCep: Var<br \/>\nKal\u0131nl\u0131k: \u0130nce<br \/>\nKemer\/D\u00fc\u011f\u00fcm Durumu: Ba\u011fc\u0131kl\u0131<br \/>\nKol Tipi: Kolsuz<br \/>\nMalzeme: Viskon Kar\u0131\u015f\u0131m\u0131<br \/>\nPar\u00e7a Say\u0131s\u0131: 2<br \/>\nBeden Aral\u0131\u011f\u0131: 38\/44<\/p>\n","protected":false},"excerpt":{"rendered":"<p>\u2014 Teknik Detaylar \u2014 Kuma\u015f Tipi: DO\u011eAL Kal\u0131p: Normal Kal\u0131p \u00d6zellikleri: Normal \u0130plik Tipi: Sidney Uzunluk: 80 Desen: D\u00fcz Astar Durumu: Astars\u0131z Cep: Var Kal\u0131nl\u0131k: \u0130nce Kemer\/D\u00fc\u011f\u00fcm Durumu: Ba\u011fc\u0131kl\u0131 Kol Tipi: Kolsuz Malzeme: Viskon Kar\u0131\u015f\u0131m\u0131 Par\u00e7a Say\u0131s\u0131: 2 Beden Aral\u0131\u011f\u0131: 38\/44<\/p>\n","protected":false},"featured_media":57485,"comment_status":"open","ping_status":"closed","template":"","meta":[],"product_brand":[],"product_cat":[1900],"product_tag":[6744],"class_list":{"0":"post-57490","1":"product","2":"type-product","3":"status-publish","4":"has-post-thumbnail","6":"product_cat-koordinatlar-setler","7":"product_tag-kadin-modasi","8":"pa_brand-ftz-women","9":"pa_color-naturel","10":"pa_size-4706","11":"pa_size-4711","12":"pa_size-4713","13":"pa_size-4751","15":"first","16":"outofstock","17":"shipping-taxable","18":"product-type-variable"},"_links":{"self":[{"href":"https:\/\/mod.wisdar.net\/tr\/wp-json\/wp\/v2\/product\/57490","targetHints":{"allow":["GET"]}}],"collection":[{"href":"https:\/\/mod.wisdar.net\/tr\/wp-json\/wp\/v2\/product"}],"about":[{"href":"https:\/\/mod.wisdar.net\/tr\/wp-json\/wp\/v2\/types\/product"}],"replies":[{"embeddable":true,"href":"https:\/\/mod.wisdar.net\/tr\/wp-json\/wp\/v2\/comments?post=57490"}],"wp:featuredmedia":[{"embeddable":true,"href":"https:\/\/mod.wisdar.net\/tr\/wp-json\/wp\/v2\/media\/57485"}],"wp:attachment":[{"href":"https:\/\/mod.wisdar.net\/tr\/wp-json\/wp\/v2\/media?parent=57490"}],"wp:term":[{"taxonomy":"product_brand","embeddable":true,"href":"https:\/\/mod.wisdar.net\/tr\/wp-json\/wp\/v2\/product_brand?post=57490"},{"taxonomy":"product_cat","embeddable":true,"href":"https:\/\/mod.wisdar.net\/tr\/wp-json\/wp\/v2\/product_cat?post=57490"},{"taxonomy":"product_tag","embeddable":true,"href":"https:\/\/mod.wisdar.net\/tr\/wp-json\/wp\/v2\/product_tag?post=57490"}],"curies":[{"name":"wp","href":"https:\/\/api.w.org\/{rel}","templated":true}]}}