{"id":57516,"date":"2025-12-28T05:42:23","date_gmt":"2025-12-28T05:42:23","guid":{"rendered":"https:\/\/modesthanim.com\/product\/cep-kapakli-merserize-siyah-hirka\/"},"modified":"2026-04-03T06:51:12","modified_gmt":"2026-04-03T06:51:12","slug":"cep-kapakli-merserize-siyah-hirka","status":"publish","type":"product","link":"https:\/\/mod.wisdar.net\/tr\/urun\/cep-kapakli-merserize-siyah-hirka\/","title":{"rendered":"Cep Kapakl\u0131 Merserize Siyah H\u0131rka"},"content":{"rendered":"<p>CEP KAPAKLI MERSER\u0130ZE S\u0130YAH HIRKA \u00d6ZELL\u0130KLER\u0130<br \/>\nD\u00fc\u011fmeli, cep kapal\u0131, apolet detayl\u0131, tam kal\u0131p, k\u0131sa merserize h\u0131rka.<br \/>\nKuma\u015f \u0130\u00e7eri\u011fi ve Y\u0131kama Talimat:<br \/>\n%60 Viscon %40 Pes<br \/>\nMaksimum 30 derecede hassas y\u0131kama yap\u0131n\u0131z. Sentetik ve narin programlar\u0131 ile y\u0131kama yap\u0131n\u0131z.<br \/>\nManken \u00dcr\u00fcn Bedeni: S<br \/>\nManken \u00d6l\u00e7\u00fcleri: Boy: 1.72 cm, G\u00f6\u011f\u00fcs: 80 cm, Bel: 60 cm, Basen: 90 cm<\/p>\n","protected":false},"excerpt":{"rendered":"<p>CEP KAPAKLI MERSER\u0130ZE S\u0130YAH HIRKA \u00d6ZELL\u0130KLER\u0130 D\u00fc\u011fmeli, cep kapal\u0131, apolet detayl\u0131, tam kal\u0131p, k\u0131sa merserize h\u0131rka. Kuma\u015f \u0130\u00e7eri\u011fi ve Y\u0131kama<\/p>\n","protected":false},"featured_media":57509,"comment_status":"open","ping_status":"closed","template":"","meta":[],"product_brand":[],"product_cat":[12977],"product_tag":[],"class_list":{"0":"post-57516","1":"product","2":"type-product","3":"status-publish","4":"has-post-thumbnail","6":"product_cat-accessories-men","8":"first","9":"instock","10":"sale","11":"shipping-taxable","12":"purchasable","13":"product-type-variable"},"_links":{"self":[{"href":"https:\/\/mod.wisdar.net\/tr\/wp-json\/wp\/v2\/product\/57516","targetHints":{"allow":["GET"]}}],"collection":[{"href":"https:\/\/mod.wisdar.net\/tr\/wp-json\/wp\/v2\/product"}],"about":[{"href":"https:\/\/mod.wisdar.net\/tr\/wp-json\/wp\/v2\/types\/product"}],"replies":[{"embeddable":true,"href":"https:\/\/mod.wisdar.net\/tr\/wp-json\/wp\/v2\/comments?post=57516"}],"version-history":[{"count":0,"href":"https:\/\/mod.wisdar.net\/tr\/wp-json\/wp\/v2\/product\/57516\/revisions"}],"wp:featuredmedia":[{"embeddable":true,"href":"https:\/\/mod.wisdar.net\/tr\/wp-json\/wp\/v2\/media\/57509"}],"wp:attachment":[{"href":"https:\/\/mod.wisdar.net\/tr\/wp-json\/wp\/v2\/media?parent=57516"}],"wp:term":[{"taxonomy":"product_brand","embeddable":true,"href":"https:\/\/mod.wisdar.net\/tr\/wp-json\/wp\/v2\/product_brand?post=57516"},{"taxonomy":"product_cat","embeddable":true,"href":"https:\/\/mod.wisdar.net\/tr\/wp-json\/wp\/v2\/product_cat?post=57516"},{"taxonomy":"product_tag","embeddable":true,"href":"https:\/\/mod.wisdar.net\/tr\/wp-json\/wp\/v2\/product_tag?post=57516"}],"curies":[{"name":"wp","href":"https:\/\/api.w.org\/{rel}","templated":true}]}}