{"id":57552,"date":"2025-12-28T05:43:51","date_gmt":"2025-12-28T05:43:51","guid":{"rendered":"https:\/\/modesthanim.com\/product\/cep-kapakli-merserize-bordo-hirka\/"},"modified":"2026-04-03T06:52:23","modified_gmt":"2026-04-03T06:52:23","slug":"cep-kapakli-merserize-bordo-hirka","status":"publish","type":"product","link":"https:\/\/mod.wisdar.net\/tr\/urun\/cep-kapakli-merserize-bordo-hirka\/","title":{"rendered":"Cep Kapakl\u0131 Merserize Bordo H\u0131rka"},"content":{"rendered":"<p>CEP KAPAKLI MERSER\u0130ZE BORDO HIRKA \u00d6ZELL\u0130KLER\u0130D\u00fc\u011fmeli, cep kapal\u0131, apolet detayl\u0131, tam kal\u0131p, k\u0131sa merserize h\u0131rka.Kuma\u015f \u0130\u00e7eri\u011fi ve Y\u0131kama Talimat:%60 Viscon %40 PesMaksimum 30 derecede hassas y\u0131kama yap\u0131n\u0131z. Sentetik ve narin programlar\u0131 ile y\u0131kama yap\u0131n\u0131z.Manken \u00dcr\u00fcn Bedeni: SManken \u00d6l\u00e7\u00fcleri: Boy: 1.77 cm, G\u00f6\u011f\u00fcs: 81 cm, Bel: 62 cm, Basen: 92 cm<\/p>\n","protected":false},"excerpt":{"rendered":"<p>CEP KAPAKLI MERSER\u0130ZE BORDO HIRKA \u00d6ZELL\u0130KLER\u0130D\u00fc\u011fmeli, cep kapal\u0131, apolet detayl\u0131, tam kal\u0131p, k\u0131sa merserize h\u0131rka.Kuma\u015f \u0130\u00e7eri\u011fi ve Y\u0131kama Talimat:%60 Viscon %40 PesMaksimum 30 derecede hassas y\u0131kama yap\u0131n\u0131z. Sentetik ve narin programlar\u0131 ile y\u0131kama yap\u0131n\u0131z.Manken \u00dcr\u00fcn Bedeni: SManken \u00d6l\u00e7\u00fcleri: Boy: 1.77 cm, G\u00f6\u011f\u00fcs: 81 cm, Bel: 62 cm, Basen: 92 cm<\/p>\n","protected":false},"featured_media":57545,"comment_status":"open","ping_status":"closed","template":"","meta":[],"product_brand":[],"product_cat":[1909],"product_tag":[7150,7308,6744,7021],"class_list":{"0":"post-57552","1":"product","2":"type-product","3":"status-publish","4":"has-post-thumbnail","6":"product_cat-bluzlar-ve-gomlekler","7":"product_tag-bordo","8":"product_tag-hirka","9":"product_tag-kadin-modasi","10":"product_tag-polyester","11":"pa_brand-hooopstore","12":"pa_color-bordo","13":"pa_size-large","14":"pa_size-medium","15":"pa_size-small","17":"first","18":"instock","19":"sale","20":"shipping-taxable","21":"purchasable","22":"product-type-variable"},"_links":{"self":[{"href":"https:\/\/mod.wisdar.net\/tr\/wp-json\/wp\/v2\/product\/57552","targetHints":{"allow":["GET"]}}],"collection":[{"href":"https:\/\/mod.wisdar.net\/tr\/wp-json\/wp\/v2\/product"}],"about":[{"href":"https:\/\/mod.wisdar.net\/tr\/wp-json\/wp\/v2\/types\/product"}],"replies":[{"embeddable":true,"href":"https:\/\/mod.wisdar.net\/tr\/wp-json\/wp\/v2\/comments?post=57552"}],"wp:featuredmedia":[{"embeddable":true,"href":"https:\/\/mod.wisdar.net\/tr\/wp-json\/wp\/v2\/media\/57545"}],"wp:attachment":[{"href":"https:\/\/mod.wisdar.net\/tr\/wp-json\/wp\/v2\/media?parent=57552"}],"wp:term":[{"taxonomy":"product_brand","embeddable":true,"href":"https:\/\/mod.wisdar.net\/tr\/wp-json\/wp\/v2\/product_brand?post=57552"},{"taxonomy":"product_cat","embeddable":true,"href":"https:\/\/mod.wisdar.net\/tr\/wp-json\/wp\/v2\/product_cat?post=57552"},{"taxonomy":"product_tag","embeddable":true,"href":"https:\/\/mod.wisdar.net\/tr\/wp-json\/wp\/v2\/product_tag?post=57552"}],"curies":[{"name":"wp","href":"https:\/\/api.w.org\/{rel}","templated":true}]}}