{"id":57667,"date":"2025-12-17T19:49:38","date_gmt":"2025-12-17T19:49:38","guid":{"rendered":"https:\/\/modesthanim.com\/product\/ince-cizgili-uzun-kazak-kahve-bordo\/"},"modified":"2026-04-10T05:31:52","modified_gmt":"2026-04-10T05:31:52","slug":"ince-cizgili-uzun-kazak-kahve-bordo","status":"publish","type":"product","link":"https:\/\/mod.wisdar.net\/tr\/urun\/ince-cizgili-uzun-kazak-kahve-bordo\/","title":{"rendered":"\u0130nce \u00c7izgili Uzun Kazak Kahve-Bordo"},"content":{"rendered":"<p>%79 Akrilik ve %21 Polyester iplik kar\u0131\u015f\u0131m\u0131ndan \u00fcretilen bu kazak, yumu\u015fak dokusu ve formunu koruyan yap\u0131s\u0131yla g\u00fcnl\u00fck kullan\u0131ma uygun, dayan\u0131kl\u0131 bir se\u00e7enektir. Akrilik iplik, \u00f6rg\u00fcye hafiflik ve s\u0131cakl\u0131k kazand\u0131r\u0131rken, polyester lifler dayan\u0131kl\u0131l\u0131\u011f\u0131 art\u0131r\u0131r ve deformasyona kar\u015f\u0131 diren\u00e7 sa\u011flar. Bu kar\u0131\u015f\u0131m sayesinde kazak hem yumu\u015fak dokulu hem de uzun \u00f6m\u00fcrl\u00fc bir yap\u0131ya sahiptir.<br \/>\nModern \u00e7izgileriyle \u00f6ne \u00e7\u0131kan ince \u00e7izgili uzun kazak, bal\u0131k\u00e7\u0131 yaka detay\u0131yla rahatl\u0131k ve \u015f\u0131kl\u0131\u011f\u0131 bir arada sunar. Uzun formu, konforlu ve zarif bir g\u00f6r\u00fcn\u00fcm elde etmenizi sa\u011flar.<br \/>\nSade \u00e7izgili deseni, g\u00fcnl\u00fck ve casual kombinlere modern bir hava katar.Kendi bedeninizi tercih ediniz.Bak\u0131m \u00f6nerisi: 30\u00b0C\u2019de y\u0131kay\u0131n\u0131z. A\u011fart\u0131c\u0131 kullanmay\u0131n\u0131z. D\u00fc\u015f\u00fck \u0131s\u0131da \u00fct\u00fcleyiniz.<\/p>\n<p>Boy: 87 cm (\u00dcr\u00fcn boyu \u00fcretimler aras\u0131 1-5 cm de\u011fi\u015febilir. Bu boy \u00f6l\u00e7\u00fcs\u00fc \u00fcr\u00fcn\u00fcn d\u00fcz bir \u015fekilde yat\u0131r\u0131larak \u00f6l\u00e7\u00fclm\u00fc\u015f halidir. Giyildi\u011finde triko yap\u0131s\u0131 gere\u011fi a\u015fa\u011f\u0131 do\u011fru uzad\u0131\u011f\u0131ndan 5-8 cm aras\u0131 daha uzun olmaktad\u0131r.)<\/p>\n<p>Manken \u00d6l\u00e7\u00fcleri:Boy: 175 cmG\u00f6\u011f\u00fcs: 81 cmBel: 60 cmBasen: 89 cmMankenin \u00dczerindeki Beden: S<\/p>\n","protected":false},"excerpt":{"rendered":"<p>%79 Akrilik ve %21 Polyester iplik kar\u0131\u015f\u0131m\u0131ndan \u00fcretilen bu kazak, yumu\u015fak dokusu ve formunu koruyan yap\u0131s\u0131yla g\u00fcnl\u00fck kullan\u0131ma uygun, dayan\u0131kl\u0131 bir se\u00e7enektir. Akrilik iplik, \u00f6rg\u00fcye hafiflik ve s\u0131cakl\u0131k kazand\u0131r\u0131rken, polyester lifler dayan\u0131kl\u0131l\u0131\u011f\u0131 art\u0131r\u0131r ve deformasyona kar\u015f\u0131 diren\u00e7 sa\u011flar. Bu kar\u0131\u015f\u0131m sayesinde kazak hem yumu\u015fak dokulu hem de uzun \u00f6m\u00fcrl\u00fc bir yap\u0131ya sahiptir. Modern \u00e7izgileriyle \u00f6ne [&hellip;]<\/p>\n","protected":false},"featured_media":57663,"comment_status":"open","ping_status":"closed","template":"","meta":[],"product_brand":[],"product_cat":[1909],"product_tag":[7150,7328,7021],"class_list":{"0":"post-57667","1":"product","2":"type-product","3":"status-publish","4":"has-post-thumbnail","6":"product_cat-bluzlar-ve-gomlekler","7":"product_tag-bordo","8":"product_tag-kahverengi","9":"product_tag-polyester","10":"pa_brand-he-qa","11":"pa_color-kahve-bordo","12":"pa_size-l","13":"pa_size-m","14":"pa_size-s","16":"first","17":"instock","18":"sale","19":"shipping-taxable","20":"purchasable","21":"product-type-variable"},"_links":{"self":[{"href":"https:\/\/mod.wisdar.net\/tr\/wp-json\/wp\/v2\/product\/57667","targetHints":{"allow":["GET"]}}],"collection":[{"href":"https:\/\/mod.wisdar.net\/tr\/wp-json\/wp\/v2\/product"}],"about":[{"href":"https:\/\/mod.wisdar.net\/tr\/wp-json\/wp\/v2\/types\/product"}],"replies":[{"embeddable":true,"href":"https:\/\/mod.wisdar.net\/tr\/wp-json\/wp\/v2\/comments?post=57667"}],"wp:featuredmedia":[{"embeddable":true,"href":"https:\/\/mod.wisdar.net\/tr\/wp-json\/wp\/v2\/media\/57663"}],"wp:attachment":[{"href":"https:\/\/mod.wisdar.net\/tr\/wp-json\/wp\/v2\/media?parent=57667"}],"wp:term":[{"taxonomy":"product_brand","embeddable":true,"href":"https:\/\/mod.wisdar.net\/tr\/wp-json\/wp\/v2\/product_brand?post=57667"},{"taxonomy":"product_cat","embeddable":true,"href":"https:\/\/mod.wisdar.net\/tr\/wp-json\/wp\/v2\/product_cat?post=57667"},{"taxonomy":"product_tag","embeddable":true,"href":"https:\/\/mod.wisdar.net\/tr\/wp-json\/wp\/v2\/product_tag?post=57667"}],"curies":[{"name":"wp","href":"https:\/\/api.w.org\/{rel}","templated":true}]}}