{"id":57735,"date":"2025-12-28T05:56:30","date_gmt":"2025-12-28T05:56:30","guid":{"rendered":"https:\/\/modesthanim.com\/product\/utku-kahverengi-etek-takimi\/"},"modified":"2026-04-02T20:35:21","modified_gmt":"2026-04-02T20:35:21","slug":"utku-kahverengi-etek-takimi","status":"publish","type":"product","link":"https:\/\/mod.wisdar.net\/tr\/urun\/utku-kahverengi-etek-takimi\/","title":{"rendered":"Utku Kahverengi Etek Tak\u0131m\u0131"},"content":{"rendered":"<p>Ceket, desenli tasar\u0131ma sahip k\u0131\u015fl\u0131k poliviskon kuma\u015ftan yap\u0131lm\u0131\u015ft\u0131r. Tamamen d\u00fc\u011fmeli, astarl\u0131d\u0131r ve bir kemer ile gelir. Etek, deri kuma\u015ftan yap\u0131lm\u0131\u015f olup yan fermuarl\u0131d\u0131r. Ceket \u00f6l\u00e7\u00fcleri: Uzunluk 52cm, Omuz 42cm, G\u00f6\u011f\u00fcs 49cm. Etek \u00f6l\u00e7\u00fcleri: Uzunluk 93cm, Bel 37cm.<\/p>\n","protected":false},"excerpt":{"rendered":"<p>Ceket, desenli tasar\u0131ma sahip k\u0131\u015fl\u0131k poliviskon kuma\u015ftan yap\u0131lm\u0131\u015ft\u0131r. Tamamen d\u00fc\u011fmeli, astarl\u0131d\u0131r ve bir kemer ile gelir. Etek, deri kuma\u015ftan yap\u0131lm\u0131\u015f olup yan fermuarl\u0131d\u0131r. Ceket \u00f6l\u00e7\u00fcleri: Uzunluk 52cm, Omuz 42cm, G\u00f6\u011f\u00fcs 49cm. Etek \u00f6l\u00e7\u00fcleri: Uzunluk 93cm, Bel 37cm.<\/p>\n","protected":false},"featured_media":57732,"comment_status":"open","ping_status":"closed","template":"","meta":[],"product_brand":[],"product_cat":[],"product_tag":[],"class_list":{"0":"post-57735","1":"product","2":"type-product","3":"status-publish","4":"has-post-thumbnail","7":"first","8":"outofstock","9":"sale","10":"shipping-taxable","11":"purchasable","12":"product-type-variable"},"_links":{"self":[{"href":"https:\/\/mod.wisdar.net\/tr\/wp-json\/wp\/v2\/product\/57735","targetHints":{"allow":["GET"]}}],"collection":[{"href":"https:\/\/mod.wisdar.net\/tr\/wp-json\/wp\/v2\/product"}],"about":[{"href":"https:\/\/mod.wisdar.net\/tr\/wp-json\/wp\/v2\/types\/product"}],"replies":[{"embeddable":true,"href":"https:\/\/mod.wisdar.net\/tr\/wp-json\/wp\/v2\/comments?post=57735"}],"wp:featuredmedia":[{"embeddable":true,"href":"https:\/\/mod.wisdar.net\/tr\/wp-json\/wp\/v2\/media\/57732"}],"wp:attachment":[{"href":"https:\/\/mod.wisdar.net\/tr\/wp-json\/wp\/v2\/media?parent=57735"}],"wp:term":[{"taxonomy":"product_brand","embeddable":true,"href":"https:\/\/mod.wisdar.net\/tr\/wp-json\/wp\/v2\/product_brand?post=57735"},{"taxonomy":"product_cat","embeddable":true,"href":"https:\/\/mod.wisdar.net\/tr\/wp-json\/wp\/v2\/product_cat?post=57735"},{"taxonomy":"product_tag","embeddable":true,"href":"https:\/\/mod.wisdar.net\/tr\/wp-json\/wp\/v2\/product_tag?post=57735"}],"curies":[{"name":"wp","href":"https:\/\/api.w.org\/{rel}","templated":true}]}}