{"id":57864,"date":"2025-12-28T06:02:08","date_gmt":"2025-12-28T06:02:08","guid":{"rendered":"https:\/\/modesthanim.com\/product\/aysin-siyah-pantolon-takimi\/"},"modified":"2026-04-02T20:35:39","modified_gmt":"2026-04-02T20:35:39","slug":"aysin-siyah-pantolon-takimi","status":"publish","type":"product","link":"https:\/\/mod.wisdar.net\/tr\/urun\/aysin-siyah-pantolon-takimi\/","title":{"rendered":"Ay\u015fin Siyah Pantolon Tak\u0131m\u0131"},"content":{"rendered":"<p>Bu \u00fcr\u00fcn birinci s\u0131n\u0131f ipek kupra kuma\u015ftan \u00fcretilmi\u015ftir. Tunik bisiklet yakal\u0131d\u0131r ve fermuar detay\u0131 ile dikkat \u00e7eker. Pantolonun beli lastiklidir. Tunik Uzunlu\u011fu: 125cm, Omuz: 39cm, G\u00f6\u011f\u00fcs: 53cm Pantolon Uzunlu\u011fu: 112cm, Bel: 36cm \u2014 Teknik Detaylar \u2014 Tunik Uzunlu\u011fu: 125cm Tunik Omuz: 39cm Tunik G\u00f6\u011f\u00fcs: 53cm Pantolon Uzunlu\u011fu: 112cm Pantolon Bel: 36cm<\/p>\n","protected":false},"excerpt":{"rendered":"<p>Bu \u00fcr\u00fcn birinci s\u0131n\u0131f ipek kupra kuma\u015ftan \u00fcretilmi\u015ftir. Tunik bisiklet yakal\u0131d\u0131r ve fermuar detay\u0131 ile dikkat \u00e7eker. Pantolonun beli lastiklidir. Tunik Uzunlu\u011fu: 125cm, Omuz: 39cm, G\u00f6\u011f\u00fcs: 53cm Pantolon Uzunlu\u011fu: 112cm, Bel: 36cm \u2014 Teknik Detaylar \u2014 Tunik Uzunlu\u011fu: 125cm Tunik Omuz: 39cm Tunik G\u00f6\u011f\u00fcs: 53cm Pantolon Uzunlu\u011fu: 112cm Pantolon Bel: 36cm<\/p>\n","protected":false},"featured_media":57859,"comment_status":"open","ping_status":"closed","template":"","meta":[],"product_brand":[],"product_cat":[1900],"product_tag":[5012,6751,8107],"class_list":{"0":"post-57864","1":"product","2":"type-product","3":"status-publish","4":"has-post-thumbnail","6":"product_cat-koordinatlar-setler","7":"product_tag-elegant","8":"product_tag-rahat","9":"product_tag-sik","10":"pa_brand-butikkolik","11":"pa_color-siyah","12":"pa_size-1-38-40","13":"pa_size-1-40-42","14":"pa_size-2-42-44","15":"pa_size-2-44-46","16":"pa_size-3-46-48","17":"pa_size-3-48-50","19":"first","20":"outofstock","21":"shipping-taxable","22":"product-type-variable"},"_links":{"self":[{"href":"https:\/\/mod.wisdar.net\/tr\/wp-json\/wp\/v2\/product\/57864","targetHints":{"allow":["GET"]}}],"collection":[{"href":"https:\/\/mod.wisdar.net\/tr\/wp-json\/wp\/v2\/product"}],"about":[{"href":"https:\/\/mod.wisdar.net\/tr\/wp-json\/wp\/v2\/types\/product"}],"replies":[{"embeddable":true,"href":"https:\/\/mod.wisdar.net\/tr\/wp-json\/wp\/v2\/comments?post=57864"}],"wp:featuredmedia":[{"embeddable":true,"href":"https:\/\/mod.wisdar.net\/tr\/wp-json\/wp\/v2\/media\/57859"}],"wp:attachment":[{"href":"https:\/\/mod.wisdar.net\/tr\/wp-json\/wp\/v2\/media?parent=57864"}],"wp:term":[{"taxonomy":"product_brand","embeddable":true,"href":"https:\/\/mod.wisdar.net\/tr\/wp-json\/wp\/v2\/product_brand?post=57864"},{"taxonomy":"product_cat","embeddable":true,"href":"https:\/\/mod.wisdar.net\/tr\/wp-json\/wp\/v2\/product_cat?post=57864"},{"taxonomy":"product_tag","embeddable":true,"href":"https:\/\/mod.wisdar.net\/tr\/wp-json\/wp\/v2\/product_tag?post=57864"}],"curies":[{"name":"wp","href":"https:\/\/api.w.org\/{rel}","templated":true}]}}